{"id":7462,"date":"2024-09-11T22:25:04","date_gmt":"2024-09-11T19:25:04","guid":{"rendered":"https:\/\/www.makitamarket.com.tr\/site\/urun\/lavor-zemin-yikama-otomati-400w\/"},"modified":"2026-04-13T18:57:44","modified_gmt":"2026-04-13T15:57:44","slug":"lavor-zemin-yikama-otomati-400w","status":"publish","type":"product","link":"https:\/\/www.makitamarket.com.tr\/site\/urun\/lavor-zemin-yikama-otomati-400w\/","title":{"rendered":"Lavor SCL QUICK 36 E ZEM\u0130N YIKAMA OTOMATI 400W"},"content":{"rendered":"<table>\n<tr>\n<td>Saatteki Maks. \u00c7al\u0131\u015fma Alan\u0131<\/td>\n<td>1.260 m2\/h<\/td>\n<\/tr>\n<tr>\n<td>F\u0131r\u00e7a \u00e7ap\u0131<\/td>\n<td>360 mm<\/td>\n<\/tr>\n<tr>\n<td>Vakum Geni\u015fli\u011fi<\/td>\n<td>460 mm<\/td>\n<\/tr>\n<tr>\n<td>A\u011f\u0131rl\u0131k<\/td>\n<td>38 kg.<\/td>\n<\/tr>\n<tr>\n<td>F\u0131r\u00e7a Motor G\u00fcc\u00fc<\/td>\n<td>370 W<\/td>\n<\/tr>\n<tr>\n<td>Vakum Motoru<\/td>\n<td>850 mm H20\/400W<\/td>\n<\/tr>\n<tr>\n<td>Temiz Su Tank\u0131<\/td>\n<td>11 lt<\/td>\n<\/tr>\n<tr>\n<td>Kirli Su Tank\u0131<\/td>\n<td>12-13 Lt.<\/td>\n<\/tr>\n<tr>\n<td>Voltaj<\/td>\n<td>230V &#8211; 50Hz<\/td>\n<\/tr>\n<tr>\n<td>\u00d6l\u00e7\u00fcler<\/td>\n<td>120x43x97<\/td>\n<\/tr>\n<\/table>\n","protected":false},"excerpt":{"rendered":"<p>Saatteki Maks. \u00c7al\u0131\u015fma Alan\u0131 1.260 m2\/h F\u0131r\u00e7a \u00e7ap\u0131 360 mm Vakum Geni\u015fli\u011fi 460 mm A\u011f\u0131rl\u0131k 38 kg. F\u0131r\u00e7a Motor G\u00fcc\u00fc 370 W Vakum Motoru 850 mm H20\/400W Temiz Su Tank\u0131<\/p>\n","protected":false},"featured_media":8151,"comment_status":"open","ping_status":"closed","template":"","meta":{"_acf_changed":false},"product_brand":[1493],"product_cat":[767],"product_tag":[],"class_list":{"0":"post-7462","1":"product","2":"type-product","3":"status-publish","4":"has-post-thumbnail","6":"product_brand-lavor","7":"product_cat-zemin-yikama-otomatlari","9":"first","10":"instock","11":"taxable","12":"shipping-taxable","13":"purchasable","14":"product-type-simple","15":"add-to-wishlist-after_add_to_cart"},"acf":[],"_links":{"self":[{"href":"https:\/\/www.makitamarket.com.tr\/site\/wp-json\/wp\/v2\/product\/7462","targetHints":{"allow":["GET"]}}],"collection":[{"href":"https:\/\/www.makitamarket.com.tr\/site\/wp-json\/wp\/v2\/product"}],"about":[{"href":"https:\/\/www.makitamarket.com.tr\/site\/wp-json\/wp\/v2\/types\/product"}],"replies":[{"embeddable":true,"href":"https:\/\/www.makitamarket.com.tr\/site\/wp-json\/wp\/v2\/comments?post=7462"}],"wp:featuredmedia":[{"embeddable":true,"href":"https:\/\/www.makitamarket.com.tr\/site\/wp-json\/wp\/v2\/media\/8151"}],"wp:attachment":[{"href":"https:\/\/www.makitamarket.com.tr\/site\/wp-json\/wp\/v2\/media?parent=7462"}],"wp:term":[{"taxonomy":"product_brand","embeddable":true,"href":"https:\/\/www.makitamarket.com.tr\/site\/wp-json\/wp\/v2\/product_brand?post=7462"},{"taxonomy":"product_cat","embeddable":true,"href":"https:\/\/www.makitamarket.com.tr\/site\/wp-json\/wp\/v2\/product_cat?post=7462"},{"taxonomy":"product_tag","embeddable":true,"href":"https:\/\/www.makitamarket.com.tr\/site\/wp-json\/wp\/v2\/product_tag?post=7462"}],"curies":[{"name":"wp","href":"https:\/\/api.w.org\/{rel}","templated":true}]}}