{"id":7471,"date":"2024-09-11T22:25:16","date_gmt":"2024-09-11T19:25:16","guid":{"rendered":"https:\/\/www.makitamarket.com.tr\/site\/urun\/makita-elektropnomatik-kirici-delici-40v\/"},"modified":"2026-04-06T12:18:04","modified_gmt":"2026-04-06T09:18:04","slug":"makita-elektropnomatik-kirici-delici-40v","status":"publish","type":"product","link":"https:\/\/www.makitamarket.com.tr\/site\/urun\/makita-elektropnomatik-kirici-delici-40v\/","title":{"rendered":"Makita HR003GM201 ELEKTROPN\u00d6MAT\u0130K KIRICI &#8211; DEL\u0130C\u0130 40V"},"content":{"rendered":"<p><span style=\"background-color: white; color: rgb(33, 37, 41);\">Model HR003GM201<\/span><\/p>\n<p><span style=\"background-color: white; color: rgb(33, 37, 41);\">Elektropn\u00f6matik K\u0131r\u0131c\u0131- Delici<\/span><\/p>\n<p><span style=\"background-color: white; color: rgb(33, 37, 41);\">40V maks. \u2022 SDS-PLUS \u2022 28 mm \u2022 2,8 J<\/span><\/p>\n<p><span style=\"background-color: white; color: rgb(0, 112, 192);\">Verimli&nbsp;Elektropn\u00f6matik k\u0131r\u0131c\u0131-delici HR003GM201 profesyonel i\u015fler i\u00e7in y\u00fcksek g\u00fc\u00e7 sunar.<\/span><\/p>\n<p><span style=\"background-color: white; color: rgb(33, 37, 41);\">Alet hafiftir ve aletin dengesi daha fazla kullan\u0131labilirlik i\u00e7in yeniden tasarlanm\u0131\u015ft\u0131r. HR003G, Anti titre\u015fim teknolojisi (AVT) ile donat\u0131lm\u0131\u015ft\u0131r. Makine ayr\u0131ca DX12 toz \u00e7ekme sistemine de ba\u011flanabilir.&nbsp;Darbe enerjisi 2.8J ve dakikada darbe say\u0131s\u0131 0-980\u2019dir.<\/span><\/p>\n<p><span style=\"color: red;\">Kullan\u0131m amac\u0131: <\/span>Bu alet tu\u011fla,beton ve ta\u015f malzemelerde delme, darbeli delme ve bunun yan\u0131 s\u0131ra yontma i\u015flemi i\u00e7in tasarlanm\u0131\u015ft\u0131r. Bu alet ah\u015fap, metal, seramik ve plastik malzemelerde darbesiz delme i\u015flemleri i\u00e7in de uygundur.<\/p>\n<p><u>\u00d6zellikleri:<\/u><\/p>\n<p>40V,XGT,AWS,AVT,SOFT NO LOAD BL MOTOR,XPT,\u00c7\u0130FT AK\u00dcL\u00dc<\/p>\n<p>XGT(Next Generation Technology Extreme Power); yenilik\u00e7i tasar\u0131m ve 40 volt ak\u00fclerle zorlu taleplerin kar\u015f\u0131land\u0131\u011f\u0131 in\u015faat,end\u00fcstri,bah\u00e7ecilik ve bir\u00e7ok alanda kullan\u0131labilen \u00fcr\u00fcnlerin kar\u0131\u015f\u0131m\u0131d\u0131r.XGT ak\u00fcleri son derece dayan\u0131kl\u0131 olacak \u015fekilde tasarlanm\u0131\u015f olup ak\u00fcleri su ge\u00e7irmez \u00fc\u00e7 katmanl\u0131 bir yap\u0131ya ve darbelere kar\u015f\u0131 korunakl\u0131 olacak \u015fekilde tasarlanm\u0131\u015ft\u0131r.<\/p>\n<p>BL Motor\/K\u00f6m\u00fcrs\u00fcz Motor mevcuttur. K\u00f6m\u00fcrs\u00fcz motor sayesinde \u00e7al\u0131\u015fma esnas\u0131nda olu\u015fan \u0131s\u0131 enerjisi kaybolmaz ve makinenin g\u00fcc\u00fcne iletilir.<\/p>\n<p>XPT(Ekstra Koruma Teknolojisi) sayesinde nemli ve ya\u011fmurlu ortamlarda kullan\u0131labilir. D\u00fc\u015fmeye kar\u015f\u0131 ekstra dayan\u0131kl\u0131d\u0131r<\/p>\n<p>AVT(Titre\u015fim \u00d6nleme Teknolojisi); \u00e7al\u0131\u015fma esnas\u0131nda olu\u015fan titre\u015fim, makine i\u00e7inde s\u00f6n\u00fcmlenir ve kullan\u0131c\u0131ya yans\u0131ma azalt\u0131l\u0131r. Kullan\u0131c\u0131 yorulmadan, uzun s\u00fcreli makineyi kullanabilir.<\/p>\n<p>AWS( Uzaktan Ba\u011flanma Teknolojisi);bluetooth ile makineleri birbirine ba\u011flama \u00f6zelli\u011fi sunar.<\/p>\n<p>Soft No Load(Yumu\u015fak Ba\u015flama Teknolojisi);makine ilk \u00e7al\u0131\u015ft\u0131\u011f\u0131 anda tam devrine ula\u015fmaz.Kademeli olarak devir artar ve b\u00f6ylece i\u015f par\u00e7as\u0131 zarar g\u00f6rmez.<\/p>\n<ol>\n<li data-list=\"ordered\"><span class=\"ql-ui\" contenteditable=\"false\"><\/span>De\u011fi\u015fken h\u0131z \u00f6zelli\u011fi vard\u0131r.<\/li>\n<li data-list=\"ordered\"><span class=\"ql-ui\" contenteditable=\"false\"><\/span>Elektrik freni mevcuttur.<\/li>\n<li data-list=\"ordered\"><span class=\"ql-ui\" contenteditable=\"false\"><\/span><span style=\"color: black;\">Sabit h\u0131z \u00f6zelli\u011fi vard\u0131r.<\/span><\/li>\n<li data-list=\"ordered\"><span class=\"ql-ui\" contenteditable=\"false\"><\/span>Sa\u011f-sol d\u00f6n\u00fc\u015f ayarl\u0131d\u0131r.<\/li>\n<li data-list=\"ordered\"><span class=\"ql-ui\" contenteditable=\"false\"><\/span>U\u00e7 s\u0131k\u0131\u015fmalar\u0131nda alet ve kullan\u0131c\u0131n\u0131n zarar g\u00f6rmesini \u00f6nlemek i\u00e7in tork s\u0131n\u0131rland\u0131r\u0131c\u0131 \u00f6zelli\u011fi vard\u0131r.<\/li>\n<li data-list=\"ordered\"><span class=\"ql-ui\" contenteditable=\"false\"><\/span>SDS-Plus tip ba\u011flant\u0131 \u00f6zellikli k\u0131r\u0131c\u0131 ve delici u\u00e7lar ile kullan\u0131l\u0131r.<\/li>\n<li data-list=\"ordered\"><span class=\"ql-ui\" contenteditable=\"false\"><\/span>Toz emme \u00fcnitesi mevcuttur,<\/li>\n<li data-list=\"ordered\"><span class=\"ql-ui\" contenteditable=\"false\"><\/span>Led \u0131\u015f\u0131\u011f\u0131 vard\u0131r<\/li>\n<li data-list=\"ordered\"><span class=\"ql-ui\" contenteditable=\"false\"><\/span>Plastik ta\u015f\u0131ma \u00e7antal\u0131d\u0131r.<\/li>\n<\/ol>\n<p>Ambalaj i\u00e7eri\u011fi:Yan sap,derinlik mesnedi, \u00e7ift ak\u00fc,\u015farj cihaz\u0131<\/p>\n<table>\n<tr>\n<td>Bo\u015fta Devir<\/td>\n<td>0-980 devir\/dk<\/td>\n<\/tr>\n<tr>\n<td>Darbe enerjisi<\/td>\n<td>2.8 J<\/td>\n<\/tr>\n<tr>\n<td>G\u00fc\u00e7-Kapasite<\/td>\n<td>40V\/4.0Ah\/Li-ion<\/td>\n<\/tr>\n<tr>\n<td>Ak\u00fc \/ \u015earj Cihaz\u0131<\/td>\n<td>BL4040 \/ DC40RA<\/td>\n<\/tr>\n<tr>\n<td>Net A\u011f\u0131rl\u0131k<\/td>\n<td>4.0<\/td>\n<\/tr>\n<tr>\n<td>Kapasite<\/td>\n<td>Beton:28mm, \u00c7elik:13mm, Ah\u015fap:32mm<\/td>\n<\/tr>\n<\/table>\n","protected":false},"excerpt":{"rendered":"<p><span style=\"background-color: white; color: rgb(33, 37, 41);\">Model HR003GM201<\/span><\/p>\n<p><span style=\"background-color: white; color: rgb(33, 37, 41);\">Elektropn\u00f6matik K\u0131r\u0131c\u0131- Delici<\/span><\/p>\n<p><span style=\"background-color: white; color: rgb(33, 37, 41);\">40V maks. \u2022 SDS-PLUS \u2022 28 mm \u2022 2,8 J<\/span><\/p>\n<p><span style=\"background-color: white; color: rgb(0, 112, 192);\">Verimli&nbsp;Elektropn\u00f6matik k\u0131r\u0131c\u0131-delici HR003GM201 profesyonel i\u015fler i\u00e7in y\u00fcksek g\u00fc\u00e7 sunar.<\/span><\/p>\n<p><span style=\"background-color: white; color: rgb(33, 37, 41);\">Alet hafiftir ve aletin dengesi daha fazla kullan\u0131labilirlik i\u00e7in yeniden tasarlanm\u0131\u015ft\u0131r. HR003G, Anti titre\u015fim teknolojisi (AVT) ile donat\u0131lm\u0131\u015ft\u0131r. Makine ayr\u0131ca DX12 toz \u00e7ekme sistemine de ba\u011flanabilir.&nbsp;Darbe enerjisi 2.8J ve dakikada darbe say\u0131s\u0131 0-980\u2019dir.<\/span><\/p>\n<p><span style=\"color: red;\">Kullan\u0131m amac\u0131: <\/span>Bu alet tu\u011fla,beton ve ta\u015f malzemelerde delme, darbeli delme ve bunun yan\u0131 s\u0131ra yontma i\u015flemi i\u00e7in tasarlanm\u0131\u015ft\u0131r. Bu alet ah\u015fap, metal, seramik ve plastik malzemelerde darbesiz delme i\u015flemleri i\u00e7in de uygundur.<\/p>\n<p><u>\u00d6zellikleri:<\/u><\/p>\n<p>40V,XGT,AWS,AVT,SOFT NO LOAD BL MOTOR,XPT,\u00c7\u0130FT AK\u00dcL\u00dc<\/p>\n<p>XGT(Next Generation Technology Extreme Power); yenilik\u00e7i tasar\u0131m ve 40 volt ak\u00fclerle zorlu taleplerin kar\u015f\u0131land\u0131\u011f\u0131 in\u015faat,end\u00fcstri,bah\u00e7ecilik ve bir\u00e7ok alanda kullan\u0131labilen \u00fcr\u00fcnlerin kar\u0131\u015f\u0131m\u0131d\u0131r.XGT ak\u00fcleri son derece dayan\u0131kl\u0131 olacak \u015fekilde tasarlanm\u0131\u015f olup ak\u00fcleri su ge\u00e7irmez \u00fc\u00e7 katmanl\u0131 bir yap\u0131ya ve darbelere kar\u015f\u0131 korunakl\u0131 olacak \u015fekilde tasarlanm\u0131\u015ft\u0131r.<\/p>\n<p>BL Motor\/K\u00f6m\u00fcrs\u00fcz Motor mevcuttur. K\u00f6m\u00fcrs\u00fcz motor sayesinde \u00e7al\u0131\u015fma esnas\u0131nda olu\u015fan \u0131s\u0131 enerjisi kaybolmaz ve makinenin g\u00fcc\u00fcne iletilir.<\/p>\n<p>XPT(Ekstra Koruma Teknolojisi) sayesinde nemli ve ya\u011fmurlu ortamlarda kullan\u0131labilir. D\u00fc\u015fmeye kar\u015f\u0131 ekstra dayan\u0131kl\u0131d\u0131r<\/p>\n<p>AVT(Titre\u015fim \u00d6nleme Teknolojisi); \u00e7al\u0131\u015fma esnas\u0131nda olu\u015fan titre\u015fim, makine i\u00e7inde s\u00f6n\u00fcmlenir ve kullan\u0131c\u0131ya yans\u0131ma azalt\u0131l\u0131r. Kullan\u0131c\u0131 yorulmadan, uzun s\u00fcreli makineyi kullanabilir.<\/p>\n<p>AWS( Uzaktan Ba\u011flanma Teknolojisi);bluetooth ile makineleri birbirine ba\u011flama \u00f6zelli\u011fi sunar.<\/p>\n<p>Soft No Load(Yumu\u015fak Ba\u015flama Teknolojisi);makine ilk \u00e7al\u0131\u015ft\u0131\u011f\u0131 anda tam devrine ula\u015fmaz.Kademeli olarak devir artar ve b\u00f6ylece i\u015f par\u00e7as\u0131 zarar g\u00f6rmez.<\/p>\n<ol>\n<li data-list=\"ordered\"><span class=\"ql-ui\" contenteditable=\"false\"><\/span>De\u011fi\u015fken h\u0131z \u00f6zelli\u011fi vard\u0131r.<\/li>\n<li data-list=\"ordered\"><span class=\"ql-ui\" contenteditable=\"false\"><\/span>Elektrik freni mevcuttur.<\/li>\n<li data-list=\"ordered\"><span class=\"ql-ui\" contenteditable=\"false\"><\/span><span style=\"color: black;\">Sabit h\u0131z \u00f6zelli\u011fi vard\u0131r.<\/span><\/li>\n<li data-list=\"ordered\"><span class=\"ql-ui\" contenteditable=\"false\"><\/span>Sa\u011f-sol d\u00f6n\u00fc\u015f ayarl\u0131d\u0131r.<\/li>\n<li data-list=\"ordered\"><span class=\"ql-ui\" contenteditable=\"false\"><\/span>U\u00e7 s\u0131k\u0131\u015fmalar\u0131nda alet ve kullan\u0131c\u0131n\u0131n zarar g\u00f6rmesini \u00f6nlemek i\u00e7in tork s\u0131n\u0131rland\u0131r\u0131c\u0131 \u00f6zelli\u011fi vard\u0131r.<\/li>\n<li data-list=\"ordered\"><span class=\"ql-ui\" contenteditable=\"false\"><\/span>SDS-Plus tip ba\u011flant\u0131 \u00f6zellikli k\u0131r\u0131c\u0131 ve delici u\u00e7lar ile kullan\u0131l\u0131r.<\/li>\n<li data-list=\"ordered\"><span class=\"ql-ui\" contenteditable=\"false\"><\/span>Toz emme \u00fcnitesi mevcuttur,<\/li>\n<li data-list=\"ordered\"><span class=\"ql-ui\" contenteditable=\"false\"><\/span>Led \u0131\u015f\u0131\u011f\u0131 vard\u0131r<\/li>\n<li data-list=\"ordered\"><span class=\"ql-ui\" contenteditable=\"false\"><\/span>Plastik ta\u015f\u0131ma \u00e7antal\u0131d\u0131r.<\/li>\n<\/ol>\n<p>Ambalaj i\u00e7eri\u011fi:Yan sap,derinlik mesnedi, \u00e7ift ak\u00fc,\u015farj cihaz\u0131<\/p>\n","protected":false},"featured_media":8414,"comment_status":"open","ping_status":"closed","template":"","meta":{"_acf_changed":false},"product_brand":[1485],"product_cat":[785],"product_tag":[],"class_list":{"0":"post-7471","1":"product","2":"type-product","3":"status-publish","4":"has-post-thumbnail","6":"product_brand-makita","7":"product_cat-40-volt","9":"first","10":"instock","11":"taxable","12":"shipping-taxable","13":"purchasable","14":"product-type-simple","15":"add-to-wishlist-after_add_to_cart"},"acf":[],"_links":{"self":[{"href":"https:\/\/www.makitamarket.com.tr\/site\/wp-json\/wp\/v2\/product\/7471","targetHints":{"allow":["GET"]}}],"collection":[{"href":"https:\/\/www.makitamarket.com.tr\/site\/wp-json\/wp\/v2\/product"}],"about":[{"href":"https:\/\/www.makitamarket.com.tr\/site\/wp-json\/wp\/v2\/types\/product"}],"replies":[{"embeddable":true,"href":"https:\/\/www.makitamarket.com.tr\/site\/wp-json\/wp\/v2\/comments?post=7471"}],"wp:featuredmedia":[{"embeddable":true,"href":"https:\/\/www.makitamarket.com.tr\/site\/wp-json\/wp\/v2\/media\/8414"}],"wp:attachment":[{"href":"https:\/\/www.makitamarket.com.tr\/site\/wp-json\/wp\/v2\/media?parent=7471"}],"wp:term":[{"taxonomy":"product_brand","embeddable":true,"href":"https:\/\/www.makitamarket.com.tr\/site\/wp-json\/wp\/v2\/product_brand?post=7471"},{"taxonomy":"product_cat","embeddable":true,"href":"https:\/\/www.makitamarket.com.tr\/site\/wp-json\/wp\/v2\/product_cat?post=7471"},{"taxonomy":"product_tag","embeddable":true,"href":"https:\/\/www.makitamarket.com.tr\/site\/wp-json\/wp\/v2\/product_tag?post=7471"}],"curies":[{"name":"wp","href":"https:\/\/api.w.org\/{rel}","templated":true}]}}