{"id":7477,"date":"2024-09-11T22:26:05","date_gmt":"2024-09-11T19:26:05","guid":{"rendered":"https:\/\/www.makitamarket.com.tr\/site\/urun\/powerwash-powerwash-hy31-hali-yikama-otamati\/"},"modified":"2025-07-11T18:39:01","modified_gmt":"2025-07-11T15:39:01","slug":"powerwash-powerwash-hy31-hali-yikama-otamati","status":"publish","type":"product","link":"https:\/\/www.makitamarket.com.tr\/site\/urun\/powerwash-powerwash-hy31-hali-yikama-otamati\/","title":{"rendered":"Powerwash HY31 POWERWASH HY31 HALI YIKAMA OTAMATI"},"content":{"rendered":"<table>\n<tr>\n<td>G\u00fc\u00e7<\/td>\n<td>2500 Watt \/ 220-50Hz<\/td>\n<\/tr>\n<tr>\n<td>F\u0131r\u00e7a H\u0131z\u0131<\/td>\n<td>1400 rpm<\/td>\n<\/tr>\n<tr>\n<td>Rulo F\u0131r\u00e7a Geni\u015fli\u011fi<\/td>\n<td>400mm<\/td>\n<\/tr>\n<tr>\n<td>Pompa Motoru<\/td>\n<td>110 Watt<\/td>\n<\/tr>\n<tr>\n<td>Kirli Su Tank\u0131<\/td>\n<td>38 lt<\/td>\n<\/tr>\n<tr>\n<td>F\u0131r\u00e7a Motoru<\/td>\n<td>180 Watt<\/td>\n<\/tr>\n<tr>\n<td>Temiz Su Tank\u0131<\/td>\n<td>21 lt<\/td>\n<\/tr>\n<tr>\n<td>Kablo Uzunlu\u011fu<\/td>\n<td>18 m<\/td>\n<\/tr>\n<tr>\n<td>A\u011f\u0131rl\u0131k<\/td>\n<td>74 kg<\/td>\n<\/tr>\n<\/table>\n","protected":false},"excerpt":{"rendered":"<p>G\u00fc\u00e7 2500 Watt \/ 220-50Hz F\u0131r\u00e7a H\u0131z\u0131 1400 rpm Rulo F\u0131r\u00e7a Geni\u015fli\u011fi 400mm Pompa Motoru 110 Watt Kirli Su Tank\u0131 38 lt F\u0131r\u00e7a Motoru 180 Watt Temiz Su Tank\u0131 21<\/p>\n","protected":false},"featured_media":0,"comment_status":"open","ping_status":"closed","template":"","meta":{"_acf_changed":false},"product_brand":[],"product_cat":[15],"product_tag":[],"class_list":{"0":"post-7477","1":"product","2":"type-product","3":"status-publish","5":"product_cat-genel","7":"first","8":"outofstock","9":"taxable","10":"shipping-taxable","11":"purchasable","12":"product-type-simple","13":"add-to-wishlist-after_add_to_cart"},"acf":[],"_links":{"self":[{"href":"https:\/\/www.makitamarket.com.tr\/site\/wp-json\/wp\/v2\/product\/7477","targetHints":{"allow":["GET"]}}],"collection":[{"href":"https:\/\/www.makitamarket.com.tr\/site\/wp-json\/wp\/v2\/product"}],"about":[{"href":"https:\/\/www.makitamarket.com.tr\/site\/wp-json\/wp\/v2\/types\/product"}],"replies":[{"embeddable":true,"href":"https:\/\/www.makitamarket.com.tr\/site\/wp-json\/wp\/v2\/comments?post=7477"}],"wp:attachment":[{"href":"https:\/\/www.makitamarket.com.tr\/site\/wp-json\/wp\/v2\/media?parent=7477"}],"wp:term":[{"taxonomy":"product_brand","embeddable":true,"href":"https:\/\/www.makitamarket.com.tr\/site\/wp-json\/wp\/v2\/product_brand?post=7477"},{"taxonomy":"product_cat","embeddable":true,"href":"https:\/\/www.makitamarket.com.tr\/site\/wp-json\/wp\/v2\/product_cat?post=7477"},{"taxonomy":"product_tag","embeddable":true,"href":"https:\/\/www.makitamarket.com.tr\/site\/wp-json\/wp\/v2\/product_tag?post=7477"}],"curies":[{"name":"wp","href":"https:\/\/api.w.org\/{rel}","templated":true}]}}