{"id":7482,"date":"2024-09-11T22:26:10","date_gmt":"2024-09-11T19:26:10","guid":{"rendered":"https:\/\/www.makitamarket.com.tr\/site\/urun\/virax-virax-2912-00-elektrikli-kanal-acma\/"},"modified":"2026-03-30T07:04:51","modified_gmt":"2026-03-30T04:04:51","slug":"virax-virax-2912-00-elektrikli-kanal-acma","status":"publish","type":"product","link":"https:\/\/www.makitamarket.com.tr\/site\/urun\/virax-virax-2912-00-elektrikli-kanal-acma\/","title":{"rendered":"Virax 291200 VIRAX 2912 00 ELEKTR\u0130KL\u0130 KANAL A\u00c7MA"},"content":{"rendered":"<div>\n\t<strong>Sevkiyat Kapsam\u0131<\/strong><\/div>\n<div>\n\t1 Adet Delici Burgu,<br \/>\n\t1 Adet \u00d8 38 mm kesici,<br \/>\n\t1 Adet \u00d8 50 mm spiral ba\u015fl\u0131k,<br \/>\n\t1 Adet Konik Burgu,<br \/>\n\t1 \u00c7ift Eldiven<\/div>\n<table>\n<tr>\n<td>Motor<\/td>\n<td>230V\/50Hz-2580w 165 dev\/dak \u00c7ift y\u00f6nl\u00fc d\u00f6n\u00fc\u015f<\/td>\n<\/tr>\n<tr>\n<td>Boru \u00d6l\u00e7\u00fcs\u00fc<\/td>\n<td>50-75 mm<\/td>\n<\/tr>\n<tr>\n<td>Kablo \u00c7ap\u0131<\/td>\n<td>9,5 mm<\/td>\n<\/tr>\n<tr>\n<td>Maksimum Spiral Uzunlu\u011fu<\/td>\n<td>15 m<\/td>\n<\/tr>\n<tr>\n<td>A\u011f\u0131rl\u0131k<\/td>\n<td>36 kg<\/td>\n<\/tr>\n<tr>\n<td>\u00d6zellikleri<\/td>\n<td>Elektrikli kablo besleme ve geri toplama.<\/td>\n<\/tr>\n<\/table>\n","protected":false},"excerpt":{"rendered":"<div>\n\t<strong>Sevkiyat Kapsam\u0131<\/strong><\/div>\n<div>\n\t1 Adet Delici Burgu,<br \/>\n\t1 Adet \u00d8 38 mm kesici,<br \/>\n\t1 Adet \u00d8 50 mm spiral ba\u015fl\u0131k,<br \/>\n\t1 Adet Konik Burgu,<br \/>\n\t1 \u00c7ift Eldiven<\/div>\n","protected":false},"featured_media":8161,"comment_status":"open","ping_status":"closed","template":"","meta":{"_acf_changed":false},"product_brand":[1495],"product_cat":[752],"product_tag":[],"class_list":{"0":"post-7482","1":"product","2":"type-product","3":"status-publish","4":"has-post-thumbnail","6":"product_brand-virax","7":"product_cat-boru-temizleme-makinalari","9":"first","10":"instock","11":"taxable","12":"shipping-taxable","13":"purchasable","14":"product-type-simple","15":"add-to-wishlist-after_add_to_cart"},"acf":[],"_links":{"self":[{"href":"https:\/\/www.makitamarket.com.tr\/site\/wp-json\/wp\/v2\/product\/7482","targetHints":{"allow":["GET"]}}],"collection":[{"href":"https:\/\/www.makitamarket.com.tr\/site\/wp-json\/wp\/v2\/product"}],"about":[{"href":"https:\/\/www.makitamarket.com.tr\/site\/wp-json\/wp\/v2\/types\/product"}],"replies":[{"embeddable":true,"href":"https:\/\/www.makitamarket.com.tr\/site\/wp-json\/wp\/v2\/comments?post=7482"}],"wp:featuredmedia":[{"embeddable":true,"href":"https:\/\/www.makitamarket.com.tr\/site\/wp-json\/wp\/v2\/media\/8161"}],"wp:attachment":[{"href":"https:\/\/www.makitamarket.com.tr\/site\/wp-json\/wp\/v2\/media?parent=7482"}],"wp:term":[{"taxonomy":"product_brand","embeddable":true,"href":"https:\/\/www.makitamarket.com.tr\/site\/wp-json\/wp\/v2\/product_brand?post=7482"},{"taxonomy":"product_cat","embeddable":true,"href":"https:\/\/www.makitamarket.com.tr\/site\/wp-json\/wp\/v2\/product_cat?post=7482"},{"taxonomy":"product_tag","embeddable":true,"href":"https:\/\/www.makitamarket.com.tr\/site\/wp-json\/wp\/v2\/product_tag?post=7482"}],"curies":[{"name":"wp","href":"https:\/\/api.w.org\/{rel}","templated":true}]}}