{"id":7493,"date":"2024-09-11T22:26:22","date_gmt":"2024-09-11T19:26:22","guid":{"rendered":"https:\/\/www.makitamarket.com.tr\/site\/urun\/proxxon-proxxon-24002-pd250-e-torna\/"},"modified":"2026-04-06T12:12:49","modified_gmt":"2026-04-06T09:12:49","slug":"proxxon-proxxon-24002-pd250-e-torna","status":"publish","type":"product","link":"https:\/\/www.makitamarket.com.tr\/site\/urun\/proxxon-proxxon-24002-pd250-e-torna\/","title":{"rendered":"Proxxon 24002 PROXXON 24002 PD250\/E TORNA"},"content":{"rendered":"<div>\n\t<strong>Uyumlu Aksesuarlar:<br \/>\n\t<\/strong><\/div>\n<div>\n\t<strong>24020:<\/strong> Konik Mandren<\/div>\n<div>\n\t<strong>24062: <\/strong>Radus torna ata\u015fman\u0131<\/div>\n<div>\n\t<strong>24026:<\/strong> \u00c7abuk de\u011fi\u015ftirilebilir kalemlik tutucu<\/div>\n<div>\n\t<strong>24024:<\/strong> \u00c7abuk de\u011fi\u015ftirilebilir kalemlik<\/div>\n<div>\n\t<strong>24036<\/strong>: D\u00f6rt ayakl\u0131 ayna (Ba\u011f\u0131ms\u0131z)<\/div>\n<div>\n\t<strong>24038:<\/strong> ER20 2-10mm pens seti<\/div>\n<div>\n\t<strong>24014:<\/strong> Merkezleme ata\u015fman\u0131<\/div>\n<div>\n\t<strong>24010:<\/strong> Uzun par\u00e7alar i\u00e7in sabit mesnet<\/div>\n<div>\n\t<strong>24044:<\/strong> TA250 diviz\u00f6r ata\u015fman\u0131<\/div>\n<div>\n\t<strong>24034:<\/strong> \u00dc\u00e7 ayakl\u0131 merkezi ayna<\/div>\n<div>\n\t<strong>24530:<\/strong> 8x8x80mm 5 par\u00e7a HSS torna kalemi<\/div>\n<div>\n\t<strong>24540:<\/strong> 3 par\u00e7a di\u015f kalemi<\/div>\n<div>\n\t<strong>24555:<\/strong> 3 par\u00e7a tungsten torna kalem seti<\/div>\n<table>\n<tr>\n<td>Ba\u011flama \u00c7ap\u0131<\/td>\n<td>Merkez mesafesi : 250 mm  Sal\u0131n\u0131m : 70 mm  Y\u00fckseklik : 46 mm  Kalem tutucu : 8&#215;8 mm<\/td>\n<\/tr>\n<tr>\n<td>\u00c7al\u0131\u015fma gerilimi<\/td>\n<td>220-240V<\/td>\n<\/tr>\n<tr>\n<td>Devir<\/td>\n<td>300-900-3.000 d\/dak<\/td>\n<\/tr>\n<tr>\n<td>Boyutlar<\/td>\n<td>560x270x170 mm<\/td>\n<\/tr>\n<tr>\n<td>A\u011f\u0131rl\u0131k<\/td>\n<td>12 kg<\/td>\n<\/tr>\n<tr>\n<td>Vida ad\u0131mlar\u0131<\/td>\n<td>0,5-0,625-0,7-0,75-0,81,0-1,25,-1,5mm MT1 10,5mm g\u00f6bek \u00e7apl\u0131 konik Fener Mili<\/td>\n<\/tr>\n<\/table>\n","protected":false},"excerpt":{"rendered":"<div>\n\t<strong>Uyumlu Aksesuarlar:<br \/>\n\t<\/strong><\/div>\n<div>\n\t<strong>24020:<\/strong> Konik Mandren<\/div>\n<div>\n\t<strong>24062: <\/strong>Radus torna ata\u015fman\u0131<\/div>\n<div>\n\t<strong>24026:<\/strong> \u00c7abuk de\u011fi\u015ftirilebilir kalemlik tutucu<\/div>\n<div>\n\t<strong>24024:<\/strong> \u00c7abuk de\u011fi\u015ftirilebilir kalemlik<\/div>\n<div>\n\t<strong>24036<\/strong>: D\u00f6rt ayakl\u0131 ayna (Ba\u011f\u0131ms\u0131z)<\/div>\n<div>\n\t<strong>24038:<\/strong> ER20 2-10mm pens seti<\/div>\n<div>\n\t<strong>24014:<\/strong> Merkezleme ata\u015fman\u0131<\/div>\n<div>\n\t<strong>24010:<\/strong> Uzun par\u00e7alar i\u00e7in sabit mesnet<\/div>\n<div>\n\t<strong>24044:<\/strong> TA250 diviz\u00f6r ata\u015fman\u0131<\/div>\n<div>\n\t<strong>24034:<\/strong> \u00dc\u00e7 ayakl\u0131 merkezi ayna<\/div>\n<div>\n\t<strong>24530:<\/strong> 8x8x80mm 5 par\u00e7a HSS torna kalemi<\/div>\n<div>\n\t<strong>24540:<\/strong> 3 par\u00e7a di\u015f kalemi<\/div>\n<div>\n\t<strong>24555:<\/strong> 3 par\u00e7a tungsten torna kalem seti<\/div>\n","protected":false},"featured_media":8167,"comment_status":"open","ping_status":"closed","template":"","meta":{"_acf_changed":false},"product_brand":[1501],"product_cat":[1565],"product_tag":[],"class_list":{"0":"post-7493","1":"product","2":"type-product","3":"status-publish","4":"has-post-thumbnail","6":"product_brand-proxxon","7":"product_cat-yok-yok","9":"first","10":"instock","11":"taxable","12":"shipping-taxable","13":"purchasable","14":"product-type-simple","15":"add-to-wishlist-after_add_to_cart"},"acf":[],"_links":{"self":[{"href":"https:\/\/www.makitamarket.com.tr\/site\/wp-json\/wp\/v2\/product\/7493","targetHints":{"allow":["GET"]}}],"collection":[{"href":"https:\/\/www.makitamarket.com.tr\/site\/wp-json\/wp\/v2\/product"}],"about":[{"href":"https:\/\/www.makitamarket.com.tr\/site\/wp-json\/wp\/v2\/types\/product"}],"replies":[{"embeddable":true,"href":"https:\/\/www.makitamarket.com.tr\/site\/wp-json\/wp\/v2\/comments?post=7493"}],"wp:featuredmedia":[{"embeddable":true,"href":"https:\/\/www.makitamarket.com.tr\/site\/wp-json\/wp\/v2\/media\/8167"}],"wp:attachment":[{"href":"https:\/\/www.makitamarket.com.tr\/site\/wp-json\/wp\/v2\/media?parent=7493"}],"wp:term":[{"taxonomy":"product_brand","embeddable":true,"href":"https:\/\/www.makitamarket.com.tr\/site\/wp-json\/wp\/v2\/product_brand?post=7493"},{"taxonomy":"product_cat","embeddable":true,"href":"https:\/\/www.makitamarket.com.tr\/site\/wp-json\/wp\/v2\/product_cat?post=7493"},{"taxonomy":"product_tag","embeddable":true,"href":"https:\/\/www.makitamarket.com.tr\/site\/wp-json\/wp\/v2\/product_tag?post=7493"}],"curies":[{"name":"wp","href":"https:\/\/api.w.org\/{rel}","templated":true}]}}