{"id":7495,"date":"2024-09-11T22:26:23","date_gmt":"2024-09-11T19:26:23","guid":{"rendered":"https:\/\/www.makitamarket.com.tr\/site\/urun\/makita-percin-tabancasi-18v\/"},"modified":"2026-04-06T12:12:51","modified_gmt":"2026-04-06T09:12:51","slug":"makita-percin-tabancasi-18v","status":"publish","type":"product","link":"https:\/\/www.makitamarket.com.tr\/site\/urun\/makita-percin-tabancasi-18v\/","title":{"rendered":"Makita DRV250RTJ PER\u00c7\u0130N TABANCASI 18V"},"content":{"rendered":"<p><span style=\"color: rgb(33, 37, 41); background-color: white;\">Model DRV 250RTJ <\/span><\/p>\n<p><span style=\"color: rgb(33, 37, 41); background-color: white;\">Per\u00e7in Tabancalar\u0131 <\/span><\/p>\n<p><span style=\"color: rgb(33, 37, 41); background-color: white;\">18V \u2022 4,8 mm \u2022 10 kN \u2022 30 mm<\/span><\/p>\n<p><span style=\"color: rgb(0, 112, 192); background-color: white;\">4,8 mm&#8217;ye kadar per\u00e7inler i\u00e7in k\u00f6m\u00fcrs\u00fcz a\u011f\u0131r hizmet tipi alet<\/span><\/p>\n<p><span style=\"color: rgb(33, 37, 41); background-color: white;\">2,4 ve 4,8 mm per\u00e7inler i\u00e7in ak\u00fcl\u00fc a\u011f\u0131r hizmet tipi alet. Alet \u00f6zellikle end\u00fcstriyel uygulamalar i\u00e7in tasarlanm\u0131\u015ft\u0131r ve 30 mm var-gel uzunlu\u011fuyla 20kN&#8217;lik g\u00fc\u00e7l\u00fc bir \u00e7ekme kuvveti sa\u011flar. Alet g\u00fc\u00e7l\u00fcd\u00fcr ancak kullan\u0131m\u0131 kolayd\u0131r.<\/span><\/p>\n<p><span style=\"color: red; background-color: white;\">Kullan\u0131m amac\u0131: <\/span><span style=\"color: rgb(33, 37, 41); background-color: white;\">Bu alet, pop per\u00e7in \u00e7akmak \u00fczere tasarlanm\u0131\u015ft\u0131r.<\/span><\/p>\n<p><u style=\"color: rgb(33, 37, 41);\">\u00d6zellikleri:<\/u><\/p>\n<p><span style=\"color: rgb(33, 37, 41); background-color: white;\">18V max Lithium-ion,BL MOTOR,XPT,\u00c7ift Ak\u00fcl\u00fc<\/span><\/p>\n<p>Ak\u00fcl\u00fc yap\u0131s\u0131 kullan\u0131c\u0131ya kablosuz kullan\u0131m imkan\u0131 sunar ve bu sayede kullan\u0131c\u0131lar geni\u015f alanlarda kablo s\u0131n\u0131rlamalar\u0131 olmadan rahat\u00e7a \u00e7al\u0131\u015fabilirler.<\/p>\n<p>Li-ion;Bataryan\u0131n daha verimli \u00e7al\u0131\u015fmas\u0131n\u0131 sa\u011flayan teknolojidir.<\/p>\n<p>XPT(Ekstra Koruma Teknolojisi) sayesinde nemli ve ya\u011fmurlu ortamlarda kullan\u0131labilir. D\u00fc\u015fmeye kar\u015f\u0131 ekstra dayan\u0131kl\u0131d\u0131r.<\/p>\n<ol>\n<li data-list=\"bullet\"><span class=\"ql-ui\" contenteditable=\"false\"><\/span>Elektrik freni mevcuttur.<\/li>\n<li data-list=\"bullet\"><span class=\"ql-ui\" contenteditable=\"false\"><\/span>Led \u0131\u015f\u0131\u011f\u0131 vard\u0131r.<\/li>\n<li data-list=\"bullet\"><span class=\"ql-ui\" contenteditable=\"false\"><\/span>Plastik ta\u015f\u0131ma \u00e7antal\u0131d\u0131r.<\/li>\n<\/ol>\n<p><span style=\"color: rgb(33, 37, 41); background-color: white;\">Ambalaj i\u00e7eri\u011fi: Kanca, Gres, Aksesuar seti, \u00e7ift ak\u00fc, \u015farj cihaz\u0131<\/span><\/p>\n<p><span style=\"color: rgb(33, 37, 41); background-color: white;\">\u23006.4-<\/span><span style=\"color: rgb(31, 31, 31); background-color: white;\"> <\/span><span style=\"color: rgb(33, 37, 41); background-color: white;\">\u23002.4 k\u00f6r per\u00e7in s\u0131kabilir.<\/span><\/p>\n<p><\/p>\n<p><\/p>\n<table>\n<tr>\n<td>Maks. \u00c7ekme Kuvveti<\/td>\n<td>20 kN<\/td>\n<\/tr>\n<tr>\n<td>Vargel Uzunlu\u011fu<\/td>\n<td>30 mm<\/td>\n<\/tr>\n<tr>\n<td>A\u011f\u0131rl\u0131k<\/td>\n<td>2.4 kg<\/td>\n<\/tr>\n<tr>\n<td>G\u00fc\u00e7-Kapasite<\/td>\n<td>18V\/5.0Ah\/Li-ion<\/td>\n<\/tr>\n<tr>\n<td>Ak\u00fc \/ \u015earj Cihaz\u0131<\/td>\n<td>BL1850B-DC18RC<\/td>\n<\/tr>\n<\/table>\n","protected":false},"excerpt":{"rendered":"<p><span style=\"color: rgb(33, 37, 41); background-color: white;\">Model DRV 250RTJ <\/span><\/p>\n<p><span style=\"color: rgb(33, 37, 41); background-color: white;\">Per\u00e7in Tabancalar\u0131 <\/span><\/p>\n<p><span style=\"color: rgb(33, 37, 41); background-color: white;\">18V \u2022 4,8 mm \u2022 10 kN \u2022 30 mm<\/span><\/p>\n<p><span style=\"color: rgb(0, 112, 192); background-color: white;\">4,8 mm&#8217;ye kadar per\u00e7inler i\u00e7in k\u00f6m\u00fcrs\u00fcz a\u011f\u0131r hizmet tipi alet<\/span><\/p>\n<p><span style=\"color: rgb(33, 37, 41); background-color: white;\">2,4 ve 4,8 mm per\u00e7inler i\u00e7in ak\u00fcl\u00fc a\u011f\u0131r hizmet tipi alet. Alet \u00f6zellikle end\u00fcstriyel uygulamalar i\u00e7in tasarlanm\u0131\u015ft\u0131r ve 30 mm var-gel uzunlu\u011fuyla 20kN&#8217;lik g\u00fc\u00e7l\u00fc bir \u00e7ekme kuvveti sa\u011flar. Alet g\u00fc\u00e7l\u00fcd\u00fcr ancak kullan\u0131m\u0131 kolayd\u0131r.<\/span><\/p>\n<p><span style=\"color: red; background-color: white;\">Kullan\u0131m amac\u0131: <\/span><span style=\"color: rgb(33, 37, 41); background-color: white;\">Bu alet, pop per\u00e7in \u00e7akmak \u00fczere tasarlanm\u0131\u015ft\u0131r.<\/span><\/p>\n<p><u style=\"color: rgb(33, 37, 41);\">\u00d6zellikleri:<\/u><\/p>\n<p><span style=\"color: rgb(33, 37, 41); background-color: white;\">18V max Lithium-ion,BL MOTOR,XPT,\u00c7ift Ak\u00fcl\u00fc<\/span><\/p>\n<p>Ak\u00fcl\u00fc yap\u0131s\u0131 kullan\u0131c\u0131ya kablosuz kullan\u0131m imkan\u0131 sunar ve bu sayede kullan\u0131c\u0131lar geni\u015f alanlarda kablo s\u0131n\u0131rlamalar\u0131 olmadan rahat\u00e7a \u00e7al\u0131\u015fabilirler.<\/p>\n<p>Li-ion;Bataryan\u0131n daha verimli \u00e7al\u0131\u015fmas\u0131n\u0131 sa\u011flayan teknolojidir.<\/p>\n<p>XPT(Ekstra Koruma Teknolojisi) sayesinde nemli ve ya\u011fmurlu ortamlarda kullan\u0131labilir. D\u00fc\u015fmeye kar\u015f\u0131 ekstra dayan\u0131kl\u0131d\u0131r.<\/p>\n<ol>\n<li data-list=\"bullet\"><span class=\"ql-ui\" contenteditable=\"false\"><\/span>Elektrik freni mevcuttur.<\/li>\n<li data-list=\"bullet\"><span class=\"ql-ui\" contenteditable=\"false\"><\/span>Led \u0131\u015f\u0131\u011f\u0131 vard\u0131r.<\/li>\n<li data-list=\"bullet\"><span class=\"ql-ui\" contenteditable=\"false\"><\/span>Plastik ta\u015f\u0131ma \u00e7antal\u0131d\u0131r.<\/li>\n<\/ol>\n<p><span style=\"color: rgb(33, 37, 41); background-color: white;\">Ambalaj i\u00e7eri\u011fi: Kanca, Gres, Aksesuar seti, \u00e7ift ak\u00fc, \u015farj cihaz\u0131<\/span><\/p>\n<p><span style=\"color: rgb(33, 37, 41); background-color: white;\">\u23006.4-<\/span><span style=\"color: rgb(31, 31, 31); background-color: white;\"> <\/span><span style=\"color: rgb(33, 37, 41); background-color: white;\">\u23002.4 k\u00f6r per\u00e7in s\u0131kabilir.<\/span><\/p>\n<p><\/p>\n<p><\/p>\n","protected":false},"featured_media":8169,"comment_status":"open","ping_status":"closed","template":"","meta":{"_acf_changed":false},"product_brand":[1485],"product_cat":[755],"product_tag":[],"class_list":{"0":"post-7495","1":"product","2":"type-product","3":"status-publish","4":"has-post-thumbnail","6":"product_brand-makita","7":"product_cat-18-volt","9":"first","10":"instock","11":"taxable","12":"shipping-taxable","13":"purchasable","14":"product-type-simple","15":"add-to-wishlist-after_add_to_cart"},"acf":[],"_links":{"self":[{"href":"https:\/\/www.makitamarket.com.tr\/site\/wp-json\/wp\/v2\/product\/7495","targetHints":{"allow":["GET"]}}],"collection":[{"href":"https:\/\/www.makitamarket.com.tr\/site\/wp-json\/wp\/v2\/product"}],"about":[{"href":"https:\/\/www.makitamarket.com.tr\/site\/wp-json\/wp\/v2\/types\/product"}],"replies":[{"embeddable":true,"href":"https:\/\/www.makitamarket.com.tr\/site\/wp-json\/wp\/v2\/comments?post=7495"}],"wp:featuredmedia":[{"embeddable":true,"href":"https:\/\/www.makitamarket.com.tr\/site\/wp-json\/wp\/v2\/media\/8169"}],"wp:attachment":[{"href":"https:\/\/www.makitamarket.com.tr\/site\/wp-json\/wp\/v2\/media?parent=7495"}],"wp:term":[{"taxonomy":"product_brand","embeddable":true,"href":"https:\/\/www.makitamarket.com.tr\/site\/wp-json\/wp\/v2\/product_brand?post=7495"},{"taxonomy":"product_cat","embeddable":true,"href":"https:\/\/www.makitamarket.com.tr\/site\/wp-json\/wp\/v2\/product_cat?post=7495"},{"taxonomy":"product_tag","embeddable":true,"href":"https:\/\/www.makitamarket.com.tr\/site\/wp-json\/wp\/v2\/product_tag?post=7495"}],"curies":[{"name":"wp","href":"https:\/\/api.w.org\/{rel}","templated":true}]}}