{"id":7498,"date":"2024-09-11T22:26:35","date_gmt":"2024-09-11T19:26:35","guid":{"rendered":"https:\/\/www.makitamarket.com.tr\/site\/urun\/probox-tekerlekli-takim-cantasi-26\/"},"modified":"2025-11-16T04:23:54","modified_gmt":"2025-11-16T01:23:54","slug":"probox-tekerlekli-takim-cantasi-26","status":"publish","type":"product","link":"https:\/\/www.makitamarket.com.tr\/site\/urun\/probox-tekerlekli-takim-cantasi-26\/","title":{"rendered":"Probox PX90561 TEKERLEKL\u0130 TAKIM \u00c7ANTASI 26&#8243;"},"content":{"rendered":"<table>\n<tr>\n<td>\u00d6l\u00e7\u00fcs\u00fc<\/td>\n<td>26&#8243; (65,0 x 40,0 x 35,0h cm.)<\/td>\n<\/tr>\n<tr>\n<td>\u00d6zellikleri<\/td>\n<td>Tekerlekli, Metal Kilitli, Organizerli<\/td>\n<\/tr>\n<tr>\n<td>Koli \u0130\u00e7i Adedi<\/td>\n<td>2 Ad.<\/td>\n<\/tr>\n<\/table>\n","protected":false},"excerpt":{"rendered":"<p>\u00d6l\u00e7\u00fcs\u00fc 26&#8243; (65,0 x 40,0 x 35,0h cm.) \u00d6zellikleri Tekerlekli, Metal Kilitli, Organizerli Koli \u0130\u00e7i Adedi 2 Ad.<\/p>\n","protected":false},"featured_media":8294,"comment_status":"open","ping_status":"closed","template":"","meta":{"_acf_changed":false},"product_brand":[1503],"product_cat":[734],"product_tag":[],"class_list":{"0":"post-7498","1":"product","2":"type-product","3":"status-publish","4":"has-post-thumbnail","6":"product_brand-probox","7":"product_cat-plastik-takim-cantalari","9":"first","10":"outofstock","11":"taxable","12":"shipping-taxable","13":"purchasable","14":"product-type-simple","15":"add-to-wishlist-after_add_to_cart"},"acf":[],"_links":{"self":[{"href":"https:\/\/www.makitamarket.com.tr\/site\/wp-json\/wp\/v2\/product\/7498","targetHints":{"allow":["GET"]}}],"collection":[{"href":"https:\/\/www.makitamarket.com.tr\/site\/wp-json\/wp\/v2\/product"}],"about":[{"href":"https:\/\/www.makitamarket.com.tr\/site\/wp-json\/wp\/v2\/types\/product"}],"replies":[{"embeddable":true,"href":"https:\/\/www.makitamarket.com.tr\/site\/wp-json\/wp\/v2\/comments?post=7498"}],"wp:featuredmedia":[{"embeddable":true,"href":"https:\/\/www.makitamarket.com.tr\/site\/wp-json\/wp\/v2\/media\/8294"}],"wp:attachment":[{"href":"https:\/\/www.makitamarket.com.tr\/site\/wp-json\/wp\/v2\/media?parent=7498"}],"wp:term":[{"taxonomy":"product_brand","embeddable":true,"href":"https:\/\/www.makitamarket.com.tr\/site\/wp-json\/wp\/v2\/product_brand?post=7498"},{"taxonomy":"product_cat","embeddable":true,"href":"https:\/\/www.makitamarket.com.tr\/site\/wp-json\/wp\/v2\/product_cat?post=7498"},{"taxonomy":"product_tag","embeddable":true,"href":"https:\/\/www.makitamarket.com.tr\/site\/wp-json\/wp\/v2\/product_tag?post=7498"}],"curies":[{"name":"wp","href":"https:\/\/api.w.org\/{rel}","templated":true}]}}