{"id":7503,"date":"2024-09-11T22:27:03","date_gmt":"2024-09-11T19:27:03","guid":{"rendered":"https:\/\/www.makitamarket.com.tr\/site\/urun\/bea-civi-cakma-tabancasi-13-25-mm\/"},"modified":"2026-03-30T07:06:50","modified_gmt":"2026-03-30T04:06:50","slug":"bea-civi-cakma-tabancasi-13-25-mm","status":"publish","type":"product","link":"https:\/\/www.makitamarket.com.tr\/site\/urun\/bea-civi-cakma-tabancasi-13-25-mm\/","title":{"rendered":"Bea T25-155 \u00c7\u0130V\u0130 \u00c7AKMA TABANCASI 13 &#8211; 25 mm"},"content":{"rendered":"<div>\n\t<strong>\u2022\u00a0<\/strong>End\u00fcstri paketleme<\/div>\n<div>\n\t<strong>\u2022\u00a0<\/strong>\u00c7at\u0131 ve pencere imalat\u0131<\/div>\n<div>\n\t<strong>\u2022\u00a0<\/strong>Marangozluk<\/div>\n<table>\n<tr>\n<td>Magazin Tipi<\/td>\n<td>\u00dcstten doldurma<\/td>\n<\/tr>\n<tr>\n<td>Magazin Kapasitesi<\/td>\n<td>82<\/td>\n<\/tr>\n<tr>\n<td>\u00c7al\u0131\u015fma Bas\u0131nc\u0131<\/td>\n<td>6-8 BAR<\/td>\n<\/tr>\n<tr>\n<td>A\u011f\u0131rl\u0131k<\/td>\n<td>2.7 kg<\/td>\n<\/tr>\n<tr>\n<td>Z\u0131mba Teli<\/td>\n<td>T Serisi \u00c7ivi \u00c7akma Makinas\u0131 ayak uzunlu\u011fu  25-54mm<\/td>\n<\/tr>\n<\/table>\n","protected":false},"excerpt":{"rendered":"<div>\n\t<strong>\u2022\u00a0<\/strong>End\u00fcstri paketleme<\/div>\n<div>\n\t<strong>\u2022\u00a0<\/strong>\u00c7at\u0131 ve pencere imalat\u0131<\/div>\n<div>\n\t<strong>\u2022\u00a0<\/strong>Marangozluk<\/div>\n","protected":false},"featured_media":8173,"comment_status":"open","ping_status":"closed","template":"","meta":{"_acf_changed":false},"product_brand":[1508],"product_cat":[788],"product_tag":[],"class_list":{"0":"post-7503","1":"product","2":"type-product","3":"status-publish","4":"has-post-thumbnail","6":"product_brand-bea","7":"product_cat-havali-civi-cakma-tabancalari","9":"first","10":"instock","11":"taxable","12":"shipping-taxable","13":"purchasable","14":"product-type-simple","15":"add-to-wishlist-after_add_to_cart"},"acf":[],"_links":{"self":[{"href":"https:\/\/www.makitamarket.com.tr\/site\/wp-json\/wp\/v2\/product\/7503","targetHints":{"allow":["GET"]}}],"collection":[{"href":"https:\/\/www.makitamarket.com.tr\/site\/wp-json\/wp\/v2\/product"}],"about":[{"href":"https:\/\/www.makitamarket.com.tr\/site\/wp-json\/wp\/v2\/types\/product"}],"replies":[{"embeddable":true,"href":"https:\/\/www.makitamarket.com.tr\/site\/wp-json\/wp\/v2\/comments?post=7503"}],"wp:featuredmedia":[{"embeddable":true,"href":"https:\/\/www.makitamarket.com.tr\/site\/wp-json\/wp\/v2\/media\/8173"}],"wp:attachment":[{"href":"https:\/\/www.makitamarket.com.tr\/site\/wp-json\/wp\/v2\/media?parent=7503"}],"wp:term":[{"taxonomy":"product_brand","embeddable":true,"href":"https:\/\/www.makitamarket.com.tr\/site\/wp-json\/wp\/v2\/product_brand?post=7503"},{"taxonomy":"product_cat","embeddable":true,"href":"https:\/\/www.makitamarket.com.tr\/site\/wp-json\/wp\/v2\/product_cat?post=7503"},{"taxonomy":"product_tag","embeddable":true,"href":"https:\/\/www.makitamarket.com.tr\/site\/wp-json\/wp\/v2\/product_tag?post=7503"}],"curies":[{"name":"wp","href":"https:\/\/api.w.org\/{rel}","templated":true}]}}