{"id":7709,"date":"2024-11-27T17:39:21","date_gmt":"2024-11-27T14:39:21","guid":{"rendered":"https:\/\/www.makitamarket.com.tr\/site\/urun\/knipex-vde-duz-uclu-tornavida-320-mm\/"},"modified":"2026-03-30T09:25:27","modified_gmt":"2026-03-30T06:25:27","slug":"knipex-vde-duz-uclu-tornavida-320-mm","status":"publish","type":"product","link":"https:\/\/www.makitamarket.com.tr\/site\/urun\/knipex-vde-duz-uclu-tornavida-320-mm\/","title":{"rendered":"Knipex 982010 VDE D\u00dcZ U\u00c7LU TORNAV\u0130DA 320 mm"},"content":{"rendered":"<p><b>98 20 10 D\u00fcz U\u00e7lu Tornavida<\/b><br \/>Kuvvetin yorulmadan ve ele zarar vermeden aktar\u0131lmas\u0131 i\u00e7in 2 komponentli ergonomik sap. Elde kaymay\u0131 engelleyici sap yaps\u0131. <\/p>\n<li><b>S\u00fcng\u00fc Uzunlu\u011fu: <\/b>200 mm<\/li>\n<li><b>\u0130zolesiz s\u00fcng\u00fc uzunlu\u011fu: <\/b>15 mm<\/li>\n<li><b>Sap uzunlu\u011fu: <\/b>120 mm<\/li>\n<li><b>U\u00e7 geni\u015fli\u011fi: <\/b>10,0 mm<\/li>\n<li><b>U\u00e7 kal\u0131nl\u0131\u011f\u0131: <\/b>1,6 mm<\/li>\n<li><b>VDE onayl\u0131: <\/b>evet \u00a0<\/li>\n<table>\n<tr>\n<td>Uzunluk<\/td>\n<td>320<\/td>\n<\/tr>\n<tr>\n<td>U\u00e7 Geni\u015fli\u011fi<\/td>\n<td>10 mm<\/td>\n<\/tr>\n<tr>\n<td>U\u00e7 uzunlu\u011fu<\/td>\n<td>200 mm<\/td>\n<\/tr>\n<tr>\n<td>Sap Uzunlu\u011fu<\/td>\n<td>120 mm<\/td>\n<\/tr>\n<tr>\n<td>A\u011f\u0131rl\u0131k<\/td>\n<td>184 gr<\/td>\n<\/tr>\n<\/table>\n","protected":false},"excerpt":{"rendered":"<p><b>98 20 10 D\u00fcz U\u00e7lu Tornavida<\/b><br \/>Kuvvetin yorulmadan ve ele zarar vermeden aktar\u0131lmas\u0131 i\u00e7in 2 komponentli ergonomik sap. Elde kaymay\u0131 engelleyici sap yaps\u0131. <\/p>\n<li><b>S\u00fcng\u00fc Uzunlu\u011fu: <\/b>200 mm<\/li>\n<li><b>\u0130zolesiz s\u00fcng\u00fc uzunlu\u011fu: <\/b>15 mm<\/li>\n<li><b>Sap uzunlu\u011fu: <\/b>120 mm<\/li>\n<li><b>U\u00e7 geni\u015fli\u011fi: <\/b>10,0 mm<\/li>\n<li><b>U\u00e7 kal\u0131nl\u0131\u011f\u0131: <\/b>1,6 mm<\/li>\n<li><b>VDE onayl\u0131: <\/b>evet \u00a0<\/li>\n","protected":false},"featured_media":0,"comment_status":"open","ping_status":"closed","template":"","meta":{"_acf_changed":false},"product_brand":[1486],"product_cat":[794],"product_tag":[],"class_list":{"0":"post-7709","1":"product","2":"type-product","3":"status-publish","5":"product_brand-knipex","6":"product_cat-izoleli-tornavidalar","8":"first","9":"instock","10":"taxable","11":"shipping-taxable","12":"purchasable","13":"product-type-simple","14":"add-to-wishlist-after_add_to_cart"},"acf":[],"_links":{"self":[{"href":"https:\/\/www.makitamarket.com.tr\/site\/wp-json\/wp\/v2\/product\/7709","targetHints":{"allow":["GET"]}}],"collection":[{"href":"https:\/\/www.makitamarket.com.tr\/site\/wp-json\/wp\/v2\/product"}],"about":[{"href":"https:\/\/www.makitamarket.com.tr\/site\/wp-json\/wp\/v2\/types\/product"}],"replies":[{"embeddable":true,"href":"https:\/\/www.makitamarket.com.tr\/site\/wp-json\/wp\/v2\/comments?post=7709"}],"wp:attachment":[{"href":"https:\/\/www.makitamarket.com.tr\/site\/wp-json\/wp\/v2\/media?parent=7709"}],"wp:term":[{"taxonomy":"product_brand","embeddable":true,"href":"https:\/\/www.makitamarket.com.tr\/site\/wp-json\/wp\/v2\/product_brand?post=7709"},{"taxonomy":"product_cat","embeddable":true,"href":"https:\/\/www.makitamarket.com.tr\/site\/wp-json\/wp\/v2\/product_cat?post=7709"},{"taxonomy":"product_tag","embeddable":true,"href":"https:\/\/www.makitamarket.com.tr\/site\/wp-json\/wp\/v2\/product_tag?post=7709"}],"curies":[{"name":"wp","href":"https:\/\/api.w.org\/{rel}","templated":true}]}}