{"id":7721,"date":"2024-11-27T17:39:27","date_gmt":"2024-11-27T14:39:27","guid":{"rendered":"https:\/\/www.makitamarket.com.tr\/site\/urun\/weller-pilli-lehim-kalemi\/"},"modified":"2025-11-16T08:54:31","modified_gmt":"2025-11-16T05:54:31","slug":"weller-pilli-lehim-kalemi","status":"publish","type":"product","link":"https:\/\/www.makitamarket.com.tr\/site\/urun\/weller-pilli-lehim-kalemi\/","title":{"rendered":"Weller BP 650 EU P\u0130LL\u0130 LEH\u0130M KALEM\u0130"},"content":{"rendered":"<div>\n\t\u2022 3 adet <strong>DuraCell AA bataryal\u0131<\/strong> lehim kalemi<\/div>\n<div>\n\t\u2022 G\u00fc\u00e7 sa\u011fland\u0131\u011f\u0131nda uyar\u0131 \u0131\u015f\u0131\u011f\u0131<\/div>\n<div>\n\t\u2022 120&#8217;nin \u00fczerinde lehimleme i\u015flemi<\/div>\n<div>\n\t\u2022 Yeni piller ile aral\u0131kl\u0131 olarak \u00e7al\u0131\u015fabilme<\/div>\n<div>\n\t\u2022 K\u00fc\u00e7\u00fck par\u00e7alar\u0131n bak\u0131m\u0131nda b\u00fcy\u00fck yard\u0131mc\u0131n\u0131z<\/div>\n<div>\n\t\u2022 480\u00b0C kadar \u00e7al\u0131\u015fma s\u0131cakl\u0131\u011f\u0131<\/div>\n<table><\/table>\n","protected":false},"excerpt":{"rendered":"<div>\n\t\u2022 3 adet <strong>DuraCell AA bataryal\u0131<\/strong> lehim kalemi<\/div>\n<div>\n\t\u2022 G\u00fc\u00e7 sa\u011fland\u0131\u011f\u0131nda uyar\u0131 \u0131\u015f\u0131\u011f\u0131<\/div>\n<div>\n\t\u2022 120&#8217;nin \u00fczerinde lehimleme i\u015flemi<\/div>\n<div>\n\t\u2022 Yeni piller ile aral\u0131kl\u0131 olarak \u00e7al\u0131\u015fabilme<\/div>\n<div>\n\t\u2022 K\u00fc\u00e7\u00fck par\u00e7alar\u0131n bak\u0131m\u0131nda b\u00fcy\u00fck yard\u0131mc\u0131n\u0131z<\/div>\n<div>\n\t\u2022 480\u00b0C kadar \u00e7al\u0131\u015fma s\u0131cakl\u0131\u011f\u0131<\/div>\n","protected":false},"featured_media":7749,"comment_status":"open","ping_status":"closed","template":"","meta":{"_acf_changed":false},"product_brand":[1530],"product_cat":[805],"product_tag":[],"class_list":{"0":"post-7721","1":"product","2":"type-product","3":"status-publish","4":"has-post-thumbnail","6":"product_brand-weller","7":"product_cat-akulu-havyalar","9":"first","10":"outofstock","11":"taxable","12":"shipping-taxable","13":"purchasable","14":"product-type-simple","15":"add-to-wishlist-after_add_to_cart"},"acf":[],"_links":{"self":[{"href":"https:\/\/www.makitamarket.com.tr\/site\/wp-json\/wp\/v2\/product\/7721","targetHints":{"allow":["GET"]}}],"collection":[{"href":"https:\/\/www.makitamarket.com.tr\/site\/wp-json\/wp\/v2\/product"}],"about":[{"href":"https:\/\/www.makitamarket.com.tr\/site\/wp-json\/wp\/v2\/types\/product"}],"replies":[{"embeddable":true,"href":"https:\/\/www.makitamarket.com.tr\/site\/wp-json\/wp\/v2\/comments?post=7721"}],"wp:featuredmedia":[{"embeddable":true,"href":"https:\/\/www.makitamarket.com.tr\/site\/wp-json\/wp\/v2\/media\/7749"}],"wp:attachment":[{"href":"https:\/\/www.makitamarket.com.tr\/site\/wp-json\/wp\/v2\/media?parent=7721"}],"wp:term":[{"taxonomy":"product_brand","embeddable":true,"href":"https:\/\/www.makitamarket.com.tr\/site\/wp-json\/wp\/v2\/product_brand?post=7721"},{"taxonomy":"product_cat","embeddable":true,"href":"https:\/\/www.makitamarket.com.tr\/site\/wp-json\/wp\/v2\/product_cat?post=7721"},{"taxonomy":"product_tag","embeddable":true,"href":"https:\/\/www.makitamarket.com.tr\/site\/wp-json\/wp\/v2\/product_tag?post=7721"}],"curies":[{"name":"wp","href":"https:\/\/api.w.org\/{rel}","templated":true}]}}