{"id":7724,"date":"2024-11-27T17:39:27","date_gmt":"2024-11-27T14:39:27","guid":{"rendered":"https:\/\/www.makitamarket.com.tr\/site\/urun\/makita-makita-d-34590-sdsmax-uc-18x540mm\/"},"modified":"2026-04-06T15:37:45","modified_gmt":"2026-04-06T12:37:45","slug":"makita-makita-d-34590-sdsmax-uc-18x540mm","status":"publish","type":"product","link":"https:\/\/www.makitamarket.com.tr\/site\/urun\/makita-makita-d-34590-sdsmax-uc-18x540mm\/","title":{"rendered":"Makita D-34590 MAKITA D &#8211; 34590 SDSMAX U\u00c7 18X540mm"},"content":{"rendered":"<table>\n<tr>\n<td>\u00c7ap<\/td>\n<td>18<\/td>\n<\/tr>\n<tr>\n<td>Uzunluk<\/td>\n<td>540<\/td>\n<\/tr>\n<tr>\n<td>\u00c7al\u0131\u015fma Uzunlu\u011fu<\/td>\n<td>400<\/td>\n<\/tr>\n<tr>\n<td>\u00c7ap<\/td>\n<td>18 mm<\/td>\n<\/tr>\n<tr>\n<td>Uzunluk<\/td>\n<td>540 mm<\/td>\n<\/tr>\n<tr>\n<td>\u00c7al\u0131\u015fma Uzunlu\u011fu<\/td>\n<td>400 mm<\/td>\n<\/tr>\n<\/table>\n","protected":false},"excerpt":{"rendered":"<p>\u00c7ap 18 Uzunluk 540 \u00c7al\u0131\u015fma Uzunlu\u011fu 400 \u00c7ap 18 mm Uzunluk 540 mm \u00c7al\u0131\u015fma Uzunlu\u011fu 400 mm<\/p>\n","protected":false},"featured_media":0,"comment_status":"open","ping_status":"closed","template":"","meta":{"_acf_changed":false},"product_brand":[1485],"product_cat":[809],"product_tag":[],"class_list":{"0":"post-7724","1":"product","2":"type-product","3":"status-publish","5":"product_brand-makita","6":"product_cat-sds-max-uclar","8":"first","9":"instock","10":"taxable","11":"shipping-taxable","12":"purchasable","13":"product-type-simple","14":"add-to-wishlist-after_add_to_cart"},"acf":[],"_links":{"self":[{"href":"https:\/\/www.makitamarket.com.tr\/site\/wp-json\/wp\/v2\/product\/7724","targetHints":{"allow":["GET"]}}],"collection":[{"href":"https:\/\/www.makitamarket.com.tr\/site\/wp-json\/wp\/v2\/product"}],"about":[{"href":"https:\/\/www.makitamarket.com.tr\/site\/wp-json\/wp\/v2\/types\/product"}],"replies":[{"embeddable":true,"href":"https:\/\/www.makitamarket.com.tr\/site\/wp-json\/wp\/v2\/comments?post=7724"}],"wp:attachment":[{"href":"https:\/\/www.makitamarket.com.tr\/site\/wp-json\/wp\/v2\/media?parent=7724"}],"wp:term":[{"taxonomy":"product_brand","embeddable":true,"href":"https:\/\/www.makitamarket.com.tr\/site\/wp-json\/wp\/v2\/product_brand?post=7724"},{"taxonomy":"product_cat","embeddable":true,"href":"https:\/\/www.makitamarket.com.tr\/site\/wp-json\/wp\/v2\/product_cat?post=7724"},{"taxonomy":"product_tag","embeddable":true,"href":"https:\/\/www.makitamarket.com.tr\/site\/wp-json\/wp\/v2\/product_tag?post=7724"}],"curies":[{"name":"wp","href":"https:\/\/api.w.org\/{rel}","templated":true}]}}