{"id":8178,"date":"2024-11-27T19:43:14","date_gmt":"2024-11-27T16:43:14","guid":{"rendered":"https:\/\/www.makitamarket.com.tr\/site\/urun\/lavor-profesyonel-soguk-yikama-makinasi-200-bar\/"},"modified":"2026-03-30T07:06:52","modified_gmt":"2026-03-30T04:06:52","slug":"lavor-profesyonel-soguk-yikama-makinasi-200-bar","status":"publish","type":"product","link":"https:\/\/www.makitamarket.com.tr\/site\/urun\/lavor-profesyonel-soguk-yikama-makinasi-200-bar\/","title":{"rendered":"Lavor COLOMBIA LP 2015 PROFESYONEL SO\u011eUK YIKAMA MAK\u0130NASI 200 BAR"},"content":{"rendered":"<table>\n<tr>\n<td>Max. Bas\u0131n\u00e7<\/td>\n<td>200 bar<\/td>\n<\/tr>\n<tr>\n<td>Debi<\/td>\n<td>900 lt.\/h\/2900psi max.<\/td>\n<\/tr>\n<tr>\n<td>Motor G\u00fcc\u00fc<\/td>\n<td>7.5 Hp \/ 380V<\/td>\n<\/tr>\n<tr>\n<td>Otomatik Stop Sistemi<\/td>\n<td>Yok<\/td>\n<\/tr>\n<tr>\n<td>Devir<\/td>\n<td>1450 rpm<\/td>\n<\/tr>\n<tr>\n<td>Hortum<\/td>\n<td>10mt.5\/16<\/td>\n<\/tr>\n<tr>\n<td>A\u011f\u0131rl\u0131k<\/td>\n<td>50 Kg<\/td>\n<\/tr>\n<tr>\n<td>\u00d6l\u00e7\u00fcler<\/td>\n<td>50x90x83<\/td>\n<\/tr>\n<\/table>\n","protected":false},"excerpt":{"rendered":"<p>Max. Bas\u0131n\u00e7 200 bar Debi 900 lt.\/h\/2900psi max. Motor G\u00fcc\u00fc 7.5 Hp \/ 380V Otomatik Stop Sistemi Yok Devir 1450 rpm Hortum 10mt.5\/16 A\u011f\u0131rl\u0131k 50 Kg \u00d6l\u00e7\u00fcler 50x90x83<\/p>\n","protected":false},"featured_media":8177,"comment_status":"open","ping_status":"closed","template":"","meta":{"_acf_changed":false},"product_brand":[1493],"product_cat":[815],"product_tag":[],"class_list":{"0":"post-8178","1":"product","2":"type-product","3":"status-publish","4":"has-post-thumbnail","6":"product_brand-lavor","7":"product_cat-profesyonel-soguk-yikama-makinalari","9":"first","10":"outofstock","11":"taxable","12":"shipping-taxable","13":"purchasable","14":"product-type-simple","15":"add-to-wishlist-after_add_to_cart"},"acf":[],"_links":{"self":[{"href":"https:\/\/www.makitamarket.com.tr\/site\/wp-json\/wp\/v2\/product\/8178","targetHints":{"allow":["GET"]}}],"collection":[{"href":"https:\/\/www.makitamarket.com.tr\/site\/wp-json\/wp\/v2\/product"}],"about":[{"href":"https:\/\/www.makitamarket.com.tr\/site\/wp-json\/wp\/v2\/types\/product"}],"replies":[{"embeddable":true,"href":"https:\/\/www.makitamarket.com.tr\/site\/wp-json\/wp\/v2\/comments?post=8178"}],"wp:featuredmedia":[{"embeddable":true,"href":"https:\/\/www.makitamarket.com.tr\/site\/wp-json\/wp\/v2\/media\/8177"}],"wp:attachment":[{"href":"https:\/\/www.makitamarket.com.tr\/site\/wp-json\/wp\/v2\/media?parent=8178"}],"wp:term":[{"taxonomy":"product_brand","embeddable":true,"href":"https:\/\/www.makitamarket.com.tr\/site\/wp-json\/wp\/v2\/product_brand?post=8178"},{"taxonomy":"product_cat","embeddable":true,"href":"https:\/\/www.makitamarket.com.tr\/site\/wp-json\/wp\/v2\/product_cat?post=8178"},{"taxonomy":"product_tag","embeddable":true,"href":"https:\/\/www.makitamarket.com.tr\/site\/wp-json\/wp\/v2\/product_tag?post=8178"}],"curies":[{"name":"wp","href":"https:\/\/api.w.org\/{rel}","templated":true}]}}