{"id":8189,"date":"2024-11-27T19:43:17","date_gmt":"2024-11-27T16:43:17","guid":{"rendered":"https:\/\/www.makitamarket.com.tr\/site\/urun\/virax-manuel-hidrolik-boru-bukme-3-8-2\/"},"modified":"2026-03-30T07:06:54","modified_gmt":"2026-03-30T04:06:54","slug":"virax-manuel-hidrolik-boru-bukme-3-8-2","status":"publish","type":"product","link":"https:\/\/www.makitamarket.com.tr\/site\/urun\/virax-manuel-hidrolik-boru-bukme-3-8-2\/","title":{"rendered":"Virax 240243 MANUEL H\u0130DROL\u0130K BORU B\u00dcKME 3\/8&#8243; &#8211; 2&#8243;"},"content":{"rendered":"<p>\n\t<span new=\"\"\\\"\" times=\"\"\\\"\">Sevkiyat Kapsam\u0131ndaki Kal\u0131plar : 3\/8\u201d-1\/2\u201d-3\/4\u201d 1\u201d-1.1\/4\u201d-1.1\/2\u201d 2\u201d\u00a0 <\/span><\/p>\n<table>\n<tr>\n<td>Hidrolik Kol<\/td>\n<td>Manuel No.2<\/td>\n<\/tr>\n<tr>\n<td>Tip<\/td>\n<td>Rayl\u0131 Yanak<\/td>\n<\/tr>\n<tr>\n<td>B\u00fckme Kapasitesi<\/td>\n<td>3\/8&#8243;-2<\/td>\n<\/tr>\n<tr>\n<td>Gaz Borular\u0131<\/td>\n<td>3\/8&#8243;-2&#8243;<\/td>\n<\/tr>\n<tr>\n<td>Tesisat Borular\u0131<\/td>\n<td>12mm-50 mm<\/td>\n<\/tr>\n<tr>\n<td>B\u00fckme A\u00e7\u0131s\u0131<\/td>\n<td>0\u00b0-90\u00b0<\/td>\n<\/tr>\n<tr>\n<td>A\u011f\u0131rl\u0131k<\/td>\n<td>71,00 kg<\/td>\n<\/tr>\n<tr>\n<td>Elektrik Kablo Borular\u0131<\/td>\n<td>No.9 &#8211; No.48<\/td>\n<\/tr>\n<\/table>\n","protected":false},"excerpt":{"rendered":"<p>\n\t<span new=\"\"\\\"\" times=\"\"\\\"\">Sevkiyat Kapsam\u0131ndaki Kal\u0131plar : 3\/8\u201d-1\/2\u201d-3\/4\u201d 1\u201d-1.1\/4\u201d-1.1\/2\u201d 2\u201d\u00a0 <\/span><\/p>\n","protected":false},"featured_media":8188,"comment_status":"open","ping_status":"closed","template":"","meta":{"_acf_changed":false},"product_brand":[1495],"product_cat":[725],"product_tag":[],"class_list":{"0":"post-8189","1":"product","2":"type-product","3":"status-publish","4":"has-post-thumbnail","6":"product_brand-virax","7":"product_cat-hidrolik-boru-bukmeler","9":"first","10":"instock","11":"taxable","12":"shipping-taxable","13":"purchasable","14":"product-type-simple","15":"add-to-wishlist-after_add_to_cart"},"acf":[],"_links":{"self":[{"href":"https:\/\/www.makitamarket.com.tr\/site\/wp-json\/wp\/v2\/product\/8189","targetHints":{"allow":["GET"]}}],"collection":[{"href":"https:\/\/www.makitamarket.com.tr\/site\/wp-json\/wp\/v2\/product"}],"about":[{"href":"https:\/\/www.makitamarket.com.tr\/site\/wp-json\/wp\/v2\/types\/product"}],"replies":[{"embeddable":true,"href":"https:\/\/www.makitamarket.com.tr\/site\/wp-json\/wp\/v2\/comments?post=8189"}],"wp:featuredmedia":[{"embeddable":true,"href":"https:\/\/www.makitamarket.com.tr\/site\/wp-json\/wp\/v2\/media\/8188"}],"wp:attachment":[{"href":"https:\/\/www.makitamarket.com.tr\/site\/wp-json\/wp\/v2\/media?parent=8189"}],"wp:term":[{"taxonomy":"product_brand","embeddable":true,"href":"https:\/\/www.makitamarket.com.tr\/site\/wp-json\/wp\/v2\/product_brand?post=8189"},{"taxonomy":"product_cat","embeddable":true,"href":"https:\/\/www.makitamarket.com.tr\/site\/wp-json\/wp\/v2\/product_cat?post=8189"},{"taxonomy":"product_tag","embeddable":true,"href":"https:\/\/www.makitamarket.com.tr\/site\/wp-json\/wp\/v2\/product_tag?post=8189"}],"curies":[{"name":"wp","href":"https:\/\/api.w.org\/{rel}","templated":true}]}}