{"id":8195,"date":"2024-11-27T19:43:18","date_gmt":"2024-11-27T16:43:18","guid":{"rendered":"https:\/\/www.makitamarket.com.tr\/site\/urun\/turcoboor-yari-otomatik-manyetik-matkap\/"},"modified":"2026-04-06T12:12:57","modified_gmt":"2026-04-06T09:12:57","slug":"turcoboor-yari-otomatik-manyetik-matkap","status":"publish","type":"product","link":"https:\/\/www.makitamarket.com.tr\/site\/urun\/turcoboor-yari-otomatik-manyetik-matkap\/","title":{"rendered":"Turcoboor TB30X YARI OTOMAT\u0130K MANYET\u0130K MATKAP"},"content":{"rendered":"<table>\n<tr>\n<td>Motor G\u00fcc\u00fc<\/td>\n<td>1100 W<\/td>\n<\/tr>\n<tr>\n<td>Kapasite<\/td>\n<td>Kesici U\u00e7 \u00c7ap x Derinlik(Manuel  Besleme) : 35&#215;50 mm, (Otomatik Besleme) : 30&#215;45 mm, Matkap Ucu \u00c7ap x Derinlik (Yaln\u0131zca Manuel Besleme) : 13&#215;110 mm<\/td>\n<\/tr>\n<tr>\n<td>H\u0131z (Y\u00fckl\u00fc\/Y\u00fcks\u00fcz)<\/td>\n<td>620\/350 dev\/dak,  550\/330 dev\/dak<\/td>\n<\/tr>\n<tr>\n<td>Manyetik Kuvvet<\/td>\n<td>15.000 N<\/td>\n<\/tr>\n<tr>\n<td>Net A\u011f\u0131rl\u0131k<\/td>\n<td>16,5 kg<\/td>\n<\/tr>\n<tr>\n<td>Otomatik Besleme Sistemi<\/td>\n<td>\u221a<\/td>\n<\/tr>\n<\/table>\n","protected":false},"excerpt":{"rendered":"<p>Motor G\u00fcc\u00fc 1100 W Kapasite Kesici U\u00e7 \u00c7ap x Derinlik(Manuel Besleme) : 35&#215;50 mm, (Otomatik Besleme) : 30&#215;45 mm, Matkap Ucu \u00c7ap x Derinlik (Yaln\u0131zca Manuel Besleme) : 13&#215;110 mm<\/p>\n","protected":false},"featured_media":8194,"comment_status":"open","ping_status":"closed","template":"","meta":{"_acf_changed":false},"product_brand":[1506],"product_cat":[765],"product_tag":[],"class_list":{"0":"post-8195","1":"product","2":"type-product","3":"status-publish","4":"has-post-thumbnail","6":"product_brand-turcoboor","7":"product_cat-manyetik-matkaplar","9":"first","10":"outofstock","11":"taxable","12":"shipping-taxable","13":"purchasable","14":"product-type-simple","15":"add-to-wishlist-after_add_to_cart"},"acf":[],"_links":{"self":[{"href":"https:\/\/www.makitamarket.com.tr\/site\/wp-json\/wp\/v2\/product\/8195","targetHints":{"allow":["GET"]}}],"collection":[{"href":"https:\/\/www.makitamarket.com.tr\/site\/wp-json\/wp\/v2\/product"}],"about":[{"href":"https:\/\/www.makitamarket.com.tr\/site\/wp-json\/wp\/v2\/types\/product"}],"replies":[{"embeddable":true,"href":"https:\/\/www.makitamarket.com.tr\/site\/wp-json\/wp\/v2\/comments?post=8195"}],"wp:featuredmedia":[{"embeddable":true,"href":"https:\/\/www.makitamarket.com.tr\/site\/wp-json\/wp\/v2\/media\/8194"}],"wp:attachment":[{"href":"https:\/\/www.makitamarket.com.tr\/site\/wp-json\/wp\/v2\/media?parent=8195"}],"wp:term":[{"taxonomy":"product_brand","embeddable":true,"href":"https:\/\/www.makitamarket.com.tr\/site\/wp-json\/wp\/v2\/product_brand?post=8195"},{"taxonomy":"product_cat","embeddable":true,"href":"https:\/\/www.makitamarket.com.tr\/site\/wp-json\/wp\/v2\/product_cat?post=8195"},{"taxonomy":"product_tag","embeddable":true,"href":"https:\/\/www.makitamarket.com.tr\/site\/wp-json\/wp\/v2\/product_tag?post=8195"}],"curies":[{"name":"wp","href":"https:\/\/api.w.org\/{rel}","templated":true}]}}