{"id":8203,"date":"2024-11-27T19:43:21","date_gmt":"2024-11-27T16:43:21","guid":{"rendered":"https:\/\/www.makitamarket.com.tr\/site\/urun\/kama-by-reis-dizel-motor-10-hp\/"},"modified":"2025-11-16T04:19:44","modified_gmt":"2025-11-16T01:19:44","slug":"kama-by-reis-dizel-motor-10-hp","status":"publish","type":"product","link":"https:\/\/www.makitamarket.com.tr\/site\/urun\/kama-by-reis-dizel-motor-10-hp\/","title":{"rendered":"Kama By Reis KDK186FAY D\u0130ZEL MOTOR 10 hp"},"content":{"rendered":"<table>\n<tr>\n<td>Maksimum G\u00fc\u00e7  (Hp)<\/td>\n<td>10<\/td>\n<\/tr>\n<tr>\n<td>\u00c7ap x Stroke (mm)<\/td>\n<td>86 x 72 mm<\/td>\n<\/tr>\n<tr>\n<td>Silindir Hacmi  (cc)<\/td>\n<td>418<\/td>\n<\/tr>\n<tr>\n<td>\u00c7al\u0131\u015ft\u0131rma \u015eekli<\/td>\n<td>\u0130pli<\/td>\n<\/tr>\n<tr>\n<td>Motor tipi<\/td>\n<td>1 Silindir Hava So\u011futmal\u0131<\/td>\n<\/tr>\n<tr>\n<td>Krank Tipi<\/td>\n<td>K\u0131sa Konik (G6C)<\/td>\n<\/tr>\n<tr>\n<td>Gaz Tertibat\u0131<\/td>\n<td>\u00c7apa Tipi<\/td>\n<\/tr>\n<tr>\n<td>Kontak Set<\/td>\n<td>Yok<\/td>\n<\/tr>\n<tr>\n<td>Kaplin Flan\u015f\u0131<\/td>\n<td>Var<\/td>\n<\/tr>\n<tr>\n<td>Hava Filtresi<\/td>\n<td>Ya\u011fl\u0131 Tip<\/td>\n<\/tr>\n<tr>\n<td>Yak\u0131t Kapasitesi (Lt)<\/td>\n<td>5.5<\/td>\n<\/tr>\n<tr>\n<td>Ya\u011f Kapasitesi ( Lt )<\/td>\n<td>1,65<\/td>\n<\/tr>\n<tr>\n<td>Ya\u011f Tipi<\/td>\n<td>15W40<\/td>\n<\/tr>\n<tr>\n<td>A\u011f\u0131rl\u0131k  (Kg)<\/td>\n<td>50<\/td>\n<\/tr>\n<tr>\n<td>Boyutlar (UxGxY)(mm)<\/td>\n<td>417x441x494<\/td>\n<\/tr>\n<\/table>\n","protected":false},"excerpt":{"rendered":"<p>Maksimum G\u00fc\u00e7 (Hp) 10 \u00c7ap x Stroke (mm) 86 x 72 mm Silindir Hacmi (cc) 418 \u00c7al\u0131\u015ft\u0131rma \u015eekli \u0130pli Motor tipi 1 Silindir Hava So\u011futmal\u0131 Krank Tipi K\u0131sa Konik (G6C)<\/p>\n","protected":false},"featured_media":8241,"comment_status":"open","ping_status":"closed","template":"","meta":{"_acf_changed":false},"product_brand":[1500],"product_cat":[762],"product_tag":[],"class_list":{"0":"post-8203","1":"product","2":"type-product","3":"status-publish","4":"has-post-thumbnail","6":"product_brand-kama-by-reis","7":"product_cat-dizel-motorlar","9":"first","10":"outofstock","11":"taxable","12":"shipping-taxable","13":"purchasable","14":"product-type-simple","15":"add-to-wishlist-after_add_to_cart"},"acf":[],"_links":{"self":[{"href":"https:\/\/www.makitamarket.com.tr\/site\/wp-json\/wp\/v2\/product\/8203","targetHints":{"allow":["GET"]}}],"collection":[{"href":"https:\/\/www.makitamarket.com.tr\/site\/wp-json\/wp\/v2\/product"}],"about":[{"href":"https:\/\/www.makitamarket.com.tr\/site\/wp-json\/wp\/v2\/types\/product"}],"replies":[{"embeddable":true,"href":"https:\/\/www.makitamarket.com.tr\/site\/wp-json\/wp\/v2\/comments?post=8203"}],"wp:featuredmedia":[{"embeddable":true,"href":"https:\/\/www.makitamarket.com.tr\/site\/wp-json\/wp\/v2\/media\/8241"}],"wp:attachment":[{"href":"https:\/\/www.makitamarket.com.tr\/site\/wp-json\/wp\/v2\/media?parent=8203"}],"wp:term":[{"taxonomy":"product_brand","embeddable":true,"href":"https:\/\/www.makitamarket.com.tr\/site\/wp-json\/wp\/v2\/product_brand?post=8203"},{"taxonomy":"product_cat","embeddable":true,"href":"https:\/\/www.makitamarket.com.tr\/site\/wp-json\/wp\/v2\/product_cat?post=8203"},{"taxonomy":"product_tag","embeddable":true,"href":"https:\/\/www.makitamarket.com.tr\/site\/wp-json\/wp\/v2\/product_tag?post=8203"}],"curies":[{"name":"wp","href":"https:\/\/api.w.org\/{rel}","templated":true}]}}