{"id":8232,"date":"2024-11-27T19:43:35","date_gmt":"2024-11-27T16:43:35","guid":{"rendered":"https:\/\/www.makitamarket.com.tr\/site\/urun\/factor-kendinden-konvertorlu-vibrator\/"},"modified":"2026-03-30T07:07:59","modified_gmt":"2026-03-30T04:07:59","slug":"factor-kendinden-konvertorlu-vibrator","status":"publish","type":"product","link":"https:\/\/www.makitamarket.com.tr\/site\/urun\/factor-kendinden-konvertorlu-vibrator\/","title":{"rendered":"Factor KKV50 KEND\u0130NDEN KONVERT\u00d6RL\u00dc V\u0130BRAT\u00d6R"},"content":{"rendered":"<ul>\n<li>\n\t\tAyr\u0131 bir konvdert\u00f6re ihtiya\u00e7 duymadan konvert\u00f6r g\u00fc\u00e7\u00fc elde edilebilmesine imkan sa\u011flar.<\/li>\n<li>\n\t\tHafifli\u011fi ve 220 V ile \u00e7al\u0131\u015fmas\u0131yla rahat ta\u015f\u0131ma ve kolay kullanma imkan\u0131 sa\u011flar.<\/li>\n<li>\n\t\t7 metre metal \u00f6rg\u00fc ile g\u00fc\u00e7lendirilmi\u015f hortumla,daha geni\u015f \u00e7al\u0131\u015fma alan\u0131 ve bak\u0131m gerektirmeden uzun s\u00fcreli kullan\u0131m sa\u011flar.<\/li>\n<li>\n\t\tY\u00fcksek \u0131s\u0131 korumas\u0131 sa\u011flar.<\/li>\n<li>\n\t\tIP52 koruma s\u0131n\u0131f\u0131 kontrol kutusuna sahiptir.<\/li>\n<li>\n\t\tG\u00fc\u00e7l\u00fc vibrasyonu ve uzun \u00f6mr\u00fc ile farkl\u0131 yap\u0131larda da hizmet imkan\u0131 veirr.<\/li>\n<li>\n\t\tY\u00fcksek performansl\u0131 ve uzun \u00f6m\u00fcrl\u00fc profesyonel \u00e7\u00f6z\u00fcmd\u00fcr.<\/li>\n<\/ul>\n<table>\n<tr>\n<td>\u015ei\u015fe \u00c7ap\u0131<\/td>\n<td>50 mm (2)&#8221;<\/td>\n<\/tr>\n<tr>\n<td>\u015ei\u015fe Uzunlu\u011fu<\/td>\n<td>398 mm (15,7)&#8221;<\/td>\n<\/tr>\n<tr>\n<td>Hortum ve Kablo<\/td>\n<td>7+15 m<\/td>\n<\/tr>\n<tr>\n<td>Titre\u015fim<\/td>\n<td>12.000 dk<\/td>\n<\/tr>\n<tr>\n<td>Santrifuj Kuvveti<\/td>\n<td>3000 N<\/td>\n<\/tr>\n<tr>\n<td>\u00c7al\u0131\u015fma Voltaj\u0131<\/td>\n<td>200\/240V &#8211; 50\/60Hz.<\/td>\n<\/tr>\n<tr>\n<td>Nominal Ak\u0131m<\/td>\n<td>4 A<\/td>\n<\/tr>\n<tr>\n<td>A\u011f\u0131rl\u0131k<\/td>\n<td>20 kg<\/td>\n<\/tr>\n<\/table>\n","protected":false},"excerpt":{"rendered":"<ul>\n<li>\n\t\tAyr\u0131 bir konvdert\u00f6re ihtiya\u00e7 duymadan konvert\u00f6r g\u00fc\u00e7\u00fc elde edilebilmesine imkan sa\u011flar.<\/li>\n<li>\n\t\tHafifli\u011fi ve 220 V ile \u00e7al\u0131\u015fmas\u0131yla rahat ta\u015f\u0131ma ve kolay kullanma imkan\u0131 sa\u011flar.<\/li>\n<li>\n\t\t7 metre metal \u00f6rg\u00fc ile g\u00fc\u00e7lendirilmi\u015f hortumla,daha geni\u015f \u00e7al\u0131\u015fma alan\u0131 ve bak\u0131m gerektirmeden uzun s\u00fcreli kullan\u0131m sa\u011flar.<\/li>\n<li>\n\t\tY\u00fcksek \u0131s\u0131 korumas\u0131 sa\u011flar.<\/li>\n<li>\n\t\tIP52 koruma s\u0131n\u0131f\u0131 kontrol kutusuna sahiptir.<\/li>\n<li>\n\t\tG\u00fc\u00e7l\u00fc vibrasyonu ve uzun \u00f6mr\u00fc ile farkl\u0131 yap\u0131larda da hizmet imkan\u0131 veirr.<\/li>\n<li>\n\t\tY\u00fcksek performansl\u0131 ve uzun \u00f6m\u00fcrl\u00fc profesyonel \u00e7\u00f6z\u00fcmd\u00fcr.<\/li>\n<\/ul>\n","protected":false},"featured_media":8275,"comment_status":"open","ping_status":"closed","template":"","meta":{"_acf_changed":false},"product_brand":[1494],"product_cat":[821],"product_tag":[],"class_list":{"0":"post-8232","1":"product","2":"type-product","3":"status-publish","4":"has-post-thumbnail","6":"product_brand-factor","7":"product_cat-beton-vibratorleri","9":"first","10":"instock","11":"taxable","12":"shipping-taxable","13":"purchasable","14":"product-type-simple","15":"add-to-wishlist-after_add_to_cart"},"acf":[],"_links":{"self":[{"href":"https:\/\/www.makitamarket.com.tr\/site\/wp-json\/wp\/v2\/product\/8232","targetHints":{"allow":["GET"]}}],"collection":[{"href":"https:\/\/www.makitamarket.com.tr\/site\/wp-json\/wp\/v2\/product"}],"about":[{"href":"https:\/\/www.makitamarket.com.tr\/site\/wp-json\/wp\/v2\/types\/product"}],"replies":[{"embeddable":true,"href":"https:\/\/www.makitamarket.com.tr\/site\/wp-json\/wp\/v2\/comments?post=8232"}],"wp:featuredmedia":[{"embeddable":true,"href":"https:\/\/www.makitamarket.com.tr\/site\/wp-json\/wp\/v2\/media\/8275"}],"wp:attachment":[{"href":"https:\/\/www.makitamarket.com.tr\/site\/wp-json\/wp\/v2\/media?parent=8232"}],"wp:term":[{"taxonomy":"product_brand","embeddable":true,"href":"https:\/\/www.makitamarket.com.tr\/site\/wp-json\/wp\/v2\/product_brand?post=8232"},{"taxonomy":"product_cat","embeddable":true,"href":"https:\/\/www.makitamarket.com.tr\/site\/wp-json\/wp\/v2\/product_cat?post=8232"},{"taxonomy":"product_tag","embeddable":true,"href":"https:\/\/www.makitamarket.com.tr\/site\/wp-json\/wp\/v2\/product_tag?post=8232"}],"curies":[{"name":"wp","href":"https:\/\/api.w.org\/{rel}","templated":true}]}}