{"id":8244,"date":"2024-11-27T19:43:39","date_gmt":"2024-11-27T16:43:39","guid":{"rendered":"https:\/\/www.makitamarket.com.tr\/site\/urun\/makita-makita-em4350rh-4zaman-benzin-motorlu-sirt-tirpani\/"},"modified":"2025-11-16T04:21:22","modified_gmt":"2025-11-16T01:21:22","slug":"makita-makita-em4350rh-4zaman-benzin-motorlu-sirt-tirpani","status":"publish","type":"product","link":"https:\/\/www.makitamarket.com.tr\/site\/urun\/makita-makita-em4350rh-4zaman-benzin-motorlu-sirt-tirpani\/","title":{"rendered":"Makita EM4350RH MAKITA EM4350RH 4ZAMAN BENZ\u0130N MOTORLU SIRT TIRPANI"},"content":{"rendered":"<p>\n\t&#8211; Makita mini 4 zamanl\u0131 motor teknolojisine sahiptir<\/p>\n<p>\n\t&#8211; \u00d6l\u00e7\u00fcler ( LxWxH ) 358x280x587mm<\/p>\n<p>\n\t&#8211; Profesyonel kullan\u0131c\u0131lar i\u00e7in uygundur.<\/p>\n<p>\n\t&#8211; \u00c7evreci bir \u00fcr\u00fcnd\u00fcr.<\/p>\n<p>\n\t&#8211; Benzin kapasitesi 0.8 L<\/p>\n<table>\n<tr>\n<td>Motor<\/td>\n<td>4 ZAMANLI, BENZ\u0130NL\u0130<\/td>\n<\/tr>\n<tr>\n<td>Motor<\/td>\n<td>43 CC ( 1.5 kW 2.1 Hp )<\/td>\n<\/tr>\n<tr>\n<td>A\u011f\u0131rl\u0131k<\/td>\n<td>12 kg<\/td>\n<\/tr>\n<tr>\n<td>Titre\u015fim Say\u0131s\u0131<\/td>\n<td>3.4 m\/s2<\/td>\n<\/tr>\n<tr>\n<td>Ses seviyesi<\/td>\n<td>111<\/td>\n<\/tr>\n<\/table>\n","protected":false},"excerpt":{"rendered":"<p>\n\t&#8211; Makita mini 4 zamanl\u0131 motor teknolojisine sahiptir<\/p>\n<p>\n\t&#8211; \u00d6l\u00e7\u00fcler ( LxWxH ) 358x280x587mm<\/p>\n<p>\n\t&#8211; Profesyonel kullan\u0131c\u0131lar i\u00e7in uygundur.<\/p>\n<p>\n\t&#8211; \u00c7evreci bir \u00fcr\u00fcnd\u00fcr.<\/p>\n<p>\n\t&#8211; Benzin kapasitesi 0.8 L<\/p>\n","protected":false},"featured_media":8243,"comment_status":"open","ping_status":"closed","template":"","meta":{"_acf_changed":false},"product_brand":[1485],"product_cat":[1565],"product_tag":[],"class_list":{"0":"post-8244","1":"product","2":"type-product","3":"status-publish","4":"has-post-thumbnail","6":"product_brand-makita","7":"product_cat-yok-yok","9":"first","10":"outofstock","11":"taxable","12":"shipping-taxable","13":"purchasable","14":"product-type-simple","15":"add-to-wishlist-after_add_to_cart"},"acf":[],"_links":{"self":[{"href":"https:\/\/www.makitamarket.com.tr\/site\/wp-json\/wp\/v2\/product\/8244","targetHints":{"allow":["GET"]}}],"collection":[{"href":"https:\/\/www.makitamarket.com.tr\/site\/wp-json\/wp\/v2\/product"}],"about":[{"href":"https:\/\/www.makitamarket.com.tr\/site\/wp-json\/wp\/v2\/types\/product"}],"replies":[{"embeddable":true,"href":"https:\/\/www.makitamarket.com.tr\/site\/wp-json\/wp\/v2\/comments?post=8244"}],"wp:featuredmedia":[{"embeddable":true,"href":"https:\/\/www.makitamarket.com.tr\/site\/wp-json\/wp\/v2\/media\/8243"}],"wp:attachment":[{"href":"https:\/\/www.makitamarket.com.tr\/site\/wp-json\/wp\/v2\/media?parent=8244"}],"wp:term":[{"taxonomy":"product_brand","embeddable":true,"href":"https:\/\/www.makitamarket.com.tr\/site\/wp-json\/wp\/v2\/product_brand?post=8244"},{"taxonomy":"product_cat","embeddable":true,"href":"https:\/\/www.makitamarket.com.tr\/site\/wp-json\/wp\/v2\/product_cat?post=8244"},{"taxonomy":"product_tag","embeddable":true,"href":"https:\/\/www.makitamarket.com.tr\/site\/wp-json\/wp\/v2\/product_tag?post=8244"}],"curies":[{"name":"wp","href":"https:\/\/api.w.org\/{rel}","templated":true}]}}