{"id":8256,"date":"2024-11-27T19:43:48","date_gmt":"2024-11-27T16:43:48","guid":{"rendered":"https:\/\/www.makitamarket.com.tr\/site\/urun\/optimum-optimum-hms-200-hidrolik-makina-mengenesi\/"},"modified":"2025-11-16T04:21:24","modified_gmt":"2025-11-16T01:21:24","slug":"optimum-optimum-hms-200-hidrolik-makina-mengenesi","status":"publish","type":"product","link":"https:\/\/www.makitamarket.com.tr\/site\/urun\/optimum-optimum-hms-200-hidrolik-makina-mengenesi\/","title":{"rendered":"Optimum HMS200 OPTIMUM HMS 200 H\u0130DROL\u0130K MAK\u0130NA MENGENES\u0130"},"content":{"rendered":"<p>\n\t\u2022 Frezeleme, delme ve ta\u015flama i\u00e7in son derece dayan\u0131kl\u0131d\u0131r.<\/p>\n<p>\n\t\u2022 Y\u00fcksek kaliteli d\u00f6k\u00fcm \u00e7elikten imal edilmi\u015ftir.<\/p>\n<p>\n\t\u2022 Hidrolik sistem minimum g\u00fc\u00e7le maksimum s\u0131kma bas\u0131nc\u0131 sa\u011flar<\/p>\n<p>\n\t\u2022 360\u00b0 d\u00f6ner tablal\u0131<\/p>\n<table>\n<tr>\n<td>A\u00e7\u0131lma<\/td>\n<td>0-100<\/td>\n<\/tr>\n<tr>\n<td>A\u00e7\u0131lma<\/td>\n<td>98-200<\/td>\n<\/tr>\n<tr>\n<td>A\u00e7\u0131lma<\/td>\n<td>195-300<\/td>\n<\/tr>\n<tr>\n<td>S\u0131kma Bas\u0131nc\u0131<\/td>\n<td>7500 kg<\/td>\n<\/tr>\n<tr>\n<td>S\u0131kma Bas\u0131nc\u0131<\/td>\n<td>73,5kN<\/td>\n<\/tr>\n<\/table>\n","protected":false},"excerpt":{"rendered":"<p>\n\t\u2022 Frezeleme, delme ve ta\u015flama i\u00e7in son derece dayan\u0131kl\u0131d\u0131r.<\/p>\n<p>\n\t\u2022 Y\u00fcksek kaliteli d\u00f6k\u00fcm \u00e7elikten imal edilmi\u015ftir.<\/p>\n<p>\n\t\u2022 Hidrolik sistem minimum g\u00fc\u00e7le maksimum s\u0131kma bas\u0131nc\u0131 sa\u011flar<\/p>\n<p>\n\t\u2022 360\u00b0 d\u00f6ner tablal\u0131<\/p>\n","protected":false},"featured_media":8255,"comment_status":"open","ping_status":"closed","template":"","meta":{"_acf_changed":false},"product_brand":[1511],"product_cat":[824],"product_tag":[],"class_list":{"0":"post-8256","1":"product","2":"type-product","3":"status-publish","4":"has-post-thumbnail","6":"product_brand-optimum","7":"product_cat-aksesuarlar-metal-isleme-makinalari-2","9":"first","10":"outofstock","11":"taxable","12":"shipping-taxable","13":"purchasable","14":"product-type-simple","15":"add-to-wishlist-after_add_to_cart"},"acf":[],"_links":{"self":[{"href":"https:\/\/www.makitamarket.com.tr\/site\/wp-json\/wp\/v2\/product\/8256","targetHints":{"allow":["GET"]}}],"collection":[{"href":"https:\/\/www.makitamarket.com.tr\/site\/wp-json\/wp\/v2\/product"}],"about":[{"href":"https:\/\/www.makitamarket.com.tr\/site\/wp-json\/wp\/v2\/types\/product"}],"replies":[{"embeddable":true,"href":"https:\/\/www.makitamarket.com.tr\/site\/wp-json\/wp\/v2\/comments?post=8256"}],"wp:featuredmedia":[{"embeddable":true,"href":"https:\/\/www.makitamarket.com.tr\/site\/wp-json\/wp\/v2\/media\/8255"}],"wp:attachment":[{"href":"https:\/\/www.makitamarket.com.tr\/site\/wp-json\/wp\/v2\/media?parent=8256"}],"wp:term":[{"taxonomy":"product_brand","embeddable":true,"href":"https:\/\/www.makitamarket.com.tr\/site\/wp-json\/wp\/v2\/product_brand?post=8256"},{"taxonomy":"product_cat","embeddable":true,"href":"https:\/\/www.makitamarket.com.tr\/site\/wp-json\/wp\/v2\/product_cat?post=8256"},{"taxonomy":"product_tag","embeddable":true,"href":"https:\/\/www.makitamarket.com.tr\/site\/wp-json\/wp\/v2\/product_tag?post=8256"}],"curies":[{"name":"wp","href":"https:\/\/api.w.org\/{rel}","templated":true}]}}