{"id":8259,"date":"2024-11-27T19:43:49","date_gmt":"2024-11-27T16:43:49","guid":{"rendered":"https:\/\/www.makitamarket.com.tr\/site\/urun\/gison-1-havali-somun-sikma\/"},"modified":"2026-03-30T07:19:43","modified_gmt":"2026-03-30T04:19:43","slug":"gison-1-havali-somun-sikma","status":"publish","type":"product","link":"https:\/\/www.makitamarket.com.tr\/site\/urun\/gison-1-havali-somun-sikma\/","title":{"rendered":"Gison GW38P 1&#8243; HAVALI SOMUN SIKMA"},"content":{"rendered":"<div>\n\t\u2022\u00a0<strong><span style=\"color: rgb(255, 0, 0);\">A\u011f\u0131r Hizmet<\/span><\/strong><\/div>\n<div>\n\t\u2022 K\u0131sa Soket\u00a0<\/div>\n<div>\n\t<strong>Kullan\u0131m Alanlar\u0131:<\/strong><\/div>\n<div>\n\tA\u011f\u0131r vas\u0131talar, motor, tar\u0131m ve arazi ara\u00e7lar\u0131 onar\u0131mlar\u0131, metro ve tren ray\u0131 montaj\u0131 vbg.\u00a0<\/div>\n<table>\n<tr>\n<td>Soket \u00d6l\u00e7\u00fcs\u00fc<\/td>\n<td>1&#8243; (25.4 mm.)<\/td>\n<\/tr>\n<tr>\n<td>Somun Kapasitesi<\/td>\n<td>40 mm.<\/td>\n<\/tr>\n<tr>\n<td>Tork G\u00fcc\u00fc<\/td>\n<td>190 kg.m (1.900 Nm)<\/td>\n<\/tr>\n<tr>\n<td>Net A\u011f\u0131rl\u0131k<\/td>\n<td>10.20 kg<\/td>\n<\/tr>\n<tr>\n<td>Uzunluk<\/td>\n<td>270 mm.<\/td>\n<\/tr>\n<tr>\n<td>Hava T\u00fcketimi<\/td>\n<td>0.58 m\u00b3\/dak<\/td>\n<\/tr>\n<tr>\n<td>Hava Giri\u015fi<\/td>\n<td>3\/8&#8243;<\/td>\n<\/tr>\n<tr>\n<td>Hortum \u00d6l\u00e7\u00fcs\u00fc <\/td>\n<td>13 mm.<\/td>\n<\/tr>\n<tr>\n<td>G\u00fcr\u00fclt\u00fc Seviyesi<\/td>\n<td>93 dBA<\/td>\n<\/tr>\n<tr>\n<td>Sars\u0131nt\u0131 Seviyesi<\/td>\n<td>7.5 m\/S\u00b2<\/td>\n<\/tr>\n<tr>\n<td>Hava Bas\u0131nc\u0131<\/td>\n<td>90 psi (6.3 kg.\/cm\u00b2)<\/td>\n<\/tr>\n<tr>\n<td>Mekanizma<\/td>\n<td>Pin Hammer<\/td>\n<\/tr>\n<tr>\n<td>Standart\u0131<\/td>\n<td>CE-Made in Taiwan<\/td>\n<\/tr>\n<\/table>\n","protected":false},"excerpt":{"rendered":"<div>\n\t\u2022\u00a0<strong><span style=\"color: rgb(255, 0, 0);\">A\u011f\u0131r Hizmet<\/span><\/strong><\/div>\n<div>\n\t\u2022 K\u0131sa Soket\u00a0<\/div>\n<div>\n\t<strong>Kullan\u0131m Alanlar\u0131:<\/strong><\/div>\n<div>\n\tA\u011f\u0131r vas\u0131talar, motor, tar\u0131m ve arazi ara\u00e7lar\u0131 onar\u0131mlar\u0131, metro ve tren ray\u0131 montaj\u0131 vbg.\u00a0<\/div>\n","protected":false},"featured_media":8898,"comment_status":"open","ping_status":"closed","template":"","meta":{"_acf_changed":false},"product_brand":[1512],"product_cat":[880],"product_tag":[],"class_list":{"0":"post-8259","1":"product","2":"type-product","3":"status-publish","4":"has-post-thumbnail","6":"product_brand-gison","7":"product_cat-havali-somun-sikmalar","9":"first","10":"outofstock","11":"taxable","12":"shipping-taxable","13":"purchasable","14":"product-type-simple","15":"add-to-wishlist-after_add_to_cart"},"acf":[],"_links":{"self":[{"href":"https:\/\/www.makitamarket.com.tr\/site\/wp-json\/wp\/v2\/product\/8259","targetHints":{"allow":["GET"]}}],"collection":[{"href":"https:\/\/www.makitamarket.com.tr\/site\/wp-json\/wp\/v2\/product"}],"about":[{"href":"https:\/\/www.makitamarket.com.tr\/site\/wp-json\/wp\/v2\/types\/product"}],"replies":[{"embeddable":true,"href":"https:\/\/www.makitamarket.com.tr\/site\/wp-json\/wp\/v2\/comments?post=8259"}],"wp:featuredmedia":[{"embeddable":true,"href":"https:\/\/www.makitamarket.com.tr\/site\/wp-json\/wp\/v2\/media\/8898"}],"wp:attachment":[{"href":"https:\/\/www.makitamarket.com.tr\/site\/wp-json\/wp\/v2\/media?parent=8259"}],"wp:term":[{"taxonomy":"product_brand","embeddable":true,"href":"https:\/\/www.makitamarket.com.tr\/site\/wp-json\/wp\/v2\/product_brand?post=8259"},{"taxonomy":"product_cat","embeddable":true,"href":"https:\/\/www.makitamarket.com.tr\/site\/wp-json\/wp\/v2\/product_cat?post=8259"},{"taxonomy":"product_tag","embeddable":true,"href":"https:\/\/www.makitamarket.com.tr\/site\/wp-json\/wp\/v2\/product_tag?post=8259"}],"curies":[{"name":"wp","href":"https:\/\/api.w.org\/{rel}","templated":true}]}}