{"id":8268,"date":"2024-11-27T19:43:53","date_gmt":"2024-11-27T16:43:53","guid":{"rendered":"https:\/\/www.makitamarket.com.tr\/site\/urun\/virax-virax-2102-65-dokum-boru-kesici\/"},"modified":"2026-04-06T12:14:57","modified_gmt":"2026-04-06T09:14:57","slug":"virax-virax-2102-65-dokum-boru-kesici","status":"publish","type":"product","link":"https:\/\/www.makitamarket.com.tr\/site\/urun\/virax-virax-2102-65-dokum-boru-kesici\/","title":{"rendered":"Virax 210265 VIRAX 2102 65 D\u00d6K\u00dcM BORU KES\u0130C\u0130"},"content":{"rendered":"<p>\n\t<span dir=\"ltr\" role=\"presentation\" style=\"left: 384.062px; top: 800.434px; font-size: 11.6667px; font-family: sans-serif; transform: scaleX(0.88732);\">Maksimum et kal\u0131nl\u0131\u011f\u0131:<\/span><span dir=\"ltr\" role=\"presentation\" style=\"left: 494.977px; top: 800.434px; font-size: 11.6667px; font-family: sans-serif;\"> <\/span><span dir=\"ltr\" role=\"presentation\" style=\"left: 497.368px; top: 800.434px; font-size: 11.6667px; font-family: sans-serif; transform: scaleX(0.899943);\">8mm<\/span><\/p>\n<table>\n<tr>\n<td>Boru \u00d6l\u00e7\u00fcs\u00fc<\/td>\n<td>125-300<\/td>\n<\/tr>\n<tr>\n<td>A\u011f\u0131rl\u0131k<\/td>\n<td>16,5 kg<\/td>\n<\/tr>\n<tr>\n<td>Boru \u00d6l\u00e7\u00fcs\u00fc<\/td>\n<td>5&#8243;-12&#8243;<\/td>\n<\/tr>\n<tr>\n<td>Uzunluk<\/td>\n<td>1000 mm<\/td>\n<\/tr>\n<tr>\n<td>Kesici Adet<\/td>\n<td>9 adet<\/td>\n<\/tr>\n<\/table>\n","protected":false},"excerpt":{"rendered":"<p>\n\t<span dir=\"ltr\" role=\"presentation\" style=\"left: 384.062px; top: 800.434px; font-size: 11.6667px; font-family: sans-serif; transform: scaleX(0.88732);\">Maksimum et kal\u0131nl\u0131\u011f\u0131:<\/span><span dir=\"ltr\" role=\"presentation\" style=\"left: 494.977px; top: 800.434px; font-size: 11.6667px; font-family: sans-serif;\"> <\/span><span dir=\"ltr\" role=\"presentation\" style=\"left: 497.368px; top: 800.434px; font-size: 11.6667px; font-family: sans-serif; transform: scaleX(0.899943);\">8mm<\/span><\/p>\n","protected":false},"featured_media":8267,"comment_status":"open","ping_status":"closed","template":"","meta":{"_acf_changed":false},"product_brand":[1495],"product_cat":[826],"product_tag":[],"class_list":{"0":"post-8268","1":"product","2":"type-product","3":"status-publish","4":"has-post-thumbnail","6":"product_brand-virax","7":"product_cat-celik-boru-kesiciler","9":"first","10":"instock","11":"taxable","12":"shipping-taxable","13":"purchasable","14":"product-type-simple","15":"add-to-wishlist-after_add_to_cart"},"acf":[],"_links":{"self":[{"href":"https:\/\/www.makitamarket.com.tr\/site\/wp-json\/wp\/v2\/product\/8268","targetHints":{"allow":["GET"]}}],"collection":[{"href":"https:\/\/www.makitamarket.com.tr\/site\/wp-json\/wp\/v2\/product"}],"about":[{"href":"https:\/\/www.makitamarket.com.tr\/site\/wp-json\/wp\/v2\/types\/product"}],"replies":[{"embeddable":true,"href":"https:\/\/www.makitamarket.com.tr\/site\/wp-json\/wp\/v2\/comments?post=8268"}],"wp:featuredmedia":[{"embeddable":true,"href":"https:\/\/www.makitamarket.com.tr\/site\/wp-json\/wp\/v2\/media\/8267"}],"wp:attachment":[{"href":"https:\/\/www.makitamarket.com.tr\/site\/wp-json\/wp\/v2\/media?parent=8268"}],"wp:term":[{"taxonomy":"product_brand","embeddable":true,"href":"https:\/\/www.makitamarket.com.tr\/site\/wp-json\/wp\/v2\/product_brand?post=8268"},{"taxonomy":"product_cat","embeddable":true,"href":"https:\/\/www.makitamarket.com.tr\/site\/wp-json\/wp\/v2\/product_cat?post=8268"},{"taxonomy":"product_tag","embeddable":true,"href":"https:\/\/www.makitamarket.com.tr\/site\/wp-json\/wp\/v2\/product_tag?post=8268"}],"curies":[{"name":"wp","href":"https:\/\/api.w.org\/{rel}","templated":true}]}}