{"id":8271,"date":"2024-11-27T19:43:54","date_gmt":"2024-11-27T16:43:54","guid":{"rendered":"https:\/\/www.makitamarket.com.tr\/site\/urun\/euromax-yatar-karot-makinasi-300-mm\/"},"modified":"2026-04-06T12:14:59","modified_gmt":"2026-04-06T09:14:59","slug":"euromax-yatar-karot-makinasi-300-mm","status":"publish","type":"product","link":"https:\/\/www.makitamarket.com.tr\/site\/urun\/euromax-yatar-karot-makinasi-300-mm\/","title":{"rendered":"Euromax EX75003 YATAR KAROT MAK\u0130NASI 300 mm"},"content":{"rendered":"<p>\n\t\u2022 45\u00b0 Yatar<br \/>\n\t\u2022<strong>\u00a0<\/strong>360\u00b0 D\u00f6nebilir So\u00a4utucu Muslu\u00a4u<br \/>\n\t\u2022<strong>\u00a0<\/strong>\u00c7ift H\u0131zl\u0131<br \/>\n\t\u2022<strong>\u00a0<\/strong>Motor Koruma I\u00e7in Dahili Sigorta<br \/>\n\t\u2022<strong>\u00a0<\/strong>\u00c7ift Izolasyonlu Motor<\/p>\n<table>\n<tr>\n<td>Maks.Delme \u00c7ap\u0131<\/td>\n<td>300 mm.<\/td>\n<\/tr>\n<tr>\n<td>\u00c7al\u0131\u015fma Voltaj\u0131<\/td>\n<td>220V.AC~50Hz<\/td>\n<\/tr>\n<tr>\n<td>Motor G\u00fcc\u00fc<\/td>\n<td>3.250 Watt<\/td>\n<\/tr>\n<tr>\n<td>Delme Derinli\u011fi<\/td>\n<td>580 mm<\/td>\n<\/tr>\n<tr>\n<td>Vites Say\u0131s\u0131<\/td>\n<td>2<\/td>\n<\/tr>\n<tr>\n<td>Boyutlar\u0131<\/td>\n<td>1081x370x378<\/td>\n<\/tr>\n<tr>\n<td>Y\u00fckle D\u00f6n\u00fc\u015f<\/td>\n<td>1.h\u0131z : 480 d\/dak. &#8211; 2. h\u0131z : 900 d\/dak.<\/td>\n<\/tr>\n<tr>\n<td>Net A\u011f\u0131rl\u0131k (kg)<\/td>\n<td>33.8 kg<\/td>\n<\/tr>\n<tr>\n<td>Standart\u0131<\/td>\n<td>CE<\/td>\n<\/tr>\n<\/table>\n","protected":false},"excerpt":{"rendered":"<p>\n\t\u2022 45\u00b0 Yatar<br \/>\n\t\u2022<strong>\u00a0<\/strong>360\u00b0 D\u00f6nebilir So\u00a4utucu Muslu\u00a4u<br \/>\n\t\u2022<strong>\u00a0<\/strong>\u00c7ift H\u0131zl\u0131<br \/>\n\t\u2022<strong>\u00a0<\/strong>Motor Koruma I\u00e7in Dahili Sigorta<br \/>\n\t\u2022<strong>\u00a0<\/strong>\u00c7ift Izolasyonlu Motor<\/p>\n","protected":false},"featured_media":8270,"comment_status":"open","ping_status":"closed","template":"","meta":{"_acf_changed":false},"product_brand":[1513],"product_cat":[735],"product_tag":[],"class_list":{"0":"post-8271","1":"product","2":"type-product","3":"status-publish","4":"has-post-thumbnail","6":"product_brand-euromax","7":"product_cat-karot-makinalari-elektrikli-ve-akulu-el-aletleri","9":"first","10":"instock","11":"taxable","12":"shipping-taxable","13":"purchasable","14":"product-type-simple","15":"add-to-wishlist-after_add_to_cart"},"acf":[],"_links":{"self":[{"href":"https:\/\/www.makitamarket.com.tr\/site\/wp-json\/wp\/v2\/product\/8271","targetHints":{"allow":["GET"]}}],"collection":[{"href":"https:\/\/www.makitamarket.com.tr\/site\/wp-json\/wp\/v2\/product"}],"about":[{"href":"https:\/\/www.makitamarket.com.tr\/site\/wp-json\/wp\/v2\/types\/product"}],"replies":[{"embeddable":true,"href":"https:\/\/www.makitamarket.com.tr\/site\/wp-json\/wp\/v2\/comments?post=8271"}],"wp:featuredmedia":[{"embeddable":true,"href":"https:\/\/www.makitamarket.com.tr\/site\/wp-json\/wp\/v2\/media\/8270"}],"wp:attachment":[{"href":"https:\/\/www.makitamarket.com.tr\/site\/wp-json\/wp\/v2\/media?parent=8271"}],"wp:term":[{"taxonomy":"product_brand","embeddable":true,"href":"https:\/\/www.makitamarket.com.tr\/site\/wp-json\/wp\/v2\/product_brand?post=8271"},{"taxonomy":"product_cat","embeddable":true,"href":"https:\/\/www.makitamarket.com.tr\/site\/wp-json\/wp\/v2\/product_cat?post=8271"},{"taxonomy":"product_tag","embeddable":true,"href":"https:\/\/www.makitamarket.com.tr\/site\/wp-json\/wp\/v2\/product_tag?post=8271"}],"curies":[{"name":"wp","href":"https:\/\/api.w.org\/{rel}","templated":true}]}}