{"id":8272,"date":"2024-11-27T19:43:54","date_gmt":"2024-11-27T16:43:54","guid":{"rendered":"https:\/\/www.makitamarket.com.tr\/site\/urun\/ozco-t153dc-serit-testere\/"},"modified":"2026-04-06T12:15:00","modified_gmt":"2026-04-06T09:15:00","slug":"ozco-t153dc-serit-testere","status":"publish","type":"product","link":"https:\/\/www.makitamarket.com.tr\/site\/urun\/ozco-t153dc-serit-testere\/","title":{"rendered":"Ozco T153DC T153DC \u015eerit Testere"},"content":{"rendered":"<ul>\n<li>DC Motor<\/li>\n<li>\u0130nvert\u00f6rl\u00fc \u015eerit Testere H\u0131z Kontrol\u00fc<\/li>\n<li>Kol \u00fczerindeki elektronik tetik sayesinde kolay a\u00e7ma-kapama \u00f6zelli\u011fi<\/li>\n<li>Acil stop butonu<\/li>\n<li>Kesim sonras\u0131 testereyi durduran sivic sistemi<\/li>\n<li>60\u00b0 a\u00e7\u0131 ayar\u0131<\/li>\n<li>CE normlar\u0131na uygun<\/li>\n<li>Made in TAIWAN<\/li>\n<\/ul>\n<table>\n<tr>\n<td>Ana Motor G\u00fcc\u00fc <\/td>\n<td>Giri\u015f:1750 W, \u00c7\u0131k\u0131\u015f: 375 W, 230 V<\/td>\n<\/tr>\n<tr>\n<td>Kesim A\u00e7\u0131s\u0131<\/td>\n<td>0\u00b0-60\u00b0<\/td>\n<\/tr>\n<tr>\n<td>Kesim A\u00e7\u0131 Ayar\u0131<\/td>\n<td>G\u00f6bekten<\/td>\n<\/tr>\n<tr>\n<td>Kafa \u0130ni\u015f H\u0131z Ayar\u0131\/Besleme<\/td>\n<td>Manuel<\/td>\n<\/tr>\n<tr>\n<td>Testere B\u0131\u00e7a\u011f\u0131 \u00d6l\u00e7\u00fcleri<\/td>\n<td>13&#215;0,65&#215;1785<\/td>\n<\/tr>\n<tr>\n<td>H\u0131z<\/td>\n<td>35&#215;85<\/td>\n<\/tr>\n<tr>\n<td>Kademe<\/td>\n<td>\u0130nvert\u00f6rl\u00fc Devir Kontrol\u00fc<\/td>\n<\/tr>\n<tr>\n<td>Makina \u00d6l\u00e7\u00fcs\u00fc<\/td>\n<td>1700x550x800<\/td>\n<\/tr>\n<tr>\n<td>A\u011f\u0131rl\u0131k<\/td>\n<td>38<\/td>\n<\/tr>\n<tr>\n<td>Kesme Kapasitesi 0\u00b0<\/td>\n<td>Yuvarlak:153mm ; Dikd\u00f6rtgen:153x160mm<\/td>\n<\/tr>\n<tr>\n<td>Kesme Kapasitesi 45\u00b0<\/td>\n<td>Yuvarlak:110mm ; Dikd\u00f6rtgen:110x120mm<\/td>\n<\/tr>\n<tr>\n<td>Kesme Kapasitesi 60\u00b0<\/td>\n<td>Yuvarlak:70mm ; Dikd\u00f6rtgen:68x70mm<\/td>\n<\/tr>\n<\/table>\n","protected":false},"excerpt":{"rendered":"<ul>\n<li>DC Motor<\/li>\n<li>\u0130nvert\u00f6rl\u00fc \u015eerit Testere H\u0131z Kontrol\u00fc<\/li>\n<li>Kol \u00fczerindeki elektronik tetik sayesinde kolay a\u00e7ma-kapama \u00f6zelli\u011fi<\/li>\n<li>Acil stop butonu<\/li>\n<li>Kesim sonras\u0131 testereyi durduran sivic sistemi<\/li>\n<li>60\u00b0 a\u00e7\u0131 ayar\u0131<\/li>\n<li>CE normlar\u0131na uygun<\/li>\n<li>Made in TAIWAN<\/li>\n<\/ul>\n","protected":false},"featured_media":0,"comment_status":"open","ping_status":"closed","template":"","meta":{"_acf_changed":false},"product_brand":[1532],"product_cat":[1565],"product_tag":[],"class_list":{"0":"post-8272","1":"product","2":"type-product","3":"status-publish","5":"product_brand-ozco","6":"product_cat-yok-yok","8":"first","9":"instock","10":"taxable","11":"shipping-taxable","12":"purchasable","13":"product-type-simple","14":"add-to-wishlist-after_add_to_cart"},"acf":[],"_links":{"self":[{"href":"https:\/\/www.makitamarket.com.tr\/site\/wp-json\/wp\/v2\/product\/8272","targetHints":{"allow":["GET"]}}],"collection":[{"href":"https:\/\/www.makitamarket.com.tr\/site\/wp-json\/wp\/v2\/product"}],"about":[{"href":"https:\/\/www.makitamarket.com.tr\/site\/wp-json\/wp\/v2\/types\/product"}],"replies":[{"embeddable":true,"href":"https:\/\/www.makitamarket.com.tr\/site\/wp-json\/wp\/v2\/comments?post=8272"}],"wp:attachment":[{"href":"https:\/\/www.makitamarket.com.tr\/site\/wp-json\/wp\/v2\/media?parent=8272"}],"wp:term":[{"taxonomy":"product_brand","embeddable":true,"href":"https:\/\/www.makitamarket.com.tr\/site\/wp-json\/wp\/v2\/product_brand?post=8272"},{"taxonomy":"product_cat","embeddable":true,"href":"https:\/\/www.makitamarket.com.tr\/site\/wp-json\/wp\/v2\/product_cat?post=8272"},{"taxonomy":"product_tag","embeddable":true,"href":"https:\/\/www.makitamarket.com.tr\/site\/wp-json\/wp\/v2\/product_tag?post=8272"}],"curies":[{"name":"wp","href":"https:\/\/api.w.org\/{rel}","templated":true}]}}