{"id":8278,"date":"2024-11-27T19:43:58","date_gmt":"2024-11-27T16:43:58","guid":{"rendered":"https:\/\/www.makitamarket.com.tr\/site\/urun\/makita-demir-baglama-makinasi-18v\/"},"modified":"2026-04-13T23:58:34","modified_gmt":"2026-04-13T20:58:34","slug":"makita-demir-baglama-makinasi-18v","status":"publish","type":"product","link":"https:\/\/www.makitamarket.com.tr\/site\/urun\/makita-demir-baglama-makinasi-18v\/","title":{"rendered":"Makita DTR181ZJ DEM\u0130R BA\u011eLAMA MAK\u0130NASI 18V"},"content":{"rendered":"<p>Model DTR181ZJ<\/p>\n<p>Demir Ba\u011flama<\/p>\n<p><span style=\"color: rgb(0, 112, 192);\">Yer alt\u0131 \u0131s\u0131tma kablolar\u0131n\u0131 ve demirleri ba\u011flamak i\u00e7in uygundur.<\/span><\/p>\n<p>Uygulanabilir in\u015faat demiri (D13-D22)\u2019dir.Tek elle \u00e7al\u0131\u015ft\u0131r\u0131labilir. Ba\u011flama teli makaras\u0131, Makara kapa\u011f\u0131n\u0131 a\u00e7arak kolayca de\u011fi\u015ftirilebilir.<\/p>\n<p><span style=\"color: red;\">Kullan\u0131m amac\u0131: <\/span>Bu alet in\u015faat demirlerini ba\u011flamak i\u00e7in tasarlanm\u0131\u015ft\u0131r.<\/p>\n<p><u>\u00d6zellikleri:<\/u><\/p>\n<p>18V<\/p>\n<p>Ak\u00fcl\u00fc yap\u0131s\u0131 kullan\u0131c\u0131ya kablosuz kullan\u0131m imkan\u0131 sunar ve bu sayede kullan\u0131c\u0131lar geni\u015f alanlarda kablo s\u0131n\u0131rlamalar\u0131 olmadan rahat\u00e7a \u00e7al\u0131\u015fabilirler.<\/p>\n<ol>\n<li data-list=\"ordered\"><span class=\"ql-ui\" contenteditable=\"false\"><\/span>Plastik ta\u015f\u0131ma \u00e7antal\u0131d\u0131r<\/li>\n<li data-list=\"ordered\"><span class=\"ql-ui\" contenteditable=\"false\"><\/span>6 <span style=\"color: black;\">katmanl\u0131 tork ayarlay\u0131c\u0131 mevcuttur<\/span><\/li>\n<\/ol>\n<p>Uygulan\u0131labilir in\u015faat demiri: D13-D22<\/p>\n<p>Net a\u011f\u0131rl\u0131k:2.4kg<\/p>\n<p>G\u00fc\u00e7 kapasite:18V\/Li-ion<\/p>\n<p><span style=\"color: red;\">Ambalaj i\u00e7eri\u011finde ak\u00fc ve ak\u00fc \u015farj cihaz\u0131 bulunmamaktad\u0131r.<\/span><\/p>\n<table>\n<tr>\n<td>Kablo Ba\u011flama<\/td>\n<td>Tavl\u0131 tel  \u00f80.8mm<\/td>\n<\/tr>\n<tr>\n<td>Uygulan\u0131labilinir in\u015faat demiri<\/td>\n<td>D13-D22<\/td>\n<\/tr>\n<tr>\n<td>Net A\u011f\u0131rl\u0131k<\/td>\n<td>2.4<\/td>\n<\/tr>\n<tr>\n<td>G\u00fc\u00e7 kapasite<\/td>\n<td>18V\/Li-ion<\/td>\n<\/tr>\n<tr>\n<td>Koli \u0130\u00e7i Adedi<\/td>\n<td>1<\/td>\n<\/tr>\n<\/table>\n","protected":false},"excerpt":{"rendered":"<p>Model DTR181ZJ<\/p>\n<p>Demir Ba\u011flama<\/p>\n<p><span style=\"color: rgb(0, 112, 192);\">Yer alt\u0131 \u0131s\u0131tma kablolar\u0131n\u0131 ve demirleri ba\u011flamak i\u00e7in uygundur.<\/span><\/p>\n<p>Uygulanabilir in\u015faat demiri (D13-D22)\u2019dir.Tek elle \u00e7al\u0131\u015ft\u0131r\u0131labilir. Ba\u011flama teli makaras\u0131, Makara kapa\u011f\u0131n\u0131 a\u00e7arak kolayca de\u011fi\u015ftirilebilir.<\/p>\n<p><span style=\"color: red;\">Kullan\u0131m amac\u0131: <\/span>Bu alet in\u015faat demirlerini ba\u011flamak i\u00e7in tasarlanm\u0131\u015ft\u0131r.<\/p>\n<p><u>\u00d6zellikleri:<\/u><\/p>\n<p>18V<\/p>\n<p>Ak\u00fcl\u00fc yap\u0131s\u0131 kullan\u0131c\u0131ya kablosuz kullan\u0131m imkan\u0131 sunar ve bu sayede kullan\u0131c\u0131lar geni\u015f alanlarda kablo s\u0131n\u0131rlamalar\u0131 olmadan rahat\u00e7a \u00e7al\u0131\u015fabilirler.<\/p>\n<ol>\n<li data-list=\"ordered\"><span class=\"ql-ui\" contenteditable=\"false\"><\/span>Plastik ta\u015f\u0131ma \u00e7antal\u0131d\u0131r<\/li>\n<li data-list=\"ordered\"><span class=\"ql-ui\" contenteditable=\"false\"><\/span>6 <span style=\"color: black;\">katmanl\u0131 tork ayarlay\u0131c\u0131 mevcuttur<\/span><\/li>\n<\/ol>\n<p>Uygulan\u0131labilir in\u015faat demiri: D13-D22<\/p>\n<p>Net a\u011f\u0131rl\u0131k:2.4kg<\/p>\n<p>G\u00fc\u00e7 kapasite:18V\/Li-ion<\/p>\n<p><span style=\"color: red;\">Ambalaj i\u00e7eri\u011finde ak\u00fc ve ak\u00fc \u015farj cihaz\u0131 bulunmamaktad\u0131r.<\/span><\/p>\n","protected":false},"featured_media":22359,"comment_status":"open","ping_status":"closed","template":"","meta":{"_acf_changed":false},"product_brand":[1485],"product_cat":[1565],"product_tag":[],"class_list":{"0":"post-8278","1":"product","2":"type-product","3":"status-publish","4":"has-post-thumbnail","6":"product_brand-makita","7":"product_cat-yok-yok","9":"first","10":"instock","11":"taxable","12":"shipping-taxable","13":"purchasable","14":"product-type-simple","15":"add-to-wishlist-after_add_to_cart"},"acf":[],"_links":{"self":[{"href":"https:\/\/www.makitamarket.com.tr\/site\/wp-json\/wp\/v2\/product\/8278","targetHints":{"allow":["GET"]}}],"collection":[{"href":"https:\/\/www.makitamarket.com.tr\/site\/wp-json\/wp\/v2\/product"}],"about":[{"href":"https:\/\/www.makitamarket.com.tr\/site\/wp-json\/wp\/v2\/types\/product"}],"replies":[{"embeddable":true,"href":"https:\/\/www.makitamarket.com.tr\/site\/wp-json\/wp\/v2\/comments?post=8278"}],"wp:featuredmedia":[{"embeddable":true,"href":"https:\/\/www.makitamarket.com.tr\/site\/wp-json\/wp\/v2\/media\/22359"}],"wp:attachment":[{"href":"https:\/\/www.makitamarket.com.tr\/site\/wp-json\/wp\/v2\/media?parent=8278"}],"wp:term":[{"taxonomy":"product_brand","embeddable":true,"href":"https:\/\/www.makitamarket.com.tr\/site\/wp-json\/wp\/v2\/product_brand?post=8278"},{"taxonomy":"product_cat","embeddable":true,"href":"https:\/\/www.makitamarket.com.tr\/site\/wp-json\/wp\/v2\/product_cat?post=8278"},{"taxonomy":"product_tag","embeddable":true,"href":"https:\/\/www.makitamarket.com.tr\/site\/wp-json\/wp\/v2\/product_tag?post=8278"}],"curies":[{"name":"wp","href":"https:\/\/api.w.org\/{rel}","templated":true}]}}