{"id":8288,"date":"2024-11-27T19:44:04","date_gmt":"2024-11-27T16:44:04","guid":{"rendered":"https:\/\/www.makitamarket.com.tr\/site\/urun\/proxxon-proxxon-24108-ff230-freze\/"},"modified":"2026-03-30T07:08:51","modified_gmt":"2026-03-30T04:08:51","slug":"proxxon-proxxon-24108-ff230-freze","status":"publish","type":"product","link":"https:\/\/www.makitamarket.com.tr\/site\/urun\/proxxon-proxxon-24108-ff230-freze\/","title":{"rendered":"Proxxon 24108 FF230 PROXXON 24108 FF230 FREZE"},"content":{"rendered":"<div>\n\t<strong>Sevkiyat kapsam\u0131<\/strong>:6-8-10mm \u00f6l\u00e7\u00fclerinde pensler dahildir.<\/div>\n<div>\n\t\u2022Resimdeki basamakl\u0131 k\u0131ska\u00e7lar dahil de\u011fildir.\u00a0<\/div>\n<div>\n\t<strong>Uyumlu Aksesuarlar:<\/strong><\/div>\n<div>\n\t<strong>24140:<\/strong> Hassas ilerleme<\/div>\n<div>\n\t<strong>24620:<\/strong> Freze u\u00e7 seti<\/div>\n<div>\n\t<strong>24256:<\/strong> K\u0131ska\u00e7 seti<\/div>\n<div>\n\t<strong>24434: <\/strong>Kenar bulma seti<\/div>\n<div>\n\t<strong>24257:<\/strong> K\u0131ska\u00e7 seti<\/div>\n<div>\n\t<strong>24255:<\/strong> Mengene<\/div>\n<div>\n\t<strong>24262:<\/strong> V kanall\u0131 mengene : Merkezleme seti<\/div>\n<div>\n\t<strong>24260:<\/strong> Mengene<\/div>\n<div>\n\t<strong>28132:<\/strong> Mengene<\/div>\n<div>\n\t<strong>24610:\u00a0<\/strong>Freze u\u00e7 seti<\/div>\n<table>\n<tr>\n<td>\u00c7al\u0131\u015fma gerilimi<\/td>\n<td>220-240V<\/td>\n<\/tr>\n<tr>\n<td>Devir<\/td>\n<td>280-550-870-1.200-1.500-2.000 d\/dak<\/td>\n<\/tr>\n<tr>\n<td>X-Y ve dikey sal\u0131n\u0131m<\/td>\n<td>Mak. y\u00fck. : 500 mm 170&#215;65 mm<\/td>\n<\/tr>\n<tr>\n<td>G\u00fc\u00e7<\/td>\n<td>140 W<\/td>\n<\/tr>\n<tr>\n<td>A\u011f\u0131rl\u0131k<\/td>\n<td>17 kg<\/td>\n<\/tr>\n<\/table>\n","protected":false},"excerpt":{"rendered":"<div>\n\t<strong>Sevkiyat kapsam\u0131<\/strong>:6-8-10mm \u00f6l\u00e7\u00fclerinde pensler dahildir.<\/div>\n<div>\n\t\u2022Resimdeki basamakl\u0131 k\u0131ska\u00e7lar dahil de\u011fildir.\u00a0<\/div>\n<div>\n\t<strong>Uyumlu Aksesuarlar:<\/strong><\/div>\n<div>\n\t<strong>24140:<\/strong> Hassas ilerleme<\/div>\n<div>\n\t<strong>24620:<\/strong> Freze u\u00e7 seti<\/div>\n<div>\n\t<strong>24256:<\/strong> K\u0131ska\u00e7 seti<\/div>\n<div>\n\t<strong>24434: <\/strong>Kenar bulma seti<\/div>\n<div>\n\t<strong>24257:<\/strong> K\u0131ska\u00e7 seti<\/div>\n<div>\n\t<strong>24255:<\/strong> Mengene<\/div>\n<div>\n\t<strong>24262:<\/strong> V kanall\u0131 mengene : Merkezleme seti<\/div>\n<div>\n\t<strong>24260:<\/strong> Mengene<\/div>\n<div>\n\t<strong>28132:<\/strong> Mengene<\/div>\n<div>\n\t<strong>24610:\u00a0<\/strong>Freze u\u00e7 seti<\/div>\n","protected":false},"featured_media":8287,"comment_status":"open","ping_status":"closed","template":"","meta":{"_acf_changed":false},"product_brand":[1501],"product_cat":[744],"product_tag":[],"class_list":{"0":"post-8288","1":"product","2":"type-product","3":"status-publish","4":"has-post-thumbnail","6":"product_brand-proxxon","7":"product_cat-freze-makinalari","9":"first","10":"outofstock","11":"taxable","12":"shipping-taxable","13":"purchasable","14":"product-type-simple","15":"add-to-wishlist-after_add_to_cart"},"acf":[],"_links":{"self":[{"href":"https:\/\/www.makitamarket.com.tr\/site\/wp-json\/wp\/v2\/product\/8288","targetHints":{"allow":["GET"]}}],"collection":[{"href":"https:\/\/www.makitamarket.com.tr\/site\/wp-json\/wp\/v2\/product"}],"about":[{"href":"https:\/\/www.makitamarket.com.tr\/site\/wp-json\/wp\/v2\/types\/product"}],"replies":[{"embeddable":true,"href":"https:\/\/www.makitamarket.com.tr\/site\/wp-json\/wp\/v2\/comments?post=8288"}],"wp:featuredmedia":[{"embeddable":true,"href":"https:\/\/www.makitamarket.com.tr\/site\/wp-json\/wp\/v2\/media\/8287"}],"wp:attachment":[{"href":"https:\/\/www.makitamarket.com.tr\/site\/wp-json\/wp\/v2\/media?parent=8288"}],"wp:term":[{"taxonomy":"product_brand","embeddable":true,"href":"https:\/\/www.makitamarket.com.tr\/site\/wp-json\/wp\/v2\/product_brand?post=8288"},{"taxonomy":"product_cat","embeddable":true,"href":"https:\/\/www.makitamarket.com.tr\/site\/wp-json\/wp\/v2\/product_cat?post=8288"},{"taxonomy":"product_tag","embeddable":true,"href":"https:\/\/www.makitamarket.com.tr\/site\/wp-json\/wp\/v2\/product_tag?post=8288"}],"curies":[{"name":"wp","href":"https:\/\/api.w.org\/{rel}","templated":true}]}}