{"id":8302,"date":"2024-11-27T19:44:14","date_gmt":"2024-11-27T16:44:14","guid":{"rendered":"https:\/\/www.makitamarket.com.tr\/site\/urun\/makita-elektrikli-ve-akulu-ac-dc-supurge-18v\/"},"modified":"2025-11-16T12:08:25","modified_gmt":"2025-11-16T09:08:25","slug":"makita-elektrikli-ve-akulu-ac-dc-supurge-18v","status":"publish","type":"product","link":"https:\/\/www.makitamarket.com.tr\/site\/urun\/makita-elektrikli-ve-akulu-ac-dc-supurge-18v\/","title":{"rendered":"Makita DVC860LZ ELEKTR\u0130KL\u0130 VE AK\u00dcL\u00dc AC &#8211; DC S\u00dcP\u00dcRGE 18V"},"content":{"rendered":"<p><strong class=\"red-title\" style=\"font-size: 16px;\">A\u00e7\u0131klama:<\/strong> <span><\/p>\n<p>Model DVC860LZ<\/p>\n<p>Elektrikli ve Ak\u00fcl\u00fc AC-DC S\u00fcp\u00fcrge<\/p>\n<p>18VX2 \u2022&nbsp;Toz:8L Su:6L<\/p>\n<p><strong style=\"color: rgb(0, 112, 192);\">Y\u00fcksek Performansl\u0131 \u00c7ift Ak\u00fcl\u00fc Islak ve Kuru S\u00fcp\u00fcrge <\/strong><span style=\"color: rgb(0, 112, 192);\">&nbsp;<\/span><\/p>\n<p>Profesyonel temizlik ve end\u00fcstriyel uygulamalar i\u00e7in tasarlanm\u0131\u015f bu model, 2x18V LXT Li-Ion ak\u00fc sistemi ile 36V g\u00fc\u00e7 sunarak kablosuz kullan\u0131m avantaj\u0131 sa\u011flar. Islak ve kuru temizlik kapasitesine sahip olan s\u00fcp\u00fcrge, L s\u0131n\u0131f\u0131 toz filtreleme sistemi sayesinde ince tozlar\u0131 ve partik\u00fclleri etkili bir \u015fekilde hapseder. 8 litrelik toz ve 6 litrelik su hazne kapasitesi, kompakt yap\u0131s\u0131yla birlikte uzun s\u00fcreli temizlik imk\u00e2n\u0131 sunar. Ergonomik tasar\u0131m\u0131, ta\u015f\u0131ma kolayl\u0131\u011f\u0131 sa\u011flarken sessiz \u00e7al\u0131\u015fma \u00f6zelli\u011fi ve d\u00fc\u015f\u00fck titre\u015fim seviyesiyle konforlu bir kullan\u0131m deneyimi sunar. Bu model, in\u015faat alanlar\u0131, at\u00f6lyeler ve profesyonel temizlik projeleri i\u00e7in ideal bir \u00e7\u00f6z\u00fcmd\u00fcr.<\/p>\n<p><span style=\"color: red;\">Kullan\u0131m amac\u0131: <\/span>Kuru ve \u0131slak alanlardaki kirleri temizlemek i\u00e7in tasarlanm\u0131\u015f, hem ak\u00fcl\u00fc hem elektrikli \u00e7al\u0131\u015fan end\u00fcstriyel bir s\u00fcp\u00fcrgedir.<\/p>\n<p><u>\u00d6zellikleri:<\/u><\/p>\n<p>Ak\u00fcl\u00fc yap\u0131s\u0131 kullan\u0131c\u0131ya kablosuz kullan\u0131m imkan\u0131 sunar ve bu sayede kullan\u0131c\u0131lar geni\u015f alanlarda kablo s\u0131n\u0131rlamalar\u0131 olmadan rahat\u00e7a \u00e7al\u0131\u015fabilirler.<\/p>\n<p>Li-ion; Bataryan\u0131n daha verimli \u00e7al\u0131\u015fmas\u0131n\u0131 sa\u011flayan teknolojidir.<\/p>\n<ol>\n<li data-list=\"ordered\"><span class=\"ql-ui\" contenteditable=\"false\"><\/span>De\u011fi\u015fken h\u0131z \u00f6zelli\u011fi vard\u0131r.<\/li>\n<li data-list=\"ordered\"><span class=\"ql-ui\" contenteditable=\"false\"><\/span>\u00c7ift yal\u0131t\u0131ml\u0131d\u0131r.<\/li>\n<\/ol>\n<p><span style=\"color: red; background-color: white;\">Ak\u00fc ve \u015farj cihaz\u0131 dahil de\u011fildir. <\/span><\/p>\n<p>Ambalaj i\u00e7eri\u011fi: \u00d6n filtre, bez filtre, s\u00fcp\u00fcrge nozulu, yuvarlak f\u0131r\u00e7a, e\u011fik boru, kenar f\u0131r\u00e7as\u0131, hortum kelep\u00e7esi, vakum hortumu<\/p>\n<p>Not: Kablolu ve kablosuz kullan\u0131m kolayl\u0131\u011f\u0131 sa\u011flayan DVC860 hepa filtreye sahip olup, sadece kuru vakumda kullan\u0131lmaktad\u0131r.<\/p>\n<p><span style=\"color: rgb(0, 112, 192);\">&nbsp;<\/span><\/p>\n<p><span style=\"color: rgb(0, 112, 192);\">&nbsp;<\/span><\/p>\n<p><span style=\"color: rgb(0, 112, 192);\">&nbsp;<\/span><\/p>\n<p><span style=\"color: rgb(0, 112, 192);\">&nbsp;<\/span><\/p>\n<p><\/span><strong class=\"red-title\" style=\"font-size: 16px;\">Kullan\u0131m Amac\u0131:<\/strong> <span><\/p>\n<p><\/p>\n<p><\/span><strong class=\"red-title\" style=\"font-size: 16px;\">\u00d6zellikler:<\/strong> <span><\/p>\n<p><\/p>\n<p><\/span><strong class=\"red-title\" style=\"font-size: 16px;\">Paket \u0130\u00e7eri\u011fi:<\/strong> <span><\/p>\n<p><\/p>\n<p><\/span><\/p>\n<table>\n<tr>\n<td>Max. debi hava ak\u0131\u015f\u0131<\/td>\n<td>AC:3.6m\u00b3\/ min ,  DC:2.1m\u00b3\/ min<\/td>\n<\/tr>\n<tr>\n<td>Vakum G\u00fcc\u00fc<\/td>\n<td>AC:320W , DC:25-70W<\/td>\n<\/tr>\n<tr>\n<td>Maksimum Hava Bas\u0131nc\u0131<\/td>\n<td>AC:24kPa ,  DC:9kPa<\/td>\n<\/tr>\n<tr>\n<td>Kapasite<\/td>\n<td>Toz : 8L , Su : 6L<\/td>\n<\/tr>\n<tr>\n<td>Batarya \u00f6mr\u00fc \/ \u015earz dolum (dk)<\/td>\n<td>30-65 \/ 45-90 dk<\/td>\n<\/tr>\n<tr>\n<td>\u00d6l\u00e7\u00fcler<\/td>\n<td>366 x 334 x 368 mm<\/td>\n<\/tr>\n<tr>\n<td>A\u011f\u0131rl\u0131k<\/td>\n<td>8.6 kg (19.0lbs)<\/td>\n<\/tr>\n<tr>\n<td>G\u00fc\u00e7 kablosu<\/td>\n<td>5.0m (16.4ft)<\/td>\n<\/tr>\n<tr>\n<td>\u015earj Cihaz\u0131<\/td>\n<td>DC18RD (\u00c7iftli) DC18RC<\/td>\n<\/tr>\n<tr>\n<td>Ak\u00fc<\/td>\n<td>BL1830B\/1840\/1850B\/1860B<\/td>\n<\/tr>\n<\/table>\n","protected":false},"excerpt":{"rendered":"<p><strong class=\"red-title\" style=\"font-size: 16px;\">A\u00e7\u0131klama:<\/strong> <span><\/p>\n<p>Model DVC860LZ<\/p>\n<p>Elektrikli ve Ak\u00fcl\u00fc AC-DC S\u00fcp\u00fcrge<\/p>\n<p>18VX2 \u2022&nbsp;Toz:8L Su:6L<\/p>\n<p><strong style=\"color: rgb(0, 112, 192);\">Y\u00fcksek Performansl\u0131 \u00c7ift Ak\u00fcl\u00fc Islak ve Kuru S\u00fcp\u00fcrge <\/strong><span style=\"color: rgb(0, 112, 192);\">&nbsp;<\/span><\/p>\n<p>Profesyonel temizlik ve end\u00fcstriyel uygulamalar i\u00e7in tasarlanm\u0131\u015f bu model, 2x18V LXT Li-Ion ak\u00fc sistemi ile 36V g\u00fc\u00e7 sunarak kablosuz kullan\u0131m avantaj\u0131 sa\u011flar. Islak ve kuru temizlik kapasitesine sahip olan s\u00fcp\u00fcrge, L s\u0131n\u0131f\u0131 toz filtreleme sistemi sayesinde ince tozlar\u0131 ve partik\u00fclleri etkili bir \u015fekilde hapseder. 8 litrelik toz ve 6 litrelik su hazne kapasitesi, kompakt yap\u0131s\u0131yla birlikte uzun s\u00fcreli temizlik imk\u00e2n\u0131 sunar. Ergonomik tasar\u0131m\u0131, ta\u015f\u0131ma kolayl\u0131\u011f\u0131 sa\u011flarken sessiz \u00e7al\u0131\u015fma \u00f6zelli\u011fi ve d\u00fc\u015f\u00fck titre\u015fim seviyesiyle konforlu bir kullan\u0131m deneyimi sunar. Bu model, in\u015faat alanlar\u0131, at\u00f6lyeler ve profesyonel temizlik projeleri i\u00e7in ideal bir \u00e7\u00f6z\u00fcmd\u00fcr.<\/p>\n<p><span style=\"color: red;\">Kullan\u0131m amac\u0131: <\/span>Kuru ve \u0131slak alanlardaki kirleri temizlemek i\u00e7in tasarlanm\u0131\u015f, hem ak\u00fcl\u00fc hem elektrikli \u00e7al\u0131\u015fan end\u00fcstriyel bir s\u00fcp\u00fcrgedir.<\/p>\n<p><u>\u00d6zellikleri:<\/u><\/p>\n<p>Ak\u00fcl\u00fc yap\u0131s\u0131 kullan\u0131c\u0131ya kablosuz kullan\u0131m imkan\u0131 sunar ve bu sayede kullan\u0131c\u0131lar geni\u015f alanlarda kablo s\u0131n\u0131rlamalar\u0131 olmadan rahat\u00e7a \u00e7al\u0131\u015fabilirler.<\/p>\n<p>Li-ion; Bataryan\u0131n daha verimli \u00e7al\u0131\u015fmas\u0131n\u0131 sa\u011flayan teknolojidir.<\/p>\n<ol>\n<li data-list=\"ordered\"><span class=\"ql-ui\" contenteditable=\"false\"><\/span>De\u011fi\u015fken h\u0131z \u00f6zelli\u011fi vard\u0131r.<\/li>\n<li data-list=\"ordered\"><span class=\"ql-ui\" contenteditable=\"false\"><\/span>\u00c7ift yal\u0131t\u0131ml\u0131d\u0131r.<\/li>\n<\/ol>\n<p><span style=\"color: red; background-color: white;\">Ak\u00fc ve \u015farj cihaz\u0131 dahil de\u011fildir. <\/span><\/p>\n<p>Ambalaj i\u00e7eri\u011fi: \u00d6n filtre, bez filtre, s\u00fcp\u00fcrge nozulu, yuvarlak f\u0131r\u00e7a, e\u011fik boru, kenar f\u0131r\u00e7as\u0131, hortum kelep\u00e7esi, vakum hortumu<\/p>\n<p>Not: Kablolu ve kablosuz kullan\u0131m kolayl\u0131\u011f\u0131 sa\u011flayan DVC860 hepa filtreye sahip olup, sadece kuru vakumda kullan\u0131lmaktad\u0131r.<\/p>\n<p><span style=\"color: rgb(0, 112, 192);\">&nbsp;<\/span><\/p>\n<p><span style=\"color: rgb(0, 112, 192);\">&nbsp;<\/span><\/p>\n<p><span style=\"color: rgb(0, 112, 192);\">&nbsp;<\/span><\/p>\n<p><span style=\"color: rgb(0, 112, 192);\">&nbsp;<\/span><\/p>\n<p><\/span><strong class=\"red-title\" style=\"font-size: 16px;\">Kullan\u0131m Amac\u0131:<\/strong> <span><\/p>\n<p><\/p>\n<p><\/span><strong class=\"red-title\" style=\"font-size: 16px;\">\u00d6zellikler:<\/strong> <span><\/p>\n<p><\/p>\n<p><\/span><strong class=\"red-title\" style=\"font-size: 16px;\">Paket \u0130\u00e7eri\u011fi:<\/strong> <span><\/p>\n<p><\/p>\n<p><\/span><\/p>\n","protected":false},"featured_media":8301,"comment_status":"open","ping_status":"closed","template":"","meta":{"_acf_changed":false},"product_brand":[1485],"product_cat":[771],"product_tag":[],"class_list":{"0":"post-8302","1":"product","2":"type-product","3":"status-publish","4":"has-post-thumbnail","6":"product_brand-makita","7":"product_cat-endustriyel-temizlik-makinalari","9":"first","10":"outofstock","11":"taxable","12":"shipping-taxable","13":"purchasable","14":"product-type-simple","15":"add-to-wishlist-after_add_to_cart"},"acf":[],"_links":{"self":[{"href":"https:\/\/www.makitamarket.com.tr\/site\/wp-json\/wp\/v2\/product\/8302","targetHints":{"allow":["GET"]}}],"collection":[{"href":"https:\/\/www.makitamarket.com.tr\/site\/wp-json\/wp\/v2\/product"}],"about":[{"href":"https:\/\/www.makitamarket.com.tr\/site\/wp-json\/wp\/v2\/types\/product"}],"replies":[{"embeddable":true,"href":"https:\/\/www.makitamarket.com.tr\/site\/wp-json\/wp\/v2\/comments?post=8302"}],"wp:featuredmedia":[{"embeddable":true,"href":"https:\/\/www.makitamarket.com.tr\/site\/wp-json\/wp\/v2\/media\/8301"}],"wp:attachment":[{"href":"https:\/\/www.makitamarket.com.tr\/site\/wp-json\/wp\/v2\/media?parent=8302"}],"wp:term":[{"taxonomy":"product_brand","embeddable":true,"href":"https:\/\/www.makitamarket.com.tr\/site\/wp-json\/wp\/v2\/product_brand?post=8302"},{"taxonomy":"product_cat","embeddable":true,"href":"https:\/\/www.makitamarket.com.tr\/site\/wp-json\/wp\/v2\/product_cat?post=8302"},{"taxonomy":"product_tag","embeddable":true,"href":"https:\/\/www.makitamarket.com.tr\/site\/wp-json\/wp\/v2\/product_tag?post=8302"}],"curies":[{"name":"wp","href":"https:\/\/api.w.org\/{rel}","templated":true}]}}