{"id":8306,"date":"2024-11-27T19:44:15","date_gmt":"2024-11-27T16:44:15","guid":{"rendered":"https:\/\/www.makitamarket.com.tr\/site\/urun\/scheppach-serit-testere\/"},"modified":"2026-04-06T12:50:43","modified_gmt":"2026-04-06T09:50:43","slug":"scheppach-serit-testere","status":"publish","type":"product","link":"https:\/\/www.makitamarket.com.tr\/site\/urun\/scheppach-serit-testere\/","title":{"rendered":"Scheppach BASA1 \u015eER\u0130T TESTERE"},"content":{"rendered":"<table>\n<tr>\n<td>Ebatlar (UxGxY)<\/td>\n<td>450x500x700 mm<\/td>\n<\/tr>\n<tr>\n<td>Tabla \u00d6l\u00e7\u00fcleri<\/td>\n<td>320 x 310 mm<\/td>\n<\/tr>\n<tr>\n<td>Kesim H\u0131z\u0131<\/td>\n<td>880 m\/min<\/td>\n<\/tr>\n<tr>\n<td>Tabla Ayar\u0131<\/td>\n<td>0\u00b0 &#8211; 45\u00b0<\/td>\n<\/tr>\n<tr>\n<td>Kasnak \u00c7ap\u0131<\/td>\n<td>200 mm<\/td>\n<\/tr>\n<tr>\n<td>Testere Uzunlu\u011fu<\/td>\n<td>1490 mm<\/td>\n<\/tr>\n<tr>\n<td>Toz Emme Ba\u011flant\u0131s\u0131<\/td>\n<td>100 mm<\/td>\n<\/tr>\n<tr>\n<td>Motor<\/td>\n<td>230-240 V~\/50Hz<\/td>\n<\/tr>\n<tr>\n<td>Giri\u015f<\/td>\n<td>300 Watt<\/td>\n<\/tr>\n<tr>\n<td>A\u011f\u0131rl\u0131k<\/td>\n<td>19 kg<\/td>\n<\/tr>\n<tr>\n<td>Al\u00fcminyum Tabla<\/td>\n<td>\u2714<\/td>\n<\/tr>\n<tr>\n<td>H\u0131z Ayar\u0131<\/td>\n<td>Tek Kademeli<\/td>\n<\/tr>\n<tr>\n<td>Kesme Kapasitesi<\/td>\n<td>100&#215;195 mm<\/td>\n<\/tr>\n<\/table>\n","protected":false},"excerpt":{"rendered":"<p>Ebatlar (UxGxY) 450x500x700 mm Tabla \u00d6l\u00e7\u00fcleri 320 x 310 mm Kesim H\u0131z\u0131 880 m\/min Tabla Ayar\u0131 0\u00b0 &#8211; 45\u00b0 Kasnak \u00c7ap\u0131 200 mm Testere Uzunlu\u011fu 1490 mm Toz Emme Ba\u011flant\u0131s\u0131<\/p>\n","protected":false},"featured_media":9657,"comment_status":"open","ping_status":"closed","template":"","meta":{"_acf_changed":false},"product_brand":[1514],"product_cat":[828],"product_tag":[],"class_list":{"0":"post-8306","1":"product","2":"type-product","3":"status-publish","4":"has-post-thumbnail","6":"product_brand-scheppach","7":"product_cat-serit-testere-makinalari","9":"first","10":"instock","11":"taxable","12":"shipping-taxable","13":"purchasable","14":"product-type-simple","15":"add-to-wishlist-after_add_to_cart"},"acf":[],"_links":{"self":[{"href":"https:\/\/www.makitamarket.com.tr\/site\/wp-json\/wp\/v2\/product\/8306","targetHints":{"allow":["GET"]}}],"collection":[{"href":"https:\/\/www.makitamarket.com.tr\/site\/wp-json\/wp\/v2\/product"}],"about":[{"href":"https:\/\/www.makitamarket.com.tr\/site\/wp-json\/wp\/v2\/types\/product"}],"replies":[{"embeddable":true,"href":"https:\/\/www.makitamarket.com.tr\/site\/wp-json\/wp\/v2\/comments?post=8306"}],"wp:featuredmedia":[{"embeddable":true,"href":"https:\/\/www.makitamarket.com.tr\/site\/wp-json\/wp\/v2\/media\/9657"}],"wp:attachment":[{"href":"https:\/\/www.makitamarket.com.tr\/site\/wp-json\/wp\/v2\/media?parent=8306"}],"wp:term":[{"taxonomy":"product_brand","embeddable":true,"href":"https:\/\/www.makitamarket.com.tr\/site\/wp-json\/wp\/v2\/product_brand?post=8306"},{"taxonomy":"product_cat","embeddable":true,"href":"https:\/\/www.makitamarket.com.tr\/site\/wp-json\/wp\/v2\/product_cat?post=8306"},{"taxonomy":"product_tag","embeddable":true,"href":"https:\/\/www.makitamarket.com.tr\/site\/wp-json\/wp\/v2\/product_tag?post=8306"}],"curies":[{"name":"wp","href":"https:\/\/api.w.org\/{rel}","templated":true}]}}