{"id":8330,"date":"2024-11-27T19:44:30","date_gmt":"2024-11-27T16:44:30","guid":{"rendered":"https:\/\/www.makitamarket.com.tr\/site\/urun\/knipex-teleskopik-kollu-circirli-kablo-makasi-650-860-mm\/"},"modified":"2026-04-21T00:20:27","modified_gmt":"2026-04-20T21:20:27","slug":"knipex-teleskopik-kollu-circirli-kablo-makasi-650-860-mm","status":"publish","type":"product","link":"https:\/\/www.makitamarket.com.tr\/site\/urun\/knipex-teleskopik-kollu-circirli-kablo-makasi-650-860-mm\/","title":{"rendered":"Knipex 9532100 TELESKOP\u0130K KOLLU CIRCIRLI KABLO MAKASI 650 &#8211; 860 mm"},"content":{"rendered":"<p><b>95 32 100 Kablo kesici<\/b><br \/>Tek ve \u00e7ok telli bak\u0131r ve al\u00fcminyum kablolar i\u00e7in &#8211; sert lastik veya izolasyonu olanlar da. \u00c7elik kablo, tel halatlar ve ince telli (olduk\u00e7a esnek) iletkenler i\u00e7in uygun de\u011fildir. \u015eerit demir takviyeli kablolar i\u00e7in de uygundur. En uygun g\u00fc\u00e7 aktar\u0131m sayesinde \u00e7ok fazla g\u00fc\u00e7 sarfetmeden kesim yap\u0131l\u0131r. \u0130ki elle kullan\u0131m ve c\u0131rc\u0131r lokma anahtar\u0131 prensibi sayesinde y\u00fcksek kesme performans\u0131. Aleti her kesme pozisyonunda a\u00e7mak m\u00fcmk\u00fcnd\u00fcr. Kol uzunlu\u011fu 400 &#8211; 610 mm aral\u0131\u011f\u0131nda \u00e7ok kademeli olarak ayarlanabilir (k\u0131sa uzayabilen sap uzunlu\u011fu, kullan\u0131c\u0131n\u0131n \u00e7al\u0131\u015fma ko\u015fullar\u0131na uyarlama). Alet uzunlu\u011fu: 650 &#8211; 860 mm. A\u011f\u0131rl\u0131k sadece 4980 gr <\/p>\n<li><b>Bak\u0131r kablo kesim de\u011feri, \u00e7ok telli: <\/b>960 mm\u00b2<\/li>\n<li><b>Bak\u0131r kablo kesim de\u011feri, \u00e7ok telli: <\/b>\u00d8 100 mm<\/li>\n<li><b>MCM: <\/b>1.900<\/li>\n<table>\n<tr>\n<td>Uzunluk<\/td>\n<td>650-860<\/td>\n<\/tr>\n<tr>\n<td>\u00c7ok \u0130letkenli Kablo<\/td>\n<td>100\u00f8mm, 960mm\u00b2<\/td>\n<\/tr>\n<tr>\n<td>A\u011f\u0131rl\u0131k<\/td>\n<td>4980 gr<\/td>\n<\/tr>\n<\/table>\n","protected":false},"excerpt":{"rendered":"<p><b>95 32 100 Kablo kesici<\/b><br \/>Tek ve \u00e7ok telli bak\u0131r ve al\u00fcminyum kablolar i\u00e7in &#8211; sert lastik veya izolasyonu olanlar da. \u00c7elik kablo, tel halatlar ve ince telli (olduk\u00e7a esnek) iletkenler i\u00e7in uygun de\u011fildir. \u015eerit demir takviyeli kablolar i\u00e7in de uygundur. En uygun g\u00fc\u00e7 aktar\u0131m sayesinde \u00e7ok fazla g\u00fc\u00e7 sarfetmeden kesim yap\u0131l\u0131r. \u0130ki elle kullan\u0131m ve c\u0131rc\u0131r lokma anahtar\u0131 prensibi sayesinde y\u00fcksek kesme performans\u0131. Aleti her kesme pozisyonunda a\u00e7mak m\u00fcmk\u00fcnd\u00fcr. Kol uzunlu\u011fu 400 &#8211; 610 mm aral\u0131\u011f\u0131nda \u00e7ok kademeli olarak ayarlanabilir (k\u0131sa uzayabilen sap uzunlu\u011fu, kullan\u0131c\u0131n\u0131n \u00e7al\u0131\u015fma ko\u015fullar\u0131na uyarlama). Alet uzunlu\u011fu: 650 &#8211; 860 mm. A\u011f\u0131rl\u0131k sadece 4980 gr <\/p>\n<li><b>Bak\u0131r kablo kesim de\u011feri, \u00e7ok telli: <\/b>960 mm\u00b2<\/li>\n<li><b>Bak\u0131r kablo kesim de\u011feri, \u00e7ok telli: <\/b>\u00d8 100 mm<\/li>\n<li><b>MCM: <\/b>1.900<\/li>\n","protected":false},"featured_media":8329,"comment_status":"open","ping_status":"closed","template":"","meta":{"_acf_changed":false},"product_brand":[1486],"product_cat":[834],"product_tag":[],"class_list":{"0":"post-8330","1":"product","2":"type-product","3":"status-publish","4":"has-post-thumbnail","6":"product_brand-knipex","7":"product_cat-kablo-kesme-makaslari","9":"first","10":"instock","11":"taxable","12":"shipping-taxable","13":"purchasable","14":"product-type-simple","15":"add-to-wishlist-after_add_to_cart"},"acf":[],"_links":{"self":[{"href":"https:\/\/www.makitamarket.com.tr\/site\/wp-json\/wp\/v2\/product\/8330","targetHints":{"allow":["GET"]}}],"collection":[{"href":"https:\/\/www.makitamarket.com.tr\/site\/wp-json\/wp\/v2\/product"}],"about":[{"href":"https:\/\/www.makitamarket.com.tr\/site\/wp-json\/wp\/v2\/types\/product"}],"replies":[{"embeddable":true,"href":"https:\/\/www.makitamarket.com.tr\/site\/wp-json\/wp\/v2\/comments?post=8330"}],"wp:featuredmedia":[{"embeddable":true,"href":"https:\/\/www.makitamarket.com.tr\/site\/wp-json\/wp\/v2\/media\/8329"}],"wp:attachment":[{"href":"https:\/\/www.makitamarket.com.tr\/site\/wp-json\/wp\/v2\/media?parent=8330"}],"wp:term":[{"taxonomy":"product_brand","embeddable":true,"href":"https:\/\/www.makitamarket.com.tr\/site\/wp-json\/wp\/v2\/product_brand?post=8330"},{"taxonomy":"product_cat","embeddable":true,"href":"https:\/\/www.makitamarket.com.tr\/site\/wp-json\/wp\/v2\/product_cat?post=8330"},{"taxonomy":"product_tag","embeddable":true,"href":"https:\/\/www.makitamarket.com.tr\/site\/wp-json\/wp\/v2\/product_tag?post=8330"}],"curies":[{"name":"wp","href":"https:\/\/api.w.org\/{rel}","templated":true}]}}