{"id":8334,"date":"2024-11-27T19:44:33","date_gmt":"2024-11-27T16:44:33","guid":{"rendered":"https:\/\/www.makitamarket.com.tr\/site\/urun\/globus-stretch-film-23x200-mt-2400-gr\/"},"modified":"2025-11-16T04:23:57","modified_gmt":"2025-11-16T01:23:57","slug":"globus-stretch-film-23x200-mt-2400-gr","status":"publish","type":"product","link":"https:\/\/www.makitamarket.com.tr\/site\/urun\/globus-stretch-film-23x200-mt-2400-gr\/","title":{"rendered":"Globus GL10355 STRETCH F\u0130LM 23&#215;200 mt 2400 gr"},"content":{"rendered":"<table>\n<tr>\n<td>\u00d6l\u00e7\u00fcs\u00fc<\/td>\n<td>23mic.x200mt.<\/td>\n<\/tr>\n<tr>\n<td>Renk<\/td>\n<td>\u015eeffaf<\/td>\n<\/tr>\n<tr>\n<td>Toplam A\u011f\u0131rl\u0131k<\/td>\n<td>2400gr.<\/td>\n<\/tr>\n<tr>\n<td>Koli Adedi<\/td>\n<td>6<\/td>\n<\/tr>\n<\/table>\n","protected":false},"excerpt":{"rendered":"<p>\u00d6l\u00e7\u00fcs\u00fc 23mic.x200mt. Renk \u015eeffaf Toplam A\u011f\u0131rl\u0131k 2400gr. Koli Adedi 6<\/p>\n","protected":false},"featured_media":8333,"comment_status":"open","ping_status":"closed","template":"","meta":{"_acf_changed":false},"product_brand":[1510],"product_cat":[784],"product_tag":[],"class_list":{"0":"post-8334","1":"product","2":"type-product","3":"status-publish","4":"has-post-thumbnail","6":"product_brand-globus","7":"product_cat-strech-filmler","9":"first","10":"outofstock","11":"taxable","12":"shipping-taxable","13":"purchasable","14":"product-type-simple","15":"add-to-wishlist-after_add_to_cart"},"acf":[],"_links":{"self":[{"href":"https:\/\/www.makitamarket.com.tr\/site\/wp-json\/wp\/v2\/product\/8334","targetHints":{"allow":["GET"]}}],"collection":[{"href":"https:\/\/www.makitamarket.com.tr\/site\/wp-json\/wp\/v2\/product"}],"about":[{"href":"https:\/\/www.makitamarket.com.tr\/site\/wp-json\/wp\/v2\/types\/product"}],"replies":[{"embeddable":true,"href":"https:\/\/www.makitamarket.com.tr\/site\/wp-json\/wp\/v2\/comments?post=8334"}],"wp:featuredmedia":[{"embeddable":true,"href":"https:\/\/www.makitamarket.com.tr\/site\/wp-json\/wp\/v2\/media\/8333"}],"wp:attachment":[{"href":"https:\/\/www.makitamarket.com.tr\/site\/wp-json\/wp\/v2\/media?parent=8334"}],"wp:term":[{"taxonomy":"product_brand","embeddable":true,"href":"https:\/\/www.makitamarket.com.tr\/site\/wp-json\/wp\/v2\/product_brand?post=8334"},{"taxonomy":"product_cat","embeddable":true,"href":"https:\/\/www.makitamarket.com.tr\/site\/wp-json\/wp\/v2\/product_cat?post=8334"},{"taxonomy":"product_tag","embeddable":true,"href":"https:\/\/www.makitamarket.com.tr\/site\/wp-json\/wp\/v2\/product_tag?post=8334"}],"curies":[{"name":"wp","href":"https:\/\/api.w.org\/{rel}","templated":true}]}}