{"id":8338,"date":"2024-11-27T19:44:39","date_gmt":"2024-11-27T16:44:39","guid":{"rendered":"https:\/\/www.makitamarket.com.tr\/site\/urun\/leica-leica-distod810-touch-set-lazer-metre\/"},"modified":"2025-07-11T18:43:02","modified_gmt":"2025-07-11T15:43:02","slug":"leica-leica-distod810-touch-set-lazer-metre","status":"publish","type":"product","link":"https:\/\/www.makitamarket.com.tr\/site\/urun\/leica-leica-distod810-touch-set-lazer-metre\/","title":{"rendered":"Leica D810SET LEICA DISTO\u2122D810 TOUCH SET LAZER METRE"},"content":{"rendered":"<div>\n\t<span style=\"color:#f00;\"><strong>1-Leica DISTO<span style=\"font-size:9px;\"><sup>TM<\/sup><\/span>D810<br \/>\n\t<\/strong><\/span><\/div>\n<div>\n\tD\u00fcnya&#8217;n\u0131n ilk dokunmatik ekranl\u0131 foto\u011fraf \u00fczerinden \u00f6l\u00e7\u00fclendirme yapabilen lazer metresi<\/div>\n<div>\n\t<span style=\"color:#f00;\"><strong>2-Leica FTA360<br \/>\n\t<\/strong><\/span><\/div>\n<div>\n\tLeica DISTO D410, D510 ve D810 touch d\u0131\u015f saha lazer metrelerinin pisagor, \u00e7at\u0131 e\u011fimi ve profil \u00f6l\u00e7\u00fcm\u00fc gibi fonksiyonlar\u0131nda y\u00fcksek hassasiyette \u00f6l\u00e7\u00fcm yap\u0131lmas\u0131na olanak sa\u011flar.<\/div>\n<div>\n\tTRI100 ve TRI70 tripod \u00fczerine 1\/4&#8243; di\u015fli ba\u011flant\u0131s\u0131yla sabitlenir.<\/div>\n<div>\n\t<span style=\"color:#f00;\"><strong>3- Leica TRI70<\/strong><\/span><\/div>\n<div>\n\t\u015eantiye ortam\u0131 i\u00e7in tasarlanm\u0131\u015f profesyonel tip a\u011f\u0131r hizmet tripodu.<\/div>\n<div>\n\t<strong><span style=\"color:#f00;\">4- Sa\u011flam \u00c7anta<\/span><\/strong><\/div>\n<div>\n\tSa\u011flam ta\u015f\u0131ma \u00e7antas\u0131 sayesinde \u00f6l\u00e7\u00fcm ve hizalama cihazlar\u0131 g\u00fcvenli bir bi\u00e7imde ta\u015f\u0131nabilir.<\/div>\n<div>\n<div>\n\t\t<span style=\"color:#f00;\"><strong>Not: <\/strong>Android 4.3 ve \u00fczeri s\u00fcr\u00fcmlerle uyumludur. Daha fazla bilgi i\u00e7in www.Disto.com<\/span><\/div>\n<div>\n\t\t<span style=\"color:#f00;\"><br \/>\n\t\t<\/span><\/div>\n<\/div>\n<table>\n<tr>\n<td>Menzil<\/td>\n<td>0.05-250 metre<\/td>\n<\/tr>\n<tr>\n<td>Hassasiyet<\/td>\n<td>+ \/ &#8211; 1 mm<\/td>\n<\/tr>\n<\/table>\n","protected":false},"excerpt":{"rendered":"<div>\n\t<span style=\"color:#f00;\"><strong>1-Leica DISTO<span style=\"font-size:9px;\"><sup>TM<\/sup><\/span>D810<br \/>\n\t<\/strong><\/span><\/div>\n<div>\n\tD\u00fcnya&#8217;n\u0131n ilk dokunmatik ekranl\u0131 foto\u011fraf \u00fczerinden \u00f6l\u00e7\u00fclendirme yapabilen lazer metresi<\/div>\n<div>\n\t<span style=\"color:#f00;\"><strong>2-Leica FTA360<br \/>\n\t<\/strong><\/span><\/div>\n<div>\n\tLeica DISTO D410, D510 ve D810 touch d\u0131\u015f saha lazer metrelerinin pisagor, \u00e7at\u0131 e\u011fimi ve profil \u00f6l\u00e7\u00fcm\u00fc gibi fonksiyonlar\u0131nda y\u00fcksek hassasiyette \u00f6l\u00e7\u00fcm yap\u0131lmas\u0131na olanak sa\u011flar.<\/div>\n<div>\n\tTRI100 ve TRI70 tripod \u00fczerine 1\/4&#8243; di\u015fli ba\u011flant\u0131s\u0131yla sabitlenir.<\/div>\n<div>\n\t<span style=\"color:#f00;\"><strong>3- Leica TRI70<\/strong><\/span><\/div>\n<div>\n\t\u015eantiye ortam\u0131 i\u00e7in tasarlanm\u0131\u015f profesyonel tip a\u011f\u0131r hizmet tripodu.<\/div>\n<div>\n\t<strong><span style=\"color:#f00;\">4- Sa\u011flam \u00c7anta<\/span><\/strong><\/div>\n<div>\n\tSa\u011flam ta\u015f\u0131ma \u00e7antas\u0131 sayesinde \u00f6l\u00e7\u00fcm ve hizalama cihazlar\u0131 g\u00fcvenli bir bi\u00e7imde ta\u015f\u0131nabilir.<\/div>\n<div>\n<div>\n\t\t<span style=\"color:#f00;\"><strong>Not: <\/strong>Android 4.3 ve \u00fczeri s\u00fcr\u00fcmlerle uyumludur. Daha fazla bilgi i\u00e7in www.Disto.com<\/span><\/div>\n<div>\n\t\t<span style=\"color:#f00;\"><br \/>\n\t\t<\/span><\/div>\n<\/div>\n","protected":false},"featured_media":8337,"comment_status":"open","ping_status":"closed","template":"","meta":{"_acf_changed":false},"product_brand":[],"product_cat":[754],"product_tag":[],"class_list":{"0":"post-8338","1":"product","2":"type-product","3":"status-publish","4":"has-post-thumbnail","6":"product_cat-lazer-metreler","8":"first","9":"outofstock","10":"taxable","11":"shipping-taxable","12":"purchasable","13":"product-type-simple","14":"add-to-wishlist-after_add_to_cart"},"acf":[],"_links":{"self":[{"href":"https:\/\/www.makitamarket.com.tr\/site\/wp-json\/wp\/v2\/product\/8338","targetHints":{"allow":["GET"]}}],"collection":[{"href":"https:\/\/www.makitamarket.com.tr\/site\/wp-json\/wp\/v2\/product"}],"about":[{"href":"https:\/\/www.makitamarket.com.tr\/site\/wp-json\/wp\/v2\/types\/product"}],"replies":[{"embeddable":true,"href":"https:\/\/www.makitamarket.com.tr\/site\/wp-json\/wp\/v2\/comments?post=8338"}],"wp:featuredmedia":[{"embeddable":true,"href":"https:\/\/www.makitamarket.com.tr\/site\/wp-json\/wp\/v2\/media\/8337"}],"wp:attachment":[{"href":"https:\/\/www.makitamarket.com.tr\/site\/wp-json\/wp\/v2\/media?parent=8338"}],"wp:term":[{"taxonomy":"product_brand","embeddable":true,"href":"https:\/\/www.makitamarket.com.tr\/site\/wp-json\/wp\/v2\/product_brand?post=8338"},{"taxonomy":"product_cat","embeddable":true,"href":"https:\/\/www.makitamarket.com.tr\/site\/wp-json\/wp\/v2\/product_cat?post=8338"},{"taxonomy":"product_tag","embeddable":true,"href":"https:\/\/www.makitamarket.com.tr\/site\/wp-json\/wp\/v2\/product_tag?post=8338"}],"curies":[{"name":"wp","href":"https:\/\/api.w.org\/{rel}","templated":true}]}}