{"id":8342,"date":"2024-11-27T19:44:40","date_gmt":"2024-11-27T16:44:40","guid":{"rendered":"https:\/\/www.makitamarket.com.tr\/site\/urun\/ozco-gd30-matkap-ucu-bileme-makinasi\/"},"modified":"2026-04-06T12:16:12","modified_gmt":"2026-04-06T09:16:12","slug":"ozco-gd30-matkap-ucu-bileme-makinasi","status":"publish","type":"product","link":"https:\/\/www.makitamarket.com.tr\/site\/urun\/ozco-gd30-matkap-ucu-bileme-makinasi\/","title":{"rendered":"Ozco GD30 GD30 Matkap Ucu Bileme Makinas\u0131"},"content":{"rendered":"<table>\n<tr>\n<td>Motor G\u00fcc\u00fc<\/td>\n<td>250 W<\/td>\n<\/tr>\n<tr>\n<td>Voltaj<\/td>\n<td>230<\/td>\n<\/tr>\n<tr>\n<td>H\u0131z<\/td>\n<td>4400<\/td>\n<\/tr>\n<tr>\n<td>Matkap Ucu A\u00e7\u0131s\u0131<\/td>\n<td>85\u00b0-140\u00b0<\/td>\n<\/tr>\n<tr>\n<td>Bileme Kapasitesi<\/td>\n<td>\u00d813-\u00d830 mm (standart), \u00d88-\u00d832 mm (opsiyonel)<\/td>\n<\/tr>\n<tr>\n<td>\u00d6l\u00e7\u00fcler (UxGxY)<\/td>\n<td>500x260x270<\/td>\n<\/tr>\n<tr>\n<td>Net A\u011f\u0131rl\u0131k<\/td>\n<td>30<\/td>\n<\/tr>\n<\/table>\n","protected":false},"excerpt":{"rendered":"<p>Motor G\u00fcc\u00fc 250 W Voltaj 230 H\u0131z 4400 Matkap Ucu A\u00e7\u0131s\u0131 85\u00b0-140\u00b0 Bileme Kapasitesi \u00d813-\u00d830 mm (standart), \u00d88-\u00d832 mm (opsiyonel) \u00d6l\u00e7\u00fcler (UxGxY) 500x260x270 Net A\u011f\u0131rl\u0131k 30<\/p>\n","protected":false},"featured_media":8341,"comment_status":"open","ping_status":"closed","template":"","meta":{"_acf_changed":false},"product_brand":[1532],"product_cat":[1565],"product_tag":[],"class_list":{"0":"post-8342","1":"product","2":"type-product","3":"status-publish","4":"has-post-thumbnail","6":"product_brand-ozco","7":"product_cat-yok-yok","9":"first","10":"outofstock","11":"taxable","12":"shipping-taxable","13":"purchasable","14":"product-type-simple","15":"add-to-wishlist-after_add_to_cart"},"acf":[],"_links":{"self":[{"href":"https:\/\/www.makitamarket.com.tr\/site\/wp-json\/wp\/v2\/product\/8342","targetHints":{"allow":["GET"]}}],"collection":[{"href":"https:\/\/www.makitamarket.com.tr\/site\/wp-json\/wp\/v2\/product"}],"about":[{"href":"https:\/\/www.makitamarket.com.tr\/site\/wp-json\/wp\/v2\/types\/product"}],"replies":[{"embeddable":true,"href":"https:\/\/www.makitamarket.com.tr\/site\/wp-json\/wp\/v2\/comments?post=8342"}],"wp:featuredmedia":[{"embeddable":true,"href":"https:\/\/www.makitamarket.com.tr\/site\/wp-json\/wp\/v2\/media\/8341"}],"wp:attachment":[{"href":"https:\/\/www.makitamarket.com.tr\/site\/wp-json\/wp\/v2\/media?parent=8342"}],"wp:term":[{"taxonomy":"product_brand","embeddable":true,"href":"https:\/\/www.makitamarket.com.tr\/site\/wp-json\/wp\/v2\/product_brand?post=8342"},{"taxonomy":"product_cat","embeddable":true,"href":"https:\/\/www.makitamarket.com.tr\/site\/wp-json\/wp\/v2\/product_cat?post=8342"},{"taxonomy":"product_tag","embeddable":true,"href":"https:\/\/www.makitamarket.com.tr\/site\/wp-json\/wp\/v2\/product_tag?post=8342"}],"curies":[{"name":"wp","href":"https:\/\/api.w.org\/{rel}","templated":true}]}}