{"id":8344,"date":"2024-11-27T19:44:41","date_gmt":"2024-11-27T16:44:41","guid":{"rendered":"https:\/\/www.makitamarket.com.tr\/site\/urun\/leica-kamerali-dis-saha-lazer-metre\/"},"modified":"2026-04-06T12:16:56","modified_gmt":"2026-04-06T09:16:56","slug":"leica-kamerali-dis-saha-lazer-metre","status":"publish","type":"product","link":"https:\/\/www.makitamarket.com.tr\/site\/urun\/leica-kamerali-dis-saha-lazer-metre\/","title":{"rendered":"Leica DST360SET KAMERALI DI\u015e SAHA LAZER METRE"},"content":{"rendered":"<div>\n\t<strong>Set<br \/>\n\t<\/strong><strong>\u2022\u00a0<\/strong>TRI120<br \/>\n\t<strong>\u2022\u00a0<\/strong>IP67 ta\u015f\u0131ma \u00e7antas\u0131<br \/>\n\t<strong>\u2022\u00a0<\/strong>DST360<\/div>\n<div>\n\t<strong><span style=\"color:#f00;\">DISTO X3 ve X4 lazer metrelerine uygundur.<\/span><\/strong><\/div>\n<div>\n\t<strong>\u2022\u00a0<\/strong>Disto X3 ve X+ lazer metrelerinin noktadan noktaya \u00f6l\u00e7\u00fcm\u00fc<\/div>\n<div>\n\t<strong>\u2022\u00a0<\/strong>\u00dc\u00e7 boyutlu nokta \u00f6l\u00e7\u00fcm\u00fc<\/div>\n<div>\n\t<strong>\u2022\u00a0<\/strong>Hassas hedefleme uygulamalar\u0131 i\u00e7in gereklidir.<\/div>\n<table><\/table>\n","protected":false},"excerpt":{"rendered":"<div>\n\t<strong>Set<br \/>\n\t<\/strong><strong>\u2022\u00a0<\/strong>TRI120<br \/>\n\t<strong>\u2022\u00a0<\/strong>IP67 ta\u015f\u0131ma \u00e7antas\u0131<br \/>\n\t<strong>\u2022\u00a0<\/strong>DST360<\/div>\n<div>\n\t<strong><span style=\"color:#f00;\">DISTO X3 ve X4 lazer metrelerine uygundur.<\/span><\/strong><\/div>\n<div>\n\t<strong>\u2022\u00a0<\/strong>Disto X3 ve X+ lazer metrelerinin noktadan noktaya \u00f6l\u00e7\u00fcm\u00fc<\/div>\n<div>\n\t<strong>\u2022\u00a0<\/strong>\u00dc\u00e7 boyutlu nokta \u00f6l\u00e7\u00fcm\u00fc<\/div>\n<div>\n\t<strong>\u2022\u00a0<\/strong>Hassas hedefleme uygulamalar\u0131 i\u00e7in gereklidir.<\/div>\n","protected":false},"featured_media":8343,"comment_status":"open","ping_status":"closed","template":"","meta":{"_acf_changed":false},"product_brand":[1504],"product_cat":[837],"product_tag":[],"class_list":{"0":"post-8344","1":"product","2":"type-product","3":"status-publish","4":"has-post-thumbnail","6":"product_brand-leica","7":"product_cat-lazerli-olcum-cihazlari","9":"first","10":"instock","11":"taxable","12":"shipping-taxable","13":"purchasable","14":"product-type-simple","15":"add-to-wishlist-after_add_to_cart"},"acf":[],"_links":{"self":[{"href":"https:\/\/www.makitamarket.com.tr\/site\/wp-json\/wp\/v2\/product\/8344","targetHints":{"allow":["GET"]}}],"collection":[{"href":"https:\/\/www.makitamarket.com.tr\/site\/wp-json\/wp\/v2\/product"}],"about":[{"href":"https:\/\/www.makitamarket.com.tr\/site\/wp-json\/wp\/v2\/types\/product"}],"replies":[{"embeddable":true,"href":"https:\/\/www.makitamarket.com.tr\/site\/wp-json\/wp\/v2\/comments?post=8344"}],"wp:featuredmedia":[{"embeddable":true,"href":"https:\/\/www.makitamarket.com.tr\/site\/wp-json\/wp\/v2\/media\/8343"}],"wp:attachment":[{"href":"https:\/\/www.makitamarket.com.tr\/site\/wp-json\/wp\/v2\/media?parent=8344"}],"wp:term":[{"taxonomy":"product_brand","embeddable":true,"href":"https:\/\/www.makitamarket.com.tr\/site\/wp-json\/wp\/v2\/product_brand?post=8344"},{"taxonomy":"product_cat","embeddable":true,"href":"https:\/\/www.makitamarket.com.tr\/site\/wp-json\/wp\/v2\/product_cat?post=8344"},{"taxonomy":"product_tag","embeddable":true,"href":"https:\/\/www.makitamarket.com.tr\/site\/wp-json\/wp\/v2\/product_tag?post=8344"}],"curies":[{"name":"wp","href":"https:\/\/api.w.org\/{rel}","templated":true}]}}