{"id":8346,"date":"2024-11-27T19:44:41","date_gmt":"2024-11-27T16:44:41","guid":{"rendered":"https:\/\/www.makitamarket.com.tr\/site\/urun\/makita-benzinli-cim-bicme-makinasi-sanzimanli\/"},"modified":"2025-07-11T18:50:02","modified_gmt":"2025-07-11T15:50:02","slug":"makita-benzinli-cim-bicme-makinasi-sanzimanli","status":"publish","type":"product","link":"https:\/\/www.makitamarket.com.tr\/site\/urun\/makita-benzinli-cim-bicme-makinasi-sanzimanli\/","title":{"rendered":"Makita PLM4628N BENZ\u0130NL\u0130 \u00c7\u0130M B\u0130\u00c7ME MAK\u0130NASI \u015eANZIMANLI"},"content":{"rendered":"<p>\n\t\u015eanz\u0131manl\u0131<\/p>\n<table>\n<tr>\n<td>\u015ease<\/td>\n<td>\u00c7elik<\/td>\n<\/tr>\n<tr>\n<td>Motor tipi<\/td>\n<td>B&#038;S 500E, 140mL<\/td>\n<\/tr>\n<tr>\n<td>Kesme Geni\u015fli\u011fi<\/td>\n<td>46cm<\/td>\n<\/tr>\n<tr>\n<td>Y\u00fckseklik Ayar\u0131<\/td>\n<td>25\/75mm<\/td>\n<\/tr>\n<tr>\n<td>Tahrik H\u0131z\u0131<\/td>\n<td>3-4.5km\/h<\/td>\n<\/tr>\n<tr>\n<td>\u00c7im Haznesi<\/td>\n<td>60lt Plastik+kanvas<\/td>\n<\/tr>\n<tr>\n<td>Kullan\u0131labilir Alan<\/td>\n<td>1000 m2<\/td>\n<\/tr>\n<tr>\n<td>A\u011f\u0131rl\u0131k<\/td>\n<td>31.2kg<\/td>\n<\/tr>\n<tr>\n<td>\u00d6l\u00e7\u00fcler (LxWxH)<\/td>\n<td>860x565x455mm<\/td>\n<\/tr>\n<\/table>\n","protected":false},"excerpt":{"rendered":"<p>\n\t\u015eanz\u0131manl\u0131<\/p>\n","protected":false},"featured_media":8675,"comment_status":"open","ping_status":"closed","template":"","meta":{"_acf_changed":false},"product_brand":[],"product_cat":[838],"product_tag":[],"class_list":{"0":"post-8346","1":"product","2":"type-product","3":"status-publish","4":"has-post-thumbnail","6":"product_cat-benzinli-cim-bicme-makinalari","8":"first","9":"outofstock","10":"taxable","11":"shipping-taxable","12":"purchasable","13":"product-type-simple","14":"add-to-wishlist-after_add_to_cart"},"acf":[],"_links":{"self":[{"href":"https:\/\/www.makitamarket.com.tr\/site\/wp-json\/wp\/v2\/product\/8346","targetHints":{"allow":["GET"]}}],"collection":[{"href":"https:\/\/www.makitamarket.com.tr\/site\/wp-json\/wp\/v2\/product"}],"about":[{"href":"https:\/\/www.makitamarket.com.tr\/site\/wp-json\/wp\/v2\/types\/product"}],"replies":[{"embeddable":true,"href":"https:\/\/www.makitamarket.com.tr\/site\/wp-json\/wp\/v2\/comments?post=8346"}],"wp:featuredmedia":[{"embeddable":true,"href":"https:\/\/www.makitamarket.com.tr\/site\/wp-json\/wp\/v2\/media\/8675"}],"wp:attachment":[{"href":"https:\/\/www.makitamarket.com.tr\/site\/wp-json\/wp\/v2\/media?parent=8346"}],"wp:term":[{"taxonomy":"product_brand","embeddable":true,"href":"https:\/\/www.makitamarket.com.tr\/site\/wp-json\/wp\/v2\/product_brand?post=8346"},{"taxonomy":"product_cat","embeddable":true,"href":"https:\/\/www.makitamarket.com.tr\/site\/wp-json\/wp\/v2\/product_cat?post=8346"},{"taxonomy":"product_tag","embeddable":true,"href":"https:\/\/www.makitamarket.com.tr\/site\/wp-json\/wp\/v2\/product_tag?post=8346"}],"curies":[{"name":"wp","href":"https:\/\/api.w.org\/{rel}","templated":true}]}}