{"id":8354,"date":"2024-11-27T19:44:48","date_gmt":"2024-11-27T16:44:48","guid":{"rendered":"https:\/\/www.makitamarket.com.tr\/site\/urun\/euromax-ex40441-4-elektrikli-pafta-makinasi\/"},"modified":"2026-04-13T19:01:36","modified_gmt":"2026-04-13T16:01:36","slug":"euromax-ex40441-4-elektrikli-pafta-makinasi","status":"publish","type":"product","link":"https:\/\/www.makitamarket.com.tr\/site\/urun\/euromax-ex40441-4-elektrikli-pafta-makinasi\/","title":{"rendered":"Euromax EX40441 EX40441 4&#8243; ELEKTR\u0130KL\u0130 PAFTA MAK\u0130NASI"},"content":{"rendered":"<p>Uyumlu Pafta Taraklar\u0131 :<\/p>\n<p>1\/2&#8243;-3\/4&#8243; (EX40446)<\/p>\n<p>1&#8243;-2&#8243; (EX40447)<\/p>\n<p>2 1\/2&#8243;-4&#8243; (EX40449<\/p>\n<p><\/p>\n<p>Makinan\u0131n bol ya\u011f ile<\/p>\n<p>\u00e7al\u0131\u015ft\u0131r\u0131lmas\u0131 gereklidir.<\/p>\n<p>(Paket i\u00e7inde ya\u011f yoktur.)<\/p>\n<table>\n<tr>\n<td>Kapasite<\/td>\n<td>4&#8243; BSPT\/NPT<\/td>\n<\/tr>\n<tr>\n<td>Ya\u011f Devirdaimi<\/td>\n<td>Otomatik, Vitesli Pompa<\/td>\n<\/tr>\n<tr>\n<td>Devir H\u0131z\u0131<\/td>\n<td>8 dev\/dak. &#038; 24 dev\/dak.<\/td>\n<\/tr>\n<tr>\n<td>\u00c7al\u0131\u015fma Voltaj\u0131<\/td>\n<td>230V.AC~50Hz<\/td>\n<\/tr>\n<tr>\n<td>Motor G\u00fcc\u00fc (W)<\/td>\n<td>900 Watt<\/td>\n<\/tr>\n<tr>\n<td>Boyutlar\u0131<\/td>\n<td>96 x 65 x 61 cm.<\/td>\n<\/tr>\n<tr>\n<td>A\u011f\u0131rl\u0131k<\/td>\n<td>125 kg.<\/td>\n<\/tr>\n<\/table>\n","protected":false},"excerpt":{"rendered":"<p>Uyumlu Pafta Taraklar\u0131 :<\/p>\n<p>1\/2&#8243;-3\/4&#8243; (EX40446)<\/p>\n<p>1&#8243;-2&#8243; (EX40447)<\/p>\n<p>2 1\/2&#8243;-4&#8243; (EX40449<\/p>\n<p><\/p>\n<p>Makinan\u0131n bol ya\u011f ile<\/p>\n<p>\u00e7al\u0131\u015ft\u0131r\u0131lmas\u0131 gereklidir.<\/p>\n<p>(Paket i\u00e7inde ya\u011f yoktur.)<\/p>\n","protected":false},"featured_media":8353,"comment_status":"open","ping_status":"closed","template":"","meta":{"_acf_changed":false},"product_brand":[1513],"product_cat":[1565],"product_tag":[],"class_list":{"0":"post-8354","1":"product","2":"type-product","3":"status-publish","4":"has-post-thumbnail","6":"product_brand-euromax","7":"product_cat-yok-yok","9":"first","10":"instock","11":"taxable","12":"shipping-taxable","13":"purchasable","14":"product-type-simple","15":"add-to-wishlist-after_add_to_cart"},"acf":[],"_links":{"self":[{"href":"https:\/\/www.makitamarket.com.tr\/site\/wp-json\/wp\/v2\/product\/8354","targetHints":{"allow":["GET"]}}],"collection":[{"href":"https:\/\/www.makitamarket.com.tr\/site\/wp-json\/wp\/v2\/product"}],"about":[{"href":"https:\/\/www.makitamarket.com.tr\/site\/wp-json\/wp\/v2\/types\/product"}],"replies":[{"embeddable":true,"href":"https:\/\/www.makitamarket.com.tr\/site\/wp-json\/wp\/v2\/comments?post=8354"}],"wp:featuredmedia":[{"embeddable":true,"href":"https:\/\/www.makitamarket.com.tr\/site\/wp-json\/wp\/v2\/media\/8353"}],"wp:attachment":[{"href":"https:\/\/www.makitamarket.com.tr\/site\/wp-json\/wp\/v2\/media?parent=8354"}],"wp:term":[{"taxonomy":"product_brand","embeddable":true,"href":"https:\/\/www.makitamarket.com.tr\/site\/wp-json\/wp\/v2\/product_brand?post=8354"},{"taxonomy":"product_cat","embeddable":true,"href":"https:\/\/www.makitamarket.com.tr\/site\/wp-json\/wp\/v2\/product_cat?post=8354"},{"taxonomy":"product_tag","embeddable":true,"href":"https:\/\/www.makitamarket.com.tr\/site\/wp-json\/wp\/v2\/product_tag?post=8354"}],"curies":[{"name":"wp","href":"https:\/\/api.w.org\/{rel}","templated":true}]}}