{"id":8358,"date":"2024-11-27T19:44:50","date_gmt":"2024-11-27T16:44:50","guid":{"rendered":"https:\/\/www.makitamarket.com.tr\/site\/urun\/virax-pafta-sistemi-1-3\/"},"modified":"2026-03-30T07:09:47","modified_gmt":"2026-03-30T04:09:47","slug":"virax-pafta-sistemi-1-3","status":"publish","type":"product","link":"https:\/\/www.makitamarket.com.tr\/site\/urun\/virax-pafta-sistemi-1-3\/","title":{"rendered":"Virax 126520 PAFTA S\u0130STEM\u0130 1&#8243; &#8211; 3&#8243;"},"content":{"rendered":"<div>\n\t<strong><span dir=\"ltr\" role=\"presentation\" style=\"left: 276.785px; top: 1375.27px; font-size: 11.6667px; font-family: sans-serif; transform: scaleX(0.885);\">Sevkiyat Kapsam\u0131<\/span><\/strong><\/div>\n<div>\n\t<span dir=\"ltr\" role=\"presentation\" style=\"left: 276.785px; top: 1375.27px; font-size: 11.6667px; font-family: sans-serif; transform: scaleX(0.885);\"><span dir=\"ltr\" role=\"presentation\" style=\"left: 276.785px; top: 1375.27px; font-size: 11.6667px; font-family: sans-serif; transform: scaleX(0.885);\">Pafta Kafas\u0131 Taraklar: 1\u201d-1 1\/4\u201d 1 1\/2\u201d-2\u201d 2 1\/2\u201d-3\u201d\u00a0 <\/span><\/span><\/div>\n<table>\n<tr>\n<td>Tarak Tipi<\/td>\n<td>Sa\u011f BSPT<\/td>\n<\/tr>\n<tr>\n<td>Tarak Aral\u0131\u011f\u0131<\/td>\n<td>1&#8243; &#8211; 3&#8243;<\/td>\n<\/tr>\n<tr>\n<td>A\u011f\u0131rl\u0131k<\/td>\n<td>20 kg<\/td>\n<\/tr>\n<\/table>\n","protected":false},"excerpt":{"rendered":"<div>\n\t<strong><span dir=\"ltr\" role=\"presentation\" style=\"left: 276.785px; top: 1375.27px; font-size: 11.6667px; font-family: sans-serif; transform: scaleX(0.885);\">Sevkiyat Kapsam\u0131<\/span><\/strong><\/div>\n<div>\n\t<span dir=\"ltr\" role=\"presentation\" style=\"left: 276.785px; top: 1375.27px; font-size: 11.6667px; font-family: sans-serif; transform: scaleX(0.885);\"><span dir=\"ltr\" role=\"presentation\" style=\"left: 276.785px; top: 1375.27px; font-size: 11.6667px; font-family: sans-serif; transform: scaleX(0.885);\">Pafta Kafas\u0131 Taraklar: 1\u201d-1 1\/4\u201d 1 1\/2\u201d-2\u201d 2 1\/2\u201d-3\u201d\u00a0 <\/span><\/span><\/div>\n","protected":false},"featured_media":8357,"comment_status":"open","ping_status":"closed","template":"","meta":{"_acf_changed":false},"product_brand":[1495],"product_cat":[1565],"product_tag":[],"class_list":{"0":"post-8358","1":"product","2":"type-product","3":"status-publish","4":"has-post-thumbnail","6":"product_brand-virax","7":"product_cat-yok-yok","9":"first","10":"outofstock","11":"taxable","12":"shipping-taxable","13":"purchasable","14":"product-type-simple","15":"add-to-wishlist-after_add_to_cart"},"acf":[],"_links":{"self":[{"href":"https:\/\/www.makitamarket.com.tr\/site\/wp-json\/wp\/v2\/product\/8358","targetHints":{"allow":["GET"]}}],"collection":[{"href":"https:\/\/www.makitamarket.com.tr\/site\/wp-json\/wp\/v2\/product"}],"about":[{"href":"https:\/\/www.makitamarket.com.tr\/site\/wp-json\/wp\/v2\/types\/product"}],"replies":[{"embeddable":true,"href":"https:\/\/www.makitamarket.com.tr\/site\/wp-json\/wp\/v2\/comments?post=8358"}],"wp:featuredmedia":[{"embeddable":true,"href":"https:\/\/www.makitamarket.com.tr\/site\/wp-json\/wp\/v2\/media\/8357"}],"wp:attachment":[{"href":"https:\/\/www.makitamarket.com.tr\/site\/wp-json\/wp\/v2\/media?parent=8358"}],"wp:term":[{"taxonomy":"product_brand","embeddable":true,"href":"https:\/\/www.makitamarket.com.tr\/site\/wp-json\/wp\/v2\/product_brand?post=8358"},{"taxonomy":"product_cat","embeddable":true,"href":"https:\/\/www.makitamarket.com.tr\/site\/wp-json\/wp\/v2\/product_cat?post=8358"},{"taxonomy":"product_tag","embeddable":true,"href":"https:\/\/www.makitamarket.com.tr\/site\/wp-json\/wp\/v2\/product_tag?post=8358"}],"curies":[{"name":"wp","href":"https:\/\/api.w.org\/{rel}","templated":true}]}}