{"id":8364,"date":"2024-11-27T19:44:55","date_gmt":"2024-11-27T16:44:55","guid":{"rendered":"https:\/\/www.makitamarket.com.tr\/site\/urun\/makita-duvar-zimparalama-18v\/"},"modified":"2026-04-06T12:17:02","modified_gmt":"2026-04-06T09:17:02","slug":"makita-duvar-zimparalama-18v","status":"publish","type":"product","link":"https:\/\/www.makitamarket.com.tr\/site\/urun\/makita-duvar-zimparalama-18v\/","title":{"rendered":"Makita DSL800RTE DUVAR ZIMPARALAMA 18V"},"content":{"rendered":"<p>Model DSL800RTE<\/p>\n<p>Duvar Z\u0131mparalama<\/p>\n<p><span style=\"color: rgb(0, 112, 192);\">18V Ak\u00fcl\u00fc 225 mm (8-7\/8&#8243;) De\u011fi\u015fken H\u0131zl\u0131 Duvar Z\u0131mparas\u0131<\/span><\/p>\n<p>Kullan\u0131m\u0131 kolay ve rahat olan duvar z\u0131mparalama al\u00e7\u0131,s\u0131va,duvar,parke ve tavan gibi y\u00fczeylerde kullan\u0131l\u0131r.Taban \u00e7ap\u0131 210 mm olan pratik model dakikada 1.000-1.800 bo\u015fta devir h\u0131z\u0131na sahiptir.<\/p>\n<p><span style=\"color: red;\">Kullan\u0131m amac\u0131:<\/span>Bu alet al\u00e7\u0131 panel veya tavan z\u0131mparalamak i\u00e7in tasarlanm\u0131\u015ft\u0131r.<\/p>\n<p><u style=\"color: rgb(33, 37, 41);\">\u00d6zellikleri:<\/u><\/p>\n<p><span style=\"color: rgb(33, 37, 41);\">18V max Lithium-ion<\/span>,<span style=\"color: rgb(33, 37, 41);\">BL MOTOR<\/span>,<span style=\"color: rgb(33, 37, 41);\">AWS<\/span>,<span style=\"color: rgb(33, 37, 41);\">XPT<\/span>,<span style=\"color: rgb(33, 37, 41);\">\u00c7ift Ak\u00fcl\u00fc<\/span><\/p>\n<p>Ak\u00fcl\u00fc yap\u0131s\u0131 kullan\u0131c\u0131ya kablosuz kullan\u0131m imkan\u0131 sunar ve bu sayede kullan\u0131c\u0131lar geni\u015f alanlarda kablo s\u0131n\u0131rlamalar\u0131 olmadan rahat\u00e7a \u00e7al\u0131\u015fabilirler.<\/p>\n<p>Li-ion;Bataryan\u0131n daha verimli \u00e7al\u0131\u015fmas\u0131n\u0131 sa\u011flayan teknolojidir.<\/p>\n<p>BL Motor\/K\u00f6m\u00fcrs\u00fcz Motor mevcuttur. K\u00f6m\u00fcrs\u00fcz motor sayesinde \u00e7al\u0131\u015fma esnas\u0131nda olu\u015fan \u0131s\u0131 enerjisi kaybolmaz ve makinenin g\u00fcc\u00fcne iletilir.<\/p>\n<p>XPT(Ekstra Koruma Teknolojisi) sayesinde nemli ve ya\u011fmurlu ortamlarda kullan\u0131labilir. D\u00fc\u015fmeye kar\u015f\u0131 ekstra dayan\u0131kl\u0131d\u0131r.<\/p>\n<p>AWS( Uzaktan Ba\u011flanma Teknolojisi);bluetooth ile makineleri birbirine ba\u011flama \u00f6zelli\u011fi sunar.<\/p>\n<ol>\n<li data-list=\"bullet\"><span class=\"ql-ui\" contenteditable=\"false\"><\/span>De\u011fi\u015fken h\u0131z \u00f6zelli\u011fine sahiptir.<\/li>\n<li data-list=\"bullet\"><span class=\"ql-ui\" contenteditable=\"false\"><\/span><span style=\"color: black;\">Sabit h\u0131z \u00f6zelli\u011fi vard\u0131r.<\/span><\/li>\n<li data-list=\"bullet\"><span class=\"ql-ui\" contenteditable=\"false\"><\/span>Yumu\u015fak ba\u015flama \u00f6zelli\u011fi mevcuttur.<\/li>\n<li data-list=\"bullet\"><span class=\"ql-ui\" contenteditable=\"false\"><\/span><span style=\"color: rgb(33, 37, 41);\">Plastik ta\u015f\u0131ma \u00e7antal\u0131d\u0131r.<\/span><\/li>\n<\/ol>\n<p><span style=\"color: rgb(33, 37, 41);\">C\u0131rtl\u0131 Taban<\/span><\/p>\n<p><span style=\"color: rgb(33, 37, 41);\">Ambalaj i\u00e7eri\u011fi: A\u015f\u0131nd\u0131r\u0131c\u0131 disk, alet \u00e7antas\u0131, Anahtar, \u00e7ift ak\u00fc, \u015farj cihaz\u0131<\/span><\/p>\n<p><span style=\"color: rgb(33, 37, 41);\"> <\/span><\/p>\n<p><span style=\"color: rgb(33, 37, 41);\"> <\/span><\/p>\n<table>\n<tr>\n<td>Taban \u00c7ap\u0131<\/td>\n<td>210 mm<\/td>\n<\/tr>\n<tr>\n<td>A\u015f\u0131nd\u0131r\u0131c\u0131 Disk \u00c7ap\u0131<\/td>\n<td>225 mm<\/td>\n<\/tr>\n<tr>\n<td>Bo\u015ftaki devir say\u0131s\u0131<\/td>\n<td>1.000-1.800 dev\/dak<\/td>\n<\/tr>\n<tr>\n<td>Net A\u011f\u0131rl\u0131k<\/td>\n<td>5,7 Kg<\/td>\n<\/tr>\n<tr>\n<td>G\u00fc\u00e7-Kapasite<\/td>\n<td>18V\/5.0Ah\/Li-ion<\/td>\n<\/tr>\n<tr>\n<td>Ak\u00fc \/ \u015earj Cihaz\u0131<\/td>\n<td>BL1850\/DC18RC<\/td>\n<\/tr>\n<\/table>\n","protected":false},"excerpt":{"rendered":"<p>Model DSL800RTE<\/p>\n<p>Duvar Z\u0131mparalama<\/p>\n<p><span style=\"color: rgb(0, 112, 192);\">18V Ak\u00fcl\u00fc 225 mm (8-7\/8&#8243;) De\u011fi\u015fken H\u0131zl\u0131 Duvar Z\u0131mparas\u0131<\/span><\/p>\n<p>Kullan\u0131m\u0131 kolay ve rahat olan duvar z\u0131mparalama al\u00e7\u0131,s\u0131va,duvar,parke ve tavan gibi y\u00fczeylerde kullan\u0131l\u0131r.Taban \u00e7ap\u0131 210 mm olan pratik model dakikada 1.000-1.800 bo\u015fta devir h\u0131z\u0131na sahiptir.<\/p>\n<p><span style=\"color: red;\">Kullan\u0131m amac\u0131:<\/span>Bu alet al\u00e7\u0131 panel veya tavan z\u0131mparalamak i\u00e7in tasarlanm\u0131\u015ft\u0131r.<\/p>\n<p><u style=\"color: rgb(33, 37, 41);\">\u00d6zellikleri:<\/u><\/p>\n<p><span style=\"color: rgb(33, 37, 41);\">18V max Lithium-ion<\/span>,<span style=\"color: rgb(33, 37, 41);\">BL MOTOR<\/span>,<span style=\"color: rgb(33, 37, 41);\">AWS<\/span>,<span style=\"color: rgb(33, 37, 41);\">XPT<\/span>,<span style=\"color: rgb(33, 37, 41);\">\u00c7ift Ak\u00fcl\u00fc<\/span><\/p>\n<p>Ak\u00fcl\u00fc yap\u0131s\u0131 kullan\u0131c\u0131ya kablosuz kullan\u0131m imkan\u0131 sunar ve bu sayede kullan\u0131c\u0131lar geni\u015f alanlarda kablo s\u0131n\u0131rlamalar\u0131 olmadan rahat\u00e7a \u00e7al\u0131\u015fabilirler.<\/p>\n<p>Li-ion;Bataryan\u0131n daha verimli \u00e7al\u0131\u015fmas\u0131n\u0131 sa\u011flayan teknolojidir.<\/p>\n<p>BL Motor\/K\u00f6m\u00fcrs\u00fcz Motor mevcuttur. K\u00f6m\u00fcrs\u00fcz motor sayesinde \u00e7al\u0131\u015fma esnas\u0131nda olu\u015fan \u0131s\u0131 enerjisi kaybolmaz ve makinenin g\u00fcc\u00fcne iletilir.<\/p>\n<p>XPT(Ekstra Koruma Teknolojisi) sayesinde nemli ve ya\u011fmurlu ortamlarda kullan\u0131labilir. D\u00fc\u015fmeye kar\u015f\u0131 ekstra dayan\u0131kl\u0131d\u0131r.<\/p>\n<p>AWS( Uzaktan Ba\u011flanma Teknolojisi);bluetooth ile makineleri birbirine ba\u011flama \u00f6zelli\u011fi sunar.<\/p>\n<ol>\n<li data-list=\"bullet\"><span class=\"ql-ui\" contenteditable=\"false\"><\/span>De\u011fi\u015fken h\u0131z \u00f6zelli\u011fine sahiptir.<\/li>\n<li data-list=\"bullet\"><span class=\"ql-ui\" contenteditable=\"false\"><\/span><span style=\"color: black;\">Sabit h\u0131z \u00f6zelli\u011fi vard\u0131r.<\/span><\/li>\n<li data-list=\"bullet\"><span class=\"ql-ui\" contenteditable=\"false\"><\/span>Yumu\u015fak ba\u015flama \u00f6zelli\u011fi mevcuttur.<\/li>\n<li data-list=\"bullet\"><span class=\"ql-ui\" contenteditable=\"false\"><\/span><span style=\"color: rgb(33, 37, 41);\">Plastik ta\u015f\u0131ma \u00e7antal\u0131d\u0131r.<\/span><\/li>\n<\/ol>\n<p><span style=\"color: rgb(33, 37, 41);\">C\u0131rtl\u0131 Taban<\/span><\/p>\n<p><span style=\"color: rgb(33, 37, 41);\">Ambalaj i\u00e7eri\u011fi: A\u015f\u0131nd\u0131r\u0131c\u0131 disk, alet \u00e7antas\u0131, Anahtar, \u00e7ift ak\u00fc, \u015farj cihaz\u0131<\/span><\/p>\n<p><span style=\"color: rgb(33, 37, 41);\"> <\/span><\/p>\n<p><span style=\"color: rgb(33, 37, 41);\"> <\/span><\/p>\n","protected":false},"featured_media":8363,"comment_status":"open","ping_status":"closed","template":"","meta":{"_acf_changed":false},"product_brand":[1485],"product_cat":[755],"product_tag":[],"class_list":{"0":"post-8364","1":"product","2":"type-product","3":"status-publish","4":"has-post-thumbnail","6":"product_brand-makita","7":"product_cat-18-volt","9":"first","10":"instock","11":"taxable","12":"shipping-taxable","13":"purchasable","14":"product-type-simple","15":"add-to-wishlist-after_add_to_cart"},"acf":[],"_links":{"self":[{"href":"https:\/\/www.makitamarket.com.tr\/site\/wp-json\/wp\/v2\/product\/8364","targetHints":{"allow":["GET"]}}],"collection":[{"href":"https:\/\/www.makitamarket.com.tr\/site\/wp-json\/wp\/v2\/product"}],"about":[{"href":"https:\/\/www.makitamarket.com.tr\/site\/wp-json\/wp\/v2\/types\/product"}],"replies":[{"embeddable":true,"href":"https:\/\/www.makitamarket.com.tr\/site\/wp-json\/wp\/v2\/comments?post=8364"}],"wp:featuredmedia":[{"embeddable":true,"href":"https:\/\/www.makitamarket.com.tr\/site\/wp-json\/wp\/v2\/media\/8363"}],"wp:attachment":[{"href":"https:\/\/www.makitamarket.com.tr\/site\/wp-json\/wp\/v2\/media?parent=8364"}],"wp:term":[{"taxonomy":"product_brand","embeddable":true,"href":"https:\/\/www.makitamarket.com.tr\/site\/wp-json\/wp\/v2\/product_brand?post=8364"},{"taxonomy":"product_cat","embeddable":true,"href":"https:\/\/www.makitamarket.com.tr\/site\/wp-json\/wp\/v2\/product_cat?post=8364"},{"taxonomy":"product_tag","embeddable":true,"href":"https:\/\/www.makitamarket.com.tr\/site\/wp-json\/wp\/v2\/product_tag?post=8364"}],"curies":[{"name":"wp","href":"https:\/\/api.w.org\/{rel}","templated":true}]}}