{"id":8366,"date":"2024-11-27T19:44:56","date_gmt":"2024-11-27T16:44:56","guid":{"rendered":"https:\/\/www.makitamarket.com.tr\/site\/urun\/kama-by-reis-benzinli-motor-22-hp\/"},"modified":"2025-11-16T04:26:35","modified_gmt":"2025-11-16T01:26:35","slug":"kama-by-reis-benzinli-motor-22-hp","status":"publish","type":"product","link":"https:\/\/www.makitamarket.com.tr\/site\/urun\/kama-by-reis-benzinli-motor-22-hp\/","title":{"rendered":"Kama By Reis R670 BENZ\u0130NL\u0130 MOTOR 22 hp"},"content":{"rendered":"<table>\n<tr>\n<td>Maksimum G\u00fc\u00e7  (Hp)<\/td>\n<td>22<\/td>\n<\/tr>\n<tr>\n<td>\u00c7ap x Stroke (mm)<\/td>\n<td>78 x 70 mm<\/td>\n<\/tr>\n<tr>\n<td>Silindir Hacmi  (cc)<\/td>\n<td>670<\/td>\n<\/tr>\n<tr>\n<td>\u00c7al\u0131\u015ft\u0131rma \u015eekli<\/td>\n<td>Mar\u015fl\u0131<\/td>\n<\/tr>\n<tr>\n<td>Motor tipi<\/td>\n<td>2 Silindir Hava So\u011futmal\u0131<\/td>\n<\/tr>\n<tr>\n<td>Krank Tipi<\/td>\n<td>Kamal\u0131 (Q)<\/td>\n<\/tr>\n<tr>\n<td>Hava Filtresi<\/td>\n<td>Kuru Tip<\/td>\n<\/tr>\n<tr>\n<td>Yak\u0131t deposu<\/td>\n<td>Yok<\/td>\n<\/tr>\n<tr>\n<td>Ya\u011f Tipi<\/td>\n<td>15W40<\/td>\n<\/tr>\n<tr>\n<td>Ya\u011f Kapasitesi ( Lt )<\/td>\n<td>1,5<\/td>\n<\/tr>\n<tr>\n<td>A\u011f\u0131rl\u0131k  (Kg)<\/td>\n<td>45 kg<\/td>\n<\/tr>\n<tr>\n<td>Boyutlar (UxGxY)(mm)<\/td>\n<td>615x500x530<\/td>\n<\/tr>\n<\/table>\n","protected":false},"excerpt":{"rendered":"<p>Maksimum G\u00fc\u00e7 (Hp) 22 \u00c7ap x Stroke (mm) 78 x 70 mm Silindir Hacmi (cc) 670 \u00c7al\u0131\u015ft\u0131rma \u015eekli Mar\u015fl\u0131 Motor tipi 2 Silindir Hava So\u011futmal\u0131 Krank Tipi Kamal\u0131 (Q) Hava<\/p>\n","protected":false},"featured_media":8367,"comment_status":"open","ping_status":"closed","template":"","meta":{"_acf_changed":false},"product_brand":[1500],"product_cat":[842],"product_tag":[],"class_list":{"0":"post-8366","1":"product","2":"type-product","3":"status-publish","4":"has-post-thumbnail","6":"product_brand-kama-by-reis","7":"product_cat-benzinli-motorlar","9":"first","10":"outofstock","11":"taxable","12":"shipping-taxable","13":"purchasable","14":"product-type-simple","15":"add-to-wishlist-after_add_to_cart"},"acf":[],"_links":{"self":[{"href":"https:\/\/www.makitamarket.com.tr\/site\/wp-json\/wp\/v2\/product\/8366","targetHints":{"allow":["GET"]}}],"collection":[{"href":"https:\/\/www.makitamarket.com.tr\/site\/wp-json\/wp\/v2\/product"}],"about":[{"href":"https:\/\/www.makitamarket.com.tr\/site\/wp-json\/wp\/v2\/types\/product"}],"replies":[{"embeddable":true,"href":"https:\/\/www.makitamarket.com.tr\/site\/wp-json\/wp\/v2\/comments?post=8366"}],"wp:featuredmedia":[{"embeddable":true,"href":"https:\/\/www.makitamarket.com.tr\/site\/wp-json\/wp\/v2\/media\/8367"}],"wp:attachment":[{"href":"https:\/\/www.makitamarket.com.tr\/site\/wp-json\/wp\/v2\/media?parent=8366"}],"wp:term":[{"taxonomy":"product_brand","embeddable":true,"href":"https:\/\/www.makitamarket.com.tr\/site\/wp-json\/wp\/v2\/product_brand?post=8366"},{"taxonomy":"product_cat","embeddable":true,"href":"https:\/\/www.makitamarket.com.tr\/site\/wp-json\/wp\/v2\/product_cat?post=8366"},{"taxonomy":"product_tag","embeddable":true,"href":"https:\/\/www.makitamarket.com.tr\/site\/wp-json\/wp\/v2\/product_tag?post=8366"}],"curies":[{"name":"wp","href":"https:\/\/api.w.org\/{rel}","templated":true}]}}