{"id":8369,"date":"2024-11-27T19:45:00","date_gmt":"2024-11-27T16:45:00","guid":{"rendered":"https:\/\/www.makitamarket.com.tr\/site\/urun\/leica-leica-distod810-touch-lazer-metre\/"},"modified":"2025-11-16T04:26:36","modified_gmt":"2025-11-16T01:26:36","slug":"leica-leica-distod810-touch-lazer-metre","status":"publish","type":"product","link":"https:\/\/www.makitamarket.com.tr\/site\/urun\/leica-leica-distod810-touch-lazer-metre\/","title":{"rendered":"Leica D810 LEICA DISTO\u2122D810 TOUCH LAZER METRE"},"content":{"rendered":"<div>\n\tD\u00fcnyan\u0131n ilk dokunmatik ekranl\u0131 foto\u011fraf \u00fczerinden \u00f6l\u00e7\u00fclendirme yapabilen lazer metresidir.<\/div>\n<div>\n\t\u2022 Foto\u011fraf \u00fczerinde \u00f6l\u00e7\u00fclendirme<\/div>\n<div>\n\t\u2022\u00a0Reklam tabelalar\u0131 ve bina d\u0131\u015f cephelerinde foto\u011fraf \u00fczerinden h\u0131zl\u0131 ve do\u011fru alan hesaplama.<\/div>\n<div>\n\t\u2022\u00a0Foto\u011fraf \u00fczerinden a\u011fa\u00e7, minare, kule vb. mimari yap\u0131larda \u00e7ap ve \u00e7evre hesaplama.<\/div>\n<div>\n\t\u2022\u00a030 foto\u011frafa kadar \u00e7ekim ve USB veri aktarma.<\/div>\n<div>\n\t\u2022\u00a0Li-ion \u015farj edilebilir batarya<\/div>\n<div>\n\t\u2022\u00a04X Yakla\u015ft\u0131rmal\u0131 geni\u015f a\u00e7\u0131 kameras\u0131.<\/div>\n<div>\n\t\u2022\u00a0Y\u00fcksek \u00e7\u00f6z\u00fcn\u00fcrl\u00fckte dokunmatik renkli ekran.<\/div>\n<div>\n\t\u2022\u00a0360\u00b0 dijital e\u011fim \u00f6l\u00e7er.<\/div>\n<div>\n\t\u2022\u00a0Otomatik ekran ayd\u0131nlatmas\u0131.<\/div>\n<div>\n\t\u2022\u00a0Oda \u00f6l\u00e7\u00fcm\u00fcnde ilave detay ekran\u0131yla alan,hacim, metret\u00fcl ve tavan alanlar\u0131n\u0131n hesaplanmas\u0131.<\/div>\n<div>\n\t\u2022\u00a0\u00dc\u00e7gen alan\u0131 ve k\u00f6\u015fe a\u00e7\u0131lar\u0131n\u0131n hesaplanmas\u0131.<\/div>\n<div>\n\t\u2022\u00a0Trapezyum fonksiyonuyla bina d\u0131\u015f cephelerinde \u00e7at\u0131 e\u011fimi dahil alan hesaplama.<\/div>\n<div>\n\t\u2022\u00a0Son 30 \u00f6l\u00e7\u00fcm sonucunu haf\u0131zaya alabilme.<\/div>\n<div>\n\t\u2022\u00a0Pisagor fonksiyonlar\u0131yla d\u0131\u015f sahada uzaktan y\u00fckseklik farkl\u0131l\u0131klar\u0131 kolayca belirlenir.<\/div>\n<div>\n\t\u2022\u00a0Uzak mesafeden \u00e7at\u0131 e\u011fimi ve \u00f6l\u00e7\u00fclerin hesaplanamas\u0131.<\/div>\n<div>\n\t\u2022\u00a0Tripod ve adapt\u00f6r ba\u011flant\u0131s\u0131 1\/4&#8243;.<\/div>\n<div>\n\t<strong>Geni\u015flik, y\u00fckseklik ve alan \u00f6l\u00e7\u00fcm\u00fc (Reklam Tabelas\u0131 \u00d6l\u00e7\u00fcm Mod\u00fcl\u00fc)<\/strong><\/div>\n<div>\n\tD\u00dcNYADA iLK ve TEK<\/div>\n<div>\n\t\u00d6l\u00e7\u00fcm yap\u0131lacak tabelan\u0131n kar\u015f\u0131s\u0131na ge\u00e7ip tek \u00f6l\u00e7\u00fcm yaparak geni\u015flik, y\u00fckseklik ve alan hesaplamas\u0131 yapabilir bu \u00f6l\u00e7\u00fcmleri foto\u011fraf olarak kaydedebilirsiniz. Ekran \u00fczerinde \u00e7\u0131kan kadrajda bulunan oklar sayesinde \u00f6l\u00e7\u00fcm\u00fcn ba\u015flamas\u0131n\u0131 istedi\u011finiz noktalara oklar\u0131 kayd\u0131rarak \u00f6l\u00e7\u00fcm\u00fc foto\u011fraf \u00fczerinde ger\u00e7ekle\u015ftirebilirsiniz.<\/div>\n<table>\n<tr>\n<td>Menzil<\/td>\n<td>0.05-250 metre<\/td>\n<\/tr>\n<tr>\n<td>Hassasiyet<\/td>\n<td>+ \/ &#8211; 1 mm<\/td>\n<\/tr>\n<\/table>\n","protected":false},"excerpt":{"rendered":"<div>\n\tD\u00fcnyan\u0131n ilk dokunmatik ekranl\u0131 foto\u011fraf \u00fczerinden \u00f6l\u00e7\u00fclendirme yapabilen lazer metresidir.<\/div>\n<div>\n\t\u2022 Foto\u011fraf \u00fczerinde \u00f6l\u00e7\u00fclendirme<\/div>\n<div>\n\t\u2022\u00a0Reklam tabelalar\u0131 ve bina d\u0131\u015f cephelerinde foto\u011fraf \u00fczerinden h\u0131zl\u0131 ve do\u011fru alan hesaplama.<\/div>\n<div>\n\t\u2022\u00a0Foto\u011fraf \u00fczerinden a\u011fa\u00e7, minare, kule vb. mimari yap\u0131larda \u00e7ap ve \u00e7evre hesaplama.<\/div>\n<div>\n\t\u2022\u00a030 foto\u011frafa kadar \u00e7ekim ve USB veri aktarma.<\/div>\n<div>\n\t\u2022\u00a0Li-ion \u015farj edilebilir batarya<\/div>\n<div>\n\t\u2022\u00a04X Yakla\u015ft\u0131rmal\u0131 geni\u015f a\u00e7\u0131 kameras\u0131.<\/div>\n<div>\n\t\u2022\u00a0Y\u00fcksek \u00e7\u00f6z\u00fcn\u00fcrl\u00fckte dokunmatik renkli ekran.<\/div>\n<div>\n\t\u2022\u00a0360\u00b0 dijital e\u011fim \u00f6l\u00e7er.<\/div>\n<div>\n\t\u2022\u00a0Otomatik ekran ayd\u0131nlatmas\u0131.<\/div>\n<div>\n\t\u2022\u00a0Oda \u00f6l\u00e7\u00fcm\u00fcnde ilave detay ekran\u0131yla alan,hacim, metret\u00fcl ve tavan alanlar\u0131n\u0131n hesaplanmas\u0131.<\/div>\n<div>\n\t\u2022\u00a0\u00dc\u00e7gen alan\u0131 ve k\u00f6\u015fe a\u00e7\u0131lar\u0131n\u0131n hesaplanmas\u0131.<\/div>\n<div>\n\t\u2022\u00a0Trapezyum fonksiyonuyla bina d\u0131\u015f cephelerinde \u00e7at\u0131 e\u011fimi dahil alan hesaplama.<\/div>\n<div>\n\t\u2022\u00a0Son 30 \u00f6l\u00e7\u00fcm sonucunu haf\u0131zaya alabilme.<\/div>\n<div>\n\t\u2022\u00a0Pisagor fonksiyonlar\u0131yla d\u0131\u015f sahada uzaktan y\u00fckseklik farkl\u0131l\u0131klar\u0131 kolayca belirlenir.<\/div>\n<div>\n\t\u2022\u00a0Uzak mesafeden \u00e7at\u0131 e\u011fimi ve \u00f6l\u00e7\u00fclerin hesaplanamas\u0131.<\/div>\n<div>\n\t\u2022\u00a0Tripod ve adapt\u00f6r ba\u011flant\u0131s\u0131 1\/4&#8243;.<\/div>\n<div>\n\t<strong>Geni\u015flik, y\u00fckseklik ve alan \u00f6l\u00e7\u00fcm\u00fc (Reklam Tabelas\u0131 \u00d6l\u00e7\u00fcm Mod\u00fcl\u00fc)<\/strong><\/div>\n<div>\n\tD\u00dcNYADA iLK ve TEK<\/div>\n<div>\n\t\u00d6l\u00e7\u00fcm yap\u0131lacak tabelan\u0131n kar\u015f\u0131s\u0131na ge\u00e7ip tek \u00f6l\u00e7\u00fcm yaparak geni\u015flik, y\u00fckseklik ve alan hesaplamas\u0131 yapabilir bu \u00f6l\u00e7\u00fcmleri foto\u011fraf olarak kaydedebilirsiniz. Ekran \u00fczerinde \u00e7\u0131kan kadrajda bulunan oklar sayesinde \u00f6l\u00e7\u00fcm\u00fcn ba\u015flamas\u0131n\u0131 istedi\u011finiz noktalara oklar\u0131 kayd\u0131rarak \u00f6l\u00e7\u00fcm\u00fc foto\u011fraf \u00fczerinde ger\u00e7ekle\u015ftirebilirsiniz.<\/div>\n","protected":false},"featured_media":8368,"comment_status":"open","ping_status":"closed","template":"","meta":{"_acf_changed":false},"product_brand":[1504],"product_cat":[754],"product_tag":[],"class_list":{"0":"post-8369","1":"product","2":"type-product","3":"status-publish","4":"has-post-thumbnail","6":"product_brand-leica","7":"product_cat-lazer-metreler","9":"first","10":"outofstock","11":"taxable","12":"shipping-taxable","13":"purchasable","14":"product-type-simple","15":"add-to-wishlist-after_add_to_cart"},"acf":[],"_links":{"self":[{"href":"https:\/\/www.makitamarket.com.tr\/site\/wp-json\/wp\/v2\/product\/8369","targetHints":{"allow":["GET"]}}],"collection":[{"href":"https:\/\/www.makitamarket.com.tr\/site\/wp-json\/wp\/v2\/product"}],"about":[{"href":"https:\/\/www.makitamarket.com.tr\/site\/wp-json\/wp\/v2\/types\/product"}],"replies":[{"embeddable":true,"href":"https:\/\/www.makitamarket.com.tr\/site\/wp-json\/wp\/v2\/comments?post=8369"}],"wp:featuredmedia":[{"embeddable":true,"href":"https:\/\/www.makitamarket.com.tr\/site\/wp-json\/wp\/v2\/media\/8368"}],"wp:attachment":[{"href":"https:\/\/www.makitamarket.com.tr\/site\/wp-json\/wp\/v2\/media?parent=8369"}],"wp:term":[{"taxonomy":"product_brand","embeddable":true,"href":"https:\/\/www.makitamarket.com.tr\/site\/wp-json\/wp\/v2\/product_brand?post=8369"},{"taxonomy":"product_cat","embeddable":true,"href":"https:\/\/www.makitamarket.com.tr\/site\/wp-json\/wp\/v2\/product_cat?post=8369"},{"taxonomy":"product_tag","embeddable":true,"href":"https:\/\/www.makitamarket.com.tr\/site\/wp-json\/wp\/v2\/product_tag?post=8369"}],"curies":[{"name":"wp","href":"https:\/\/api.w.org\/{rel}","templated":true}]}}