{"id":8373,"date":"2024-11-27T19:45:00","date_gmt":"2024-11-27T16:45:00","guid":{"rendered":"https:\/\/www.makitamarket.com.tr\/site\/urun\/gison-vakumlu-tabla\/"},"modified":"2026-04-06T12:17:04","modified_gmt":"2026-04-06T09:17:04","slug":"gison-vakumlu-tabla","status":"publish","type":"product","link":"https:\/\/www.makitamarket.com.tr\/site\/urun\/gison-vakumlu-tabla\/","title":{"rendered":"Gison GPW510B VAKUMLU TABLA"},"content":{"rendered":"<div>\n\t\u2022<span style=\"color: rgb(255, 0, 0);\"><strong>\u00a0<\/strong><\/span>510A ile birlikte \u0130\u00e7 Kenar Frezeleme<\/div>\n<div>\n\t<strong>Kullan\u0131m Alanlar\u0131<\/strong><\/div>\n<div>\n\tGPW510A ile beraber kullan\u0131larak \u0130\u00e7 kenar frezeleme ve D\u00fczg\u00fcn, E\u011fimli, Oval frezeleme i\u015fleminin rahat bir \u015fekilde yap\u0131labilmesini sa\u011flar<\/div>\n<div>\n<div>\n\t\tGPW510A ile berabar kullan\u0131larak \u0130\u00e7 Kenar frezeleme ve d\u00fczg\u00fcn, e\u011fimli, oval frezeleme i\u015fleminin rahat ve ak\u0131c\u0131 bir \u015fekilde yap\u0131labilmesini sa\u011flar.<\/div>\n<div>\n\t\t\u00a0<\/div>\n<\/div>\n<table>\n<tr>\n<td>A\u011f\u0131rl\u0131k<\/td>\n<td>7.10 kg.<\/td>\n<\/tr>\n<tr>\n<td>Uzunluk<\/td>\n<td>350 mm.<\/td>\n<\/tr>\n<tr>\n<td>Geni\u015flik<\/td>\n<td>350 mm.<\/td>\n<\/tr>\n<tr>\n<td>Y\u00fckseklik<\/td>\n<td>210 mm.<\/td>\n<\/tr>\n<tr>\n<td>Minumum \u00c7ap<\/td>\n<td>128 mm.<\/td>\n<\/tr>\n<tr>\n<td>Maksimum \u00c7ap<\/td>\n<td>430 mm.<\/td>\n<\/tr>\n<tr>\n<td>Standart\u0131<\/td>\n<td>CE-Made in Taiwan<\/td>\n<\/tr>\n<\/table>\n","protected":false},"excerpt":{"rendered":"<div>\n\t\u2022<span style=\"color: rgb(255, 0, 0);\"><strong>\u00a0<\/strong><\/span>510A ile birlikte \u0130\u00e7 Kenar Frezeleme<\/div>\n<div>\n\t<strong>Kullan\u0131m Alanlar\u0131<\/strong><\/div>\n<div>\n\tGPW510A ile beraber kullan\u0131larak \u0130\u00e7 kenar frezeleme ve D\u00fczg\u00fcn, E\u011fimli, Oval frezeleme i\u015fleminin rahat bir \u015fekilde yap\u0131labilmesini sa\u011flar<\/div>\n<div>\n<div>\n\t\tGPW510A ile berabar kullan\u0131larak \u0130\u00e7 Kenar frezeleme ve d\u00fczg\u00fcn, e\u011fimli, oval frezeleme i\u015fleminin rahat ve ak\u0131c\u0131 bir \u015fekilde yap\u0131labilmesini sa\u011flar.<\/div>\n<div>\n\t\t\u00a0<\/div>\n<\/div>\n","protected":false},"featured_media":8372,"comment_status":"open","ping_status":"closed","template":"","meta":{"_acf_changed":false},"product_brand":[1512],"product_cat":[843],"product_tag":[],"class_list":{"0":"post-8373","1":"product","2":"type-product","3":"status-publish","4":"has-post-thumbnail","6":"product_brand-gison","7":"product_cat-havali-freze-makinalari","9":"first","10":"instock","11":"taxable","12":"shipping-taxable","13":"purchasable","14":"product-type-simple","15":"add-to-wishlist-after_add_to_cart"},"acf":[],"_links":{"self":[{"href":"https:\/\/www.makitamarket.com.tr\/site\/wp-json\/wp\/v2\/product\/8373","targetHints":{"allow":["GET"]}}],"collection":[{"href":"https:\/\/www.makitamarket.com.tr\/site\/wp-json\/wp\/v2\/product"}],"about":[{"href":"https:\/\/www.makitamarket.com.tr\/site\/wp-json\/wp\/v2\/types\/product"}],"replies":[{"embeddable":true,"href":"https:\/\/www.makitamarket.com.tr\/site\/wp-json\/wp\/v2\/comments?post=8373"}],"wp:featuredmedia":[{"embeddable":true,"href":"https:\/\/www.makitamarket.com.tr\/site\/wp-json\/wp\/v2\/media\/8372"}],"wp:attachment":[{"href":"https:\/\/www.makitamarket.com.tr\/site\/wp-json\/wp\/v2\/media?parent=8373"}],"wp:term":[{"taxonomy":"product_brand","embeddable":true,"href":"https:\/\/www.makitamarket.com.tr\/site\/wp-json\/wp\/v2\/product_brand?post=8373"},{"taxonomy":"product_cat","embeddable":true,"href":"https:\/\/www.makitamarket.com.tr\/site\/wp-json\/wp\/v2\/product_cat?post=8373"},{"taxonomy":"product_tag","embeddable":true,"href":"https:\/\/www.makitamarket.com.tr\/site\/wp-json\/wp\/v2\/product_tag?post=8373"}],"curies":[{"name":"wp","href":"https:\/\/api.w.org\/{rel}","templated":true}]}}