{"id":8376,"date":"2024-11-27T19:45:01","date_gmt":"2024-11-27T16:45:01","guid":{"rendered":"https:\/\/www.makitamarket.com.tr\/site\/urun\/kama-by-reis-kama-by-reis-kdk10000ce3-dizel-jenerator\/"},"modified":"2026-04-06T18:14:56","modified_gmt":"2026-04-06T15:14:56","slug":"kama-by-reis-kama-by-reis-kdk10000ce3-dizel-jenerator","status":"publish","type":"product","link":"https:\/\/www.makitamarket.com.tr\/site\/urun\/kama-by-reis-kama-by-reis-kdk10000ce3-dizel-jenerator\/","title":{"rendered":"Factor KDK10000CE3 9.4 KVA D\u0130ZEL JENERAT\u00d6R TR\u0130FAZE"},"content":{"rendered":"<p>9.4 KVA D\u0130ZEL JENERAT\u00d6R TR\u0130FAZE<\/p>\n<table>\n<tr>\n<td>Yak\u0131t depo kapasitesi<\/td>\n<td>12,5 L<\/td>\n<\/tr>\n<tr>\n<td>G\u00fc\u00e7 Fakt\u00f6r\u00fc     (Cos \u03c6)<\/td>\n<td>1 \/ 0,8 cos \u03a6<\/td>\n<\/tr>\n<tr>\n<td>S\u00fcrekli \u00c7\u0131k\u0131\u015f Ak\u0131m\u0131 (A)<\/td>\n<td>12,2 a<\/td>\n<\/tr>\n<tr>\n<td>Motor Modeli<\/td>\n<td>195f<\/td>\n<\/tr>\n<tr>\n<td>Yak\u0131t T\u00fcketimi<\/td>\n<td>2 lt\/saat<\/td>\n<\/tr>\n<tr>\n<td>Ses seviyesi<\/td>\n<td>77 dba-7m<\/td>\n<\/tr>\n<tr>\n<td>Maksimum G\u00fc\u00e7<\/td>\n<td>7,5 \/ 9,4 kw\/kva<\/td>\n<\/tr>\n<tr>\n<td>Ya\u011f Tipi<\/td>\n<td>15w40<\/td>\n<\/tr>\n<tr>\n<td>Motor G\u00fcc\u00fc<\/td>\n<td>13 hp<\/td>\n<\/tr>\n<tr>\n<td>Ak\u00fc<\/td>\n<td>var<\/td>\n<\/tr>\n<tr>\n<td>\u00c7al\u0131\u015ft\u0131rma \u015eekli<\/td>\n<td>ipli \/ mar\u015fl\u0131<\/td>\n<\/tr>\n<tr>\n<td>G\u00f6sterge Ekran\u0131<\/td>\n<td>dijital<\/td>\n<\/tr>\n<tr>\n<td>Motor tipi<\/td>\n<td>1 silindir \/ hava so\u011futmal\u0131<\/td>\n<\/tr>\n<tr>\n<td>\u00c7\u0131k\u0131\u015f Voltaj\u0131  (V)<\/td>\n<td>230 \/ 400 v<\/td>\n<\/tr>\n<tr>\n<td>S\u00fcrekli G\u00fc\u00e7 kW \/ kVA<\/td>\n<td>6,8 \/ 8,5 kw\/kva<\/td>\n<\/tr>\n<tr>\n<td>Boyutlar<\/td>\n<td>700x510x620 mm<\/td>\n<\/tr>\n<tr>\n<td>Ya\u011f Kapasitesi<\/td>\n<td>1,65 L<\/td>\n<\/tr>\n<tr>\n<td>Frekans<\/td>\n<td>50 hz<\/td>\n<\/tr>\n<tr>\n<td>Sar\u0131m<\/td>\n<td>bak\u0131r sarg\u0131l\u0131<\/td>\n<\/tr>\n<tr>\n<td>Silindir Hacmi<\/td>\n<td>532 cc<\/td>\n<\/tr>\n<tr>\n<td>Faz Say\u0131s\u0131<\/td>\n<td>3 trifaze<\/td>\n<\/tr>\n<tr>\n<td>A\u011f\u0131rl\u0131k<\/td>\n<td>124 kg<\/td>\n<\/tr>\n<tr>\n<td>Yak\u0131t Tipi<\/td>\n<td>euro dizel<\/td>\n<\/tr>\n<\/table>\n","protected":false},"excerpt":{"rendered":"<p>9.4 KVA D\u0130ZEL JENERAT\u00d6R TR\u0130FAZE<\/p>\n","protected":false},"featured_media":0,"comment_status":"open","ping_status":"closed","template":"","meta":{"_acf_changed":false},"product_brand":[1494,1500],"product_cat":[1565],"product_tag":[],"class_list":{"0":"post-8376","1":"product","2":"type-product","3":"status-publish","5":"product_brand-factor","6":"product_brand-kama-by-reis","7":"product_cat-yok-yok","9":"first","10":"instock","11":"taxable","12":"shipping-taxable","13":"purchasable","14":"product-type-simple","15":"add-to-wishlist-after_add_to_cart"},"acf":[],"_links":{"self":[{"href":"https:\/\/www.makitamarket.com.tr\/site\/wp-json\/wp\/v2\/product\/8376","targetHints":{"allow":["GET"]}}],"collection":[{"href":"https:\/\/www.makitamarket.com.tr\/site\/wp-json\/wp\/v2\/product"}],"about":[{"href":"https:\/\/www.makitamarket.com.tr\/site\/wp-json\/wp\/v2\/types\/product"}],"replies":[{"embeddable":true,"href":"https:\/\/www.makitamarket.com.tr\/site\/wp-json\/wp\/v2\/comments?post=8376"}],"wp:attachment":[{"href":"https:\/\/www.makitamarket.com.tr\/site\/wp-json\/wp\/v2\/media?parent=8376"}],"wp:term":[{"taxonomy":"product_brand","embeddable":true,"href":"https:\/\/www.makitamarket.com.tr\/site\/wp-json\/wp\/v2\/product_brand?post=8376"},{"taxonomy":"product_cat","embeddable":true,"href":"https:\/\/www.makitamarket.com.tr\/site\/wp-json\/wp\/v2\/product_cat?post=8376"},{"taxonomy":"product_tag","embeddable":true,"href":"https:\/\/www.makitamarket.com.tr\/site\/wp-json\/wp\/v2\/product_tag?post=8376"}],"curies":[{"name":"wp","href":"https:\/\/api.w.org\/{rel}","templated":true}]}}