{"id":8420,"date":"2024-11-27T19:45:20","date_gmt":"2024-11-27T16:45:20","guid":{"rendered":"https:\/\/www.makitamarket.com.tr\/site\/urun\/makita-benzin-motorlu-testere-50cc-3-9hp\/"},"modified":"2026-04-06T12:18:07","modified_gmt":"2026-04-06T09:18:07","slug":"makita-benzin-motorlu-testere-50cc-3-9hp","status":"publish","type":"product","link":"https:\/\/www.makitamarket.com.tr\/site\/urun\/makita-benzin-motorlu-testere-50cc-3-9hp\/","title":{"rendered":"Makita EA5001P45D BENZ\u0130N MOTORLU TESTERE 50cc\/3.9hp"},"content":{"rendered":"<p>Model EA5001P45D<\/p>\n<p>Benzin Motorlu Testere<\/p>\n<p>50 cc \u2022 45cm<\/p>\n<p><strong style=\"color: rgb(0, 112, 192);\">Y\u00fcksek Performansl\u0131 Benzinli Testere<\/strong><\/p>\n<p>Odun kesimi ve a\u011fa\u00e7 budama i\u015flemleri i\u00e7in tasarlanm\u0131\u015f, g\u00fc\u00e7l\u00fc ve dayan\u0131kl\u0131 bir benzinli testere modelidir. <strong>50 cc motor g\u00fcc\u00fc <\/strong>ve <strong>45 cm pala uzunlu\u011fu<\/strong> ile b\u00fcy\u00fck ve zorlu kesimler i\u00e7in \u00fcst\u00fcn performans sunar. Ergonomik tasar\u0131m\u0131, d\u00fc\u015f\u00fck titre\u015fim seviyesi ve sa\u011flam yap\u0131s\u0131 sayesinde uzun s\u00fcreli kullan\u0131mda konfor sa\u011flar. Profesyonel orman i\u015fleri, a\u011fa\u00e7 kesme ve a\u011f\u0131r kesim projelerinde g\u00fcvenilir bir tercihtir.<\/p>\n<p><span style=\"color: red;\">Kullan\u0131m amac\u0131: <\/span>Odun kesme ve budama i\u015flemleri i\u00e7in tasarlanm\u0131\u015f bir benzinli motorlu testeredir.<\/p>\n<p><u>\u00d6zellikleri:<\/u><\/p>\n<ol>\n<li data-list=\"ordered\"><span class=\"ql-ui\" contenteditable=\"false\"><\/span>Titre\u015fim \u00f6nleyici vard\u0131r.<\/li>\n<li data-list=\"ordered\"><span class=\"ql-ui\" contenteditable=\"false\"><\/span>Otomatik zincir ya\u011flama vard\u0131r.<\/li>\n<li data-list=\"ordered\"><span class=\"ql-ui\" contenteditable=\"false\"><\/span>Zincir freni mevcuttur.<\/li>\n<li data-list=\"ordered\"><span class=\"ql-ui\" contenteditable=\"false\"><\/span>Kapasit\u00f6r de\u015farj ate\u015flemesi mevcuttur.<\/li>\n<li data-list=\"ordered\"><span class=\"ql-ui\" contenteditable=\"false\"><\/span>H\u0131zl\u0131 ba\u015flang\u0131\u00e7 \u00f6zelli\u011fi vard\u0131r.<\/li>\n<li data-list=\"ordered\"><span class=\"ql-ui\" contenteditable=\"false\"><\/span>Primer pompas\u0131 vard\u0131r.<\/li>\n<\/ol>\n<p><span style=\"color: black; background-color: white;\">Ambalaj i\u00e7eri\u011fi: Testere palas\u0131,pala k\u0131l\u0131f\u0131,testere zinciri,kurulum aletleri,kullan\u0131m k\u0131lavuzu<\/span><\/p>\n<table>\n<tr>\n<td>Motor tipi<\/td>\n<td>2 Zamanl\u0131, Benzinli<\/td>\n<\/tr>\n<tr>\n<td>Motor G\u00fcc\u00fc<\/td>\n<td>50 CC 2.8kW \/ 3.9Hp<\/td>\n<\/tr>\n<tr>\n<td>Benzin Kapasitesi<\/td>\n<td>0.47 L<\/td>\n<\/tr>\n<tr>\n<td>Ya\u011f Kapasite<\/td>\n<td>0.27 L<\/td>\n<\/tr>\n<tr>\n<td>Kar\u0131\u015f\u0131m Oran\u0131<\/td>\n<td>50:1 L<\/td>\n<\/tr>\n<tr>\n<td>Pala<\/td>\n<td>45 cm<\/td>\n<\/tr>\n<tr>\n<td>Zincir \u00d6l\u00e7\u00fcs\u00fc<\/td>\n<td>36 di\u015f<\/td>\n<\/tr>\n<tr>\n<td>A\u011f\u0131rl\u0131k<\/td>\n<td>5.6 kg<\/td>\n<\/tr>\n<tr>\n<td>Titre\u015fim<\/td>\n<td>3.7 m\/s2<\/td>\n<\/tr>\n<tr>\n<td>Motor Sesi<\/td>\n<td>102.4 dBA<\/td>\n<\/tr>\n<tr>\n<td>\u00d6l\u00e7\u00fcler<\/td>\n<td>420x235x290 mm<\/td>\n<\/tr>\n<\/table>\n","protected":false},"excerpt":{"rendered":"<p>Model EA5001P45D<\/p>\n<p>Benzin Motorlu Testere<\/p>\n<p>50 cc \u2022 45cm<\/p>\n<p><strong style=\"color: rgb(0, 112, 192);\">Y\u00fcksek Performansl\u0131 Benzinli Testere<\/strong><\/p>\n<p>Odun kesimi ve a\u011fa\u00e7 budama i\u015flemleri i\u00e7in tasarlanm\u0131\u015f, g\u00fc\u00e7l\u00fc ve dayan\u0131kl\u0131 bir benzinli testere modelidir. <strong>50 cc motor g\u00fcc\u00fc <\/strong>ve <strong>45 cm pala uzunlu\u011fu<\/strong> ile b\u00fcy\u00fck ve zorlu kesimler i\u00e7in \u00fcst\u00fcn performans sunar. Ergonomik tasar\u0131m\u0131, d\u00fc\u015f\u00fck titre\u015fim seviyesi ve sa\u011flam yap\u0131s\u0131 sayesinde uzun s\u00fcreli kullan\u0131mda konfor sa\u011flar. Profesyonel orman i\u015fleri, a\u011fa\u00e7 kesme ve a\u011f\u0131r kesim projelerinde g\u00fcvenilir bir tercihtir.<\/p>\n<p><span style=\"color: red;\">Kullan\u0131m amac\u0131: <\/span>Odun kesme ve budama i\u015flemleri i\u00e7in tasarlanm\u0131\u015f bir benzinli motorlu testeredir.<\/p>\n<p><u>\u00d6zellikleri:<\/u><\/p>\n<ol>\n<li data-list=\"ordered\"><span class=\"ql-ui\" contenteditable=\"false\"><\/span>Titre\u015fim \u00f6nleyici vard\u0131r.<\/li>\n<li data-list=\"ordered\"><span class=\"ql-ui\" contenteditable=\"false\"><\/span>Otomatik zincir ya\u011flama vard\u0131r.<\/li>\n<li data-list=\"ordered\"><span class=\"ql-ui\" contenteditable=\"false\"><\/span>Zincir freni mevcuttur.<\/li>\n<li data-list=\"ordered\"><span class=\"ql-ui\" contenteditable=\"false\"><\/span>Kapasit\u00f6r de\u015farj ate\u015flemesi mevcuttur.<\/li>\n<li data-list=\"ordered\"><span class=\"ql-ui\" contenteditable=\"false\"><\/span>H\u0131zl\u0131 ba\u015flang\u0131\u00e7 \u00f6zelli\u011fi vard\u0131r.<\/li>\n<li data-list=\"ordered\"><span class=\"ql-ui\" contenteditable=\"false\"><\/span>Primer pompas\u0131 vard\u0131r.<\/li>\n<\/ol>\n<p><span style=\"color: black; background-color: white;\">Ambalaj i\u00e7eri\u011fi: Testere palas\u0131,pala k\u0131l\u0131f\u0131,testere zinciri,kurulum aletleri,kullan\u0131m k\u0131lavuzu<\/span><\/p>\n","protected":false},"featured_media":8419,"comment_status":"open","ping_status":"closed","template":"","meta":{"_acf_changed":false},"product_brand":[1485],"product_cat":[832],"product_tag":[],"class_list":{"0":"post-8420","1":"product","2":"type-product","3":"status-publish","4":"has-post-thumbnail","6":"product_brand-makita","7":"product_cat-benzinli","9":"first","10":"instock","11":"taxable","12":"shipping-taxable","13":"purchasable","14":"product-type-simple","15":"add-to-wishlist-after_add_to_cart"},"acf":[],"_links":{"self":[{"href":"https:\/\/www.makitamarket.com.tr\/site\/wp-json\/wp\/v2\/product\/8420","targetHints":{"allow":["GET"]}}],"collection":[{"href":"https:\/\/www.makitamarket.com.tr\/site\/wp-json\/wp\/v2\/product"}],"about":[{"href":"https:\/\/www.makitamarket.com.tr\/site\/wp-json\/wp\/v2\/types\/product"}],"replies":[{"embeddable":true,"href":"https:\/\/www.makitamarket.com.tr\/site\/wp-json\/wp\/v2\/comments?post=8420"}],"wp:featuredmedia":[{"embeddable":true,"href":"https:\/\/www.makitamarket.com.tr\/site\/wp-json\/wp\/v2\/media\/8419"}],"wp:attachment":[{"href":"https:\/\/www.makitamarket.com.tr\/site\/wp-json\/wp\/v2\/media?parent=8420"}],"wp:term":[{"taxonomy":"product_brand","embeddable":true,"href":"https:\/\/www.makitamarket.com.tr\/site\/wp-json\/wp\/v2\/product_brand?post=8420"},{"taxonomy":"product_cat","embeddable":true,"href":"https:\/\/www.makitamarket.com.tr\/site\/wp-json\/wp\/v2\/product_cat?post=8420"},{"taxonomy":"product_tag","embeddable":true,"href":"https:\/\/www.makitamarket.com.tr\/site\/wp-json\/wp\/v2\/product_tag?post=8420"}],"curies":[{"name":"wp","href":"https:\/\/api.w.org\/{rel}","templated":true}]}}