{"id":8434,"date":"2024-11-27T19:45:29","date_gmt":"2024-11-27T16:45:29","guid":{"rendered":"https:\/\/www.makitamarket.com.tr\/site\/urun\/honeywell-titan-eko1-bel-tipi-emniyet-kemeri\/"},"modified":"2026-04-21T00:22:06","modified_gmt":"2026-04-20T21:22:06","slug":"honeywell-titan-eko1-bel-tipi-emniyet-kemeri","status":"publish","type":"product","link":"https:\/\/www.makitamarket.com.tr\/site\/urun\/honeywell-titan-eko1-bel-tipi-emniyet-kemeri\/","title":{"rendered":"Honeywell 1008232 TITAN EKO1 BEL T\u0130P\u0130 EMN\u0130YET KEMER\u0130"},"content":{"rendered":"<p>Titan pozisyon alma kemeri.Bel k\u0131sm\u0131n\u0131 destekleyerek konfor sa\u011flar.<\/p>\n<table>\n<tr>\n<td>Standard\u0131<\/td>\n<td>CE EN 358<\/td>\n<\/tr>\n<tr>\n<td>Paket Adedi<\/td>\n<td>1<\/td>\n<\/tr>\n<\/table>\n","protected":false},"excerpt":{"rendered":"<p>Titan pozisyon alma kemeri.Bel k\u0131sm\u0131n\u0131 destekleyerek konfor sa\u011flar.<\/p>\n","protected":false},"featured_media":8433,"comment_status":"open","ping_status":"closed","template":"","meta":{"_acf_changed":false},"product_brand":[1516],"product_cat":[1565],"product_tag":[],"class_list":{"0":"post-8434","1":"product","2":"type-product","3":"status-publish","4":"has-post-thumbnail","6":"product_brand-honeywell","7":"product_cat-yok-yok","9":"first","10":"instock","11":"taxable","12":"shipping-taxable","13":"purchasable","14":"product-type-simple","15":"add-to-wishlist-after_add_to_cart"},"acf":[],"_links":{"self":[{"href":"https:\/\/www.makitamarket.com.tr\/site\/wp-json\/wp\/v2\/product\/8434","targetHints":{"allow":["GET"]}}],"collection":[{"href":"https:\/\/www.makitamarket.com.tr\/site\/wp-json\/wp\/v2\/product"}],"about":[{"href":"https:\/\/www.makitamarket.com.tr\/site\/wp-json\/wp\/v2\/types\/product"}],"replies":[{"embeddable":true,"href":"https:\/\/www.makitamarket.com.tr\/site\/wp-json\/wp\/v2\/comments?post=8434"}],"wp:featuredmedia":[{"embeddable":true,"href":"https:\/\/www.makitamarket.com.tr\/site\/wp-json\/wp\/v2\/media\/8433"}],"wp:attachment":[{"href":"https:\/\/www.makitamarket.com.tr\/site\/wp-json\/wp\/v2\/media?parent=8434"}],"wp:term":[{"taxonomy":"product_brand","embeddable":true,"href":"https:\/\/www.makitamarket.com.tr\/site\/wp-json\/wp\/v2\/product_brand?post=8434"},{"taxonomy":"product_cat","embeddable":true,"href":"https:\/\/www.makitamarket.com.tr\/site\/wp-json\/wp\/v2\/product_cat?post=8434"},{"taxonomy":"product_tag","embeddable":true,"href":"https:\/\/www.makitamarket.com.tr\/site\/wp-json\/wp\/v2\/product_tag?post=8434"}],"curies":[{"name":"wp","href":"https:\/\/api.w.org\/{rel}","templated":true}]}}