{"id":8444,"date":"2024-11-27T19:45:32","date_gmt":"2024-11-27T16:45:32","guid":{"rendered":"https:\/\/www.makitamarket.com.tr\/site\/urun\/makita-benzinli-yan-tirpan-39-0-cc-2-5-hp\/"},"modified":"2025-11-16T04:28:52","modified_gmt":"2025-11-16T01:28:52","slug":"makita-benzinli-yan-tirpan-39-0-cc-2-5-hp","status":"publish","type":"product","link":"https:\/\/www.makitamarket.com.tr\/site\/urun\/makita-benzinli-yan-tirpan-39-0-cc-2-5-hp\/","title":{"rendered":"Makita DBC400 BENZ\u0130NL\u0130 YAN TIRPAN 39.0 cc\/2.5 hp"},"content":{"rendered":"<table>\n<tr>\n<td>Motor tipi<\/td>\n<td>2 Zamanl\u0131, Benzinli<\/td>\n<\/tr>\n<tr>\n<td>Motor G\u00fcc\u00fc<\/td>\n<td>39.0 CC 1.8 kW 2.5 Hp<\/td>\n<\/tr>\n<tr>\n<td>Benzin Kapasitesi<\/td>\n<td>0.5 L<\/td>\n<\/tr>\n<tr>\n<td>Kar\u0131\u015f\u0131m Oran\u0131<\/td>\n<td>50:1 L<\/td>\n<\/tr>\n<tr>\n<td>A\u011f\u0131rl\u0131k<\/td>\n<td>6.7 Kg<\/td>\n<\/tr>\n<tr>\n<td>Titre\u015fim<\/td>\n<td>5.0 m\/s2<\/td>\n<\/tr>\n<tr>\n<td>Ses D\u00fczeyi<\/td>\n<td>98dBA<\/td>\n<\/tr>\n<tr>\n<td>\u00d6l\u00e7\u00fcler (LxWxH)<\/td>\n<td>1.890x670x470mm<\/td>\n<\/tr>\n<tr>\n<td>Kullan\u0131m Alan\u0131<\/td>\n<td>D\u00fcz ve engebeli yerler<\/td>\n<\/tr>\n<tr>\n<td>Kullan\u0131m Amac\u0131<\/td>\n<td>Profesyonel<\/td>\n<\/tr>\n<\/table>\n","protected":false},"excerpt":{"rendered":"<p>Motor tipi 2 Zamanl\u0131, Benzinli Motor G\u00fcc\u00fc 39.0 CC 1.8 kW 2.5 Hp Benzin Kapasitesi 0.5 L Kar\u0131\u015f\u0131m Oran\u0131 50:1 L A\u011f\u0131rl\u0131k 6.7 Kg Titre\u015fim 5.0 m\/s2 Ses D\u00fczeyi 98dBA<\/p>\n","protected":false},"featured_media":8443,"comment_status":"open","ping_status":"closed","template":"","meta":{"_acf_changed":false},"product_brand":[1485],"product_cat":[856],"product_tag":[],"class_list":{"0":"post-8444","1":"product","2":"type-product","3":"status-publish","4":"has-post-thumbnail","6":"product_brand-makita","7":"product_cat-benzinli-motorlu-tirpanlar","9":"first","10":"outofstock","11":"taxable","12":"shipping-taxable","13":"purchasable","14":"product-type-simple","15":"add-to-wishlist-after_add_to_cart"},"acf":[],"_links":{"self":[{"href":"https:\/\/www.makitamarket.com.tr\/site\/wp-json\/wp\/v2\/product\/8444","targetHints":{"allow":["GET"]}}],"collection":[{"href":"https:\/\/www.makitamarket.com.tr\/site\/wp-json\/wp\/v2\/product"}],"about":[{"href":"https:\/\/www.makitamarket.com.tr\/site\/wp-json\/wp\/v2\/types\/product"}],"replies":[{"embeddable":true,"href":"https:\/\/www.makitamarket.com.tr\/site\/wp-json\/wp\/v2\/comments?post=8444"}],"wp:featuredmedia":[{"embeddable":true,"href":"https:\/\/www.makitamarket.com.tr\/site\/wp-json\/wp\/v2\/media\/8443"}],"wp:attachment":[{"href":"https:\/\/www.makitamarket.com.tr\/site\/wp-json\/wp\/v2\/media?parent=8444"}],"wp:term":[{"taxonomy":"product_brand","embeddable":true,"href":"https:\/\/www.makitamarket.com.tr\/site\/wp-json\/wp\/v2\/product_brand?post=8444"},{"taxonomy":"product_cat","embeddable":true,"href":"https:\/\/www.makitamarket.com.tr\/site\/wp-json\/wp\/v2\/product_cat?post=8444"},{"taxonomy":"product_tag","embeddable":true,"href":"https:\/\/www.makitamarket.com.tr\/site\/wp-json\/wp\/v2\/product_tag?post=8444"}],"curies":[{"name":"wp","href":"https:\/\/api.w.org\/{rel}","templated":true}]}}