{"id":8451,"date":"2024-11-27T19:45:34","date_gmt":"2024-11-27T16:45:34","guid":{"rendered":"https:\/\/www.makitamarket.com.tr\/site\/urun\/ozco-gu20-universal-bileme-makinasi\/"},"modified":"2026-04-06T12:18:16","modified_gmt":"2026-04-06T09:18:16","slug":"ozco-gu20-universal-bileme-makinasi","status":"publish","type":"product","link":"https:\/\/www.makitamarket.com.tr\/site\/urun\/ozco-gu20-universal-bileme-makinasi\/","title":{"rendered":"Ozco GU20 GU20 \u00dcniversal Bileme Makinas\u0131"},"content":{"rendered":"<table>\n<tr>\n<td>Motor G\u00fcc\u00fc<\/td>\n<td>250 W<\/td>\n<\/tr>\n<tr>\n<td>Voltaj<\/td>\n<td>230<\/td>\n<\/tr>\n<tr>\n<td>H\u0131z<\/td>\n<td>5200<\/td>\n<\/tr>\n<tr>\n<td>Tepe A\u00e7\u0131s\u0131<\/td>\n<td>0\u00b0-180\u00b0<\/td>\n<\/tr>\n<tr>\n<td>Kanal A\u00e7\u0131s\u0131<\/td>\n<td>0\u00b0-45\u00b0<\/td>\n<\/tr>\n<tr>\n<td>Negatif A\u00e7\u0131s\u0131<\/td>\n<td>0\u00b0-25\u00b0<\/td>\n<\/tr>\n<tr>\n<td>Pens Kapasitesi (maks.)<\/td>\n<td>\u00d818 <\/td>\n<\/tr>\n<tr>\n<td>Bileme Kapasitesi (maks.)<\/td>\n<td>\u00d818 <\/td>\n<\/tr>\n<tr>\n<td>\u00d6l\u00e7\u00fcler (UxGxY)<\/td>\n<td>550x460x490<\/td>\n<\/tr>\n<tr>\n<td>Net A\u011f\u0131rl\u0131k<\/td>\n<td>55<\/td>\n<\/tr>\n<\/table>\n","protected":false},"excerpt":{"rendered":"<p>Motor G\u00fcc\u00fc 250 W Voltaj 230 H\u0131z 5200 Tepe A\u00e7\u0131s\u0131 0\u00b0-180\u00b0 Kanal A\u00e7\u0131s\u0131 0\u00b0-45\u00b0 Negatif A\u00e7\u0131s\u0131 0\u00b0-25\u00b0 Pens Kapasitesi (maks.) \u00d818 Bileme Kapasitesi (maks.) \u00d818 \u00d6l\u00e7\u00fcler (UxGxY) 550x460x490 Net A\u011f\u0131rl\u0131k<\/p>\n","protected":false},"featured_media":0,"comment_status":"open","ping_status":"closed","template":"","meta":{"_acf_changed":false},"product_brand":[1532],"product_cat":[1565],"product_tag":[],"class_list":{"0":"post-8451","1":"product","2":"type-product","3":"status-publish","5":"product_brand-ozco","6":"product_cat-yok-yok","8":"first","9":"outofstock","10":"taxable","11":"shipping-taxable","12":"purchasable","13":"product-type-simple","14":"add-to-wishlist-after_add_to_cart"},"acf":[],"_links":{"self":[{"href":"https:\/\/www.makitamarket.com.tr\/site\/wp-json\/wp\/v2\/product\/8451","targetHints":{"allow":["GET"]}}],"collection":[{"href":"https:\/\/www.makitamarket.com.tr\/site\/wp-json\/wp\/v2\/product"}],"about":[{"href":"https:\/\/www.makitamarket.com.tr\/site\/wp-json\/wp\/v2\/types\/product"}],"replies":[{"embeddable":true,"href":"https:\/\/www.makitamarket.com.tr\/site\/wp-json\/wp\/v2\/comments?post=8451"}],"wp:attachment":[{"href":"https:\/\/www.makitamarket.com.tr\/site\/wp-json\/wp\/v2\/media?parent=8451"}],"wp:term":[{"taxonomy":"product_brand","embeddable":true,"href":"https:\/\/www.makitamarket.com.tr\/site\/wp-json\/wp\/v2\/product_brand?post=8451"},{"taxonomy":"product_cat","embeddable":true,"href":"https:\/\/www.makitamarket.com.tr\/site\/wp-json\/wp\/v2\/product_cat?post=8451"},{"taxonomy":"product_tag","embeddable":true,"href":"https:\/\/www.makitamarket.com.tr\/site\/wp-json\/wp\/v2\/product_tag?post=8451"}],"curies":[{"name":"wp","href":"https:\/\/api.w.org\/{rel}","templated":true}]}}