{"id":8462,"date":"2024-11-27T19:45:44","date_gmt":"2024-11-27T16:45:44","guid":{"rendered":"https:\/\/www.makitamarket.com.tr\/site\/urun\/probox-avadanlik-no6\/"},"modified":"2025-11-16T04:30:19","modified_gmt":"2025-11-16T01:30:19","slug":"probox-avadanlik-no6","status":"publish","type":"product","link":"https:\/\/www.makitamarket.com.tr\/site\/urun\/probox-avadanlik-no6\/","title":{"rendered":"Probox PX90555 AVADANLIK NO6"},"content":{"rendered":"<table>\n<tr>\n<td>\u00d6l\u00e7\u00fcs\u00fc<\/td>\n<td>NO6 (310 x 490 x 190 cm.)<\/td>\n<\/tr>\n<tr>\n<td>Koli \u0130\u00e7i Adedi<\/td>\n<td>12 ad.<\/td>\n<\/tr>\n<\/table>\n","protected":false},"excerpt":{"rendered":"<p>\u00d6l\u00e7\u00fcs\u00fc NO6 (310 x 490 x 190 cm.) Koli \u0130\u00e7i Adedi 12 ad.<\/p>\n","protected":false},"featured_media":8461,"comment_status":"open","ping_status":"closed","template":"","meta":{"_acf_changed":false},"product_brand":[1503],"product_cat":[823],"product_tag":[],"class_list":{"0":"post-8462","1":"product","2":"type-product","3":"status-publish","4":"has-post-thumbnail","6":"product_brand-probox","7":"product_cat-avadanliklar","9":"first","10":"outofstock","11":"taxable","12":"shipping-taxable","13":"purchasable","14":"product-type-simple","15":"add-to-wishlist-after_add_to_cart"},"acf":[],"_links":{"self":[{"href":"https:\/\/www.makitamarket.com.tr\/site\/wp-json\/wp\/v2\/product\/8462","targetHints":{"allow":["GET"]}}],"collection":[{"href":"https:\/\/www.makitamarket.com.tr\/site\/wp-json\/wp\/v2\/product"}],"about":[{"href":"https:\/\/www.makitamarket.com.tr\/site\/wp-json\/wp\/v2\/types\/product"}],"replies":[{"embeddable":true,"href":"https:\/\/www.makitamarket.com.tr\/site\/wp-json\/wp\/v2\/comments?post=8462"}],"wp:featuredmedia":[{"embeddable":true,"href":"https:\/\/www.makitamarket.com.tr\/site\/wp-json\/wp\/v2\/media\/8461"}],"wp:attachment":[{"href":"https:\/\/www.makitamarket.com.tr\/site\/wp-json\/wp\/v2\/media?parent=8462"}],"wp:term":[{"taxonomy":"product_brand","embeddable":true,"href":"https:\/\/www.makitamarket.com.tr\/site\/wp-json\/wp\/v2\/product_brand?post=8462"},{"taxonomy":"product_cat","embeddable":true,"href":"https:\/\/www.makitamarket.com.tr\/site\/wp-json\/wp\/v2\/product_cat?post=8462"},{"taxonomy":"product_tag","embeddable":true,"href":"https:\/\/www.makitamarket.com.tr\/site\/wp-json\/wp\/v2\/product_tag?post=8462"}],"curies":[{"name":"wp","href":"https:\/\/api.w.org\/{rel}","templated":true}]}}