{"id":8483,"date":"2024-11-27T19:45:53","date_gmt":"2024-11-27T16:45:53","guid":{"rendered":"https:\/\/www.makitamarket.com.tr\/site\/urun\/kama-by-reis-yuksek-basincli-dizel-motopomp-80-3\/"},"modified":"2026-04-06T12:19:04","modified_gmt":"2026-04-06T09:19:04","slug":"kama-by-reis-yuksek-basincli-dizel-motopomp-80-3","status":"publish","type":"product","link":"https:\/\/www.makitamarket.com.tr\/site\/urun\/kama-by-reis-yuksek-basincli-dizel-motopomp-80-3\/","title":{"rendered":"Kama By Reis KDL30HPE Y\u00dcKSEK BASIN\u00c7LI D\u0130ZEL MOTOPOMP 80\/3&#8243;"},"content":{"rendered":"<p>\u00dcr\u00fcn ak\u00fcs\u00fczd\u00fcr.<\/p>\n<table>\n<tr>\n<td>Giri\u015f &#8211;  \u00c7\u0131k\u0131\u015f \u00c7ap\u0131 \/ mm \/ inch (&#8220;)<\/td>\n<td>80 \/ 3.0<\/td>\n<\/tr>\n<tr>\n<td>Max. Basma Y\u00fcksekli\u011fi (m)<\/td>\n<td>60<\/td>\n<\/tr>\n<tr>\n<td>Maksimum Debi (m3\/h)<\/td>\n<td>40<\/td>\n<\/tr>\n<tr>\n<td>Max. Emme Derinli\u011fi (m)<\/td>\n<td>8<\/td>\n<\/tr>\n<tr>\n<td>Motor<\/td>\n<td>4 zamanl\u0131 1 silindirli Hava so\u011futmal\u0131 Direk Enjeksiyonlu Dizel motor<\/td>\n<\/tr>\n<tr>\n<td>Motor tipi<\/td>\n<td>186F<\/td>\n<\/tr>\n<tr>\n<td>Motor G\u00fcc\u00fc (HP)<\/td>\n<td>10<\/td>\n<\/tr>\n<tr>\n<td>Yak\u0131t Cinsi<\/td>\n<td>Euro Dizel<\/td>\n<\/tr>\n<tr>\n<td>\u00c7al\u0131\u015ft\u0131rma \u015eekli<\/td>\n<td>\u0130pli \/ Mar\u015fl\u0131<\/td>\n<\/tr>\n<tr>\n<td>Yak\u0131t Kapasitesi (Lt)<\/td>\n<td>5.5<\/td>\n<\/tr>\n<tr>\n<td>Ya\u011f Kapasitesi ( Lt )<\/td>\n<td>1,1<\/td>\n<\/tr>\n<tr>\n<td>Boyutlar (UxGxY)(mm)<\/td>\n<td>645x475x605<\/td>\n<\/tr>\n<tr>\n<td>A\u011f\u0131rl\u0131k<\/td>\n<td>70<\/td>\n<\/tr>\n<\/table>\n","protected":false},"excerpt":{"rendered":"<p>\u00dcr\u00fcn ak\u00fcs\u00fczd\u00fcr.<\/p>\n","protected":false},"featured_media":8482,"comment_status":"open","ping_status":"closed","template":"","meta":{"_acf_changed":false},"product_brand":[1500],"product_cat":[865],"product_tag":[],"class_list":{"0":"post-8483","1":"product","2":"type-product","3":"status-publish","4":"has-post-thumbnail","6":"product_brand-kama-by-reis","7":"product_cat-dizel","9":"first","10":"outofstock","11":"taxable","12":"shipping-taxable","13":"purchasable","14":"product-type-simple","15":"add-to-wishlist-after_add_to_cart"},"acf":[],"_links":{"self":[{"href":"https:\/\/www.makitamarket.com.tr\/site\/wp-json\/wp\/v2\/product\/8483","targetHints":{"allow":["GET"]}}],"collection":[{"href":"https:\/\/www.makitamarket.com.tr\/site\/wp-json\/wp\/v2\/product"}],"about":[{"href":"https:\/\/www.makitamarket.com.tr\/site\/wp-json\/wp\/v2\/types\/product"}],"replies":[{"embeddable":true,"href":"https:\/\/www.makitamarket.com.tr\/site\/wp-json\/wp\/v2\/comments?post=8483"}],"wp:featuredmedia":[{"embeddable":true,"href":"https:\/\/www.makitamarket.com.tr\/site\/wp-json\/wp\/v2\/media\/8482"}],"wp:attachment":[{"href":"https:\/\/www.makitamarket.com.tr\/site\/wp-json\/wp\/v2\/media?parent=8483"}],"wp:term":[{"taxonomy":"product_brand","embeddable":true,"href":"https:\/\/www.makitamarket.com.tr\/site\/wp-json\/wp\/v2\/product_brand?post=8483"},{"taxonomy":"product_cat","embeddable":true,"href":"https:\/\/www.makitamarket.com.tr\/site\/wp-json\/wp\/v2\/product_cat?post=8483"},{"taxonomy":"product_tag","embeddable":true,"href":"https:\/\/www.makitamarket.com.tr\/site\/wp-json\/wp\/v2\/product_tag?post=8483"}],"curies":[{"name":"wp","href":"https:\/\/api.w.org\/{rel}","templated":true}]}}