{"id":8486,"date":"2024-11-27T19:45:56","date_gmt":"2024-11-27T16:45:56","guid":{"rendered":"https:\/\/www.makitamarket.com.tr\/site\/urun\/fini-fini-skm-10-100-2m-kasnakli-yagli-kompresor\/"},"modified":"2025-11-16T04:30:22","modified_gmt":"2025-11-16T01:30:22","slug":"fini-fini-skm-10-100-2m-kasnakli-yagli-kompresor","status":"publish","type":"product","link":"https:\/\/www.makitamarket.com.tr\/site\/urun\/fini-fini-skm-10-100-2m-kasnakli-yagli-kompresor\/","title":{"rendered":"Fini SKM 100 2M FINI SKM 10 &#8211; 100 2M KASNAKLI YA\u011eLI KOMPRES\u00d6R"},"content":{"rendered":"<table>\n<tr>\n<td>G\u00fc\u00e7<\/td>\n<td>1.5kW \/ 2.0Hp<\/td>\n<\/tr>\n<tr>\n<td>Hava giri\u015fi (lt\/d-m3\/saat)<\/td>\n<td>240 \/ 14.4<\/td>\n<\/tr>\n<tr>\n<td>Bas\u0131n\u00e7 (bar-psi)<\/td>\n<td>10\/145<\/td>\n<\/tr>\n<tr>\n<td>\u00d6l\u00e7\u00fcler<\/td>\n<td>113 x 48 x 82 cm<\/td>\n<\/tr>\n<tr>\n<td>Net A\u011f\u0131rl\u0131k<\/td>\n<td>73 kg<\/td>\n<\/tr>\n<tr>\n<td>Depo Hacmi<\/td>\n<td>100 lt<\/td>\n<\/tr>\n<tr>\n<td>Ses D\u00fczeyi (dbA)<\/td>\n<td>79<\/td>\n<\/tr>\n<\/table>\n","protected":false},"excerpt":{"rendered":"<p>G\u00fc\u00e7 1.5kW \/ 2.0Hp Hava giri\u015fi (lt\/d-m3\/saat) 240 \/ 14.4 Bas\u0131n\u00e7 (bar-psi) 10\/145 \u00d6l\u00e7\u00fcler 113 x 48 x 82 cm Net A\u011f\u0131rl\u0131k 73 kg Depo Hacmi 100 lt Ses D\u00fczeyi<\/p>\n","protected":false},"featured_media":8485,"comment_status":"open","ping_status":"closed","template":"","meta":{"_acf_changed":false},"product_brand":[1505],"product_cat":[756],"product_tag":[],"class_list":{"0":"post-8486","1":"product","2":"type-product","3":"status-publish","4":"has-post-thumbnail","6":"product_brand-fini","7":"product_cat-kompresorler","9":"first","10":"outofstock","11":"taxable","12":"shipping-taxable","13":"purchasable","14":"product-type-simple","15":"add-to-wishlist-after_add_to_cart"},"acf":[],"_links":{"self":[{"href":"https:\/\/www.makitamarket.com.tr\/site\/wp-json\/wp\/v2\/product\/8486","targetHints":{"allow":["GET"]}}],"collection":[{"href":"https:\/\/www.makitamarket.com.tr\/site\/wp-json\/wp\/v2\/product"}],"about":[{"href":"https:\/\/www.makitamarket.com.tr\/site\/wp-json\/wp\/v2\/types\/product"}],"replies":[{"embeddable":true,"href":"https:\/\/www.makitamarket.com.tr\/site\/wp-json\/wp\/v2\/comments?post=8486"}],"wp:featuredmedia":[{"embeddable":true,"href":"https:\/\/www.makitamarket.com.tr\/site\/wp-json\/wp\/v2\/media\/8485"}],"wp:attachment":[{"href":"https:\/\/www.makitamarket.com.tr\/site\/wp-json\/wp\/v2\/media?parent=8486"}],"wp:term":[{"taxonomy":"product_brand","embeddable":true,"href":"https:\/\/www.makitamarket.com.tr\/site\/wp-json\/wp\/v2\/product_brand?post=8486"},{"taxonomy":"product_cat","embeddable":true,"href":"https:\/\/www.makitamarket.com.tr\/site\/wp-json\/wp\/v2\/product_cat?post=8486"},{"taxonomy":"product_tag","embeddable":true,"href":"https:\/\/www.makitamarket.com.tr\/site\/wp-json\/wp\/v2\/product_tag?post=8486"}],"curies":[{"name":"wp","href":"https:\/\/api.w.org\/{rel}","templated":true}]}}