{"id":8495,"date":"2024-11-27T19:46:02","date_gmt":"2024-11-27T16:46:02","guid":{"rendered":"https:\/\/www.makitamarket.com.tr\/site\/urun\/biglift-alcak-sase-transpalet\/"},"modified":"2026-03-30T07:18:31","modified_gmt":"2026-03-30T04:18:31","slug":"biglift-alcak-sase-transpalet","status":"publish","type":"product","link":"https:\/\/www.makitamarket.com.tr\/site\/urun\/biglift-alcak-sase-transpalet\/","title":{"rendered":"Biglift RM-AC-LOW-51MM AL\u00c7AK \u015eASE TRANSPALET"},"content":{"rendered":"<p>Al\u00e7ak \u015fase transpalet, standart paletlerin yan\u0131 s\u0131ra daha d\u00fc\u015f\u00fck profilli paletlerin veya y\u00fcklerin ta\u015f\u0131nmas\u0131 i\u00e7in \u00f6zel olarak tasarlanm\u0131\u015f bir transpalet modelidir.1500 kg kald\u0131rma kapasitesiyle minimum \u00e7atal y\u00fcksekli\u011fi 51 mm olan bu transpalet yerden y\u00fckseklikleri standart paletlerden daha d\u00fc\u015f\u00fck olan \u00f6zel paletlerin veya y\u00fcklerin ta\u015f\u0131nmas\u0131nda kullan\u0131lmaktad\u0131r.<\/p>\n<table>\n<tr>\n<td>Kald\u0131rma Kapasitesi<\/td>\n<td>1500<\/td>\n<\/tr>\n<tr>\n<td>Min \u00c7atal Y\u00fcksekli\u011fi<\/td>\n<td>51<\/td>\n<\/tr>\n<tr>\n<td>Max \u00c7atal Y\u00fcksekli\u011fi<\/td>\n<td>165<\/td>\n<\/tr>\n<tr>\n<td>Y\u00f6n Tekerle\u011fi<\/td>\n<td>180&#215;50<\/td>\n<\/tr>\n<tr>\n<td>Y\u00fck Tekerle\u011fi<\/td>\n<td>50&#215;70<\/td>\n<\/tr>\n<tr>\n<td>\u00c7atal \u00d6l\u00e7\u00fcs\u00fc<\/td>\n<td>160&#215;37<\/td>\n<\/tr>\n<tr>\n<td>\u00c7atal Boyu<\/td>\n<td>1150<\/td>\n<\/tr>\n<tr>\n<td>\u00c7atal Geni\u015fli\u011fi<\/td>\n<td>540<\/td>\n<\/tr>\n<\/table>\n","protected":false},"excerpt":{"rendered":"<p>Al\u00e7ak \u015fase transpalet, standart paletlerin yan\u0131 s\u0131ra daha d\u00fc\u015f\u00fck profilli paletlerin veya y\u00fcklerin ta\u015f\u0131nmas\u0131 i\u00e7in \u00f6zel olarak tasarlanm\u0131\u015f bir transpalet modelidir.1500 kg kald\u0131rma kapasitesiyle minimum \u00e7atal y\u00fcksekli\u011fi 51 mm olan bu transpalet yerden y\u00fckseklikleri standart paletlerden daha d\u00fc\u015f\u00fck olan \u00f6zel paletlerin veya y\u00fcklerin ta\u015f\u0131nmas\u0131nda kullan\u0131lmaktad\u0131r.<\/p>\n","protected":false},"featured_media":8807,"comment_status":"open","ping_status":"closed","template":"","meta":{"_acf_changed":false},"product_brand":[1490],"product_cat":[746],"product_tag":[],"class_list":{"0":"post-8495","1":"product","2":"type-product","3":"status-publish","4":"has-post-thumbnail","6":"product_brand-biglift","7":"product_cat-transpaletler","9":"first","10":"instock","11":"taxable","12":"shipping-taxable","13":"purchasable","14":"product-type-simple","15":"add-to-wishlist-after_add_to_cart"},"acf":[],"_links":{"self":[{"href":"https:\/\/www.makitamarket.com.tr\/site\/wp-json\/wp\/v2\/product\/8495","targetHints":{"allow":["GET"]}}],"collection":[{"href":"https:\/\/www.makitamarket.com.tr\/site\/wp-json\/wp\/v2\/product"}],"about":[{"href":"https:\/\/www.makitamarket.com.tr\/site\/wp-json\/wp\/v2\/types\/product"}],"replies":[{"embeddable":true,"href":"https:\/\/www.makitamarket.com.tr\/site\/wp-json\/wp\/v2\/comments?post=8495"}],"wp:featuredmedia":[{"embeddable":true,"href":"https:\/\/www.makitamarket.com.tr\/site\/wp-json\/wp\/v2\/media\/8807"}],"wp:attachment":[{"href":"https:\/\/www.makitamarket.com.tr\/site\/wp-json\/wp\/v2\/media?parent=8495"}],"wp:term":[{"taxonomy":"product_brand","embeddable":true,"href":"https:\/\/www.makitamarket.com.tr\/site\/wp-json\/wp\/v2\/product_brand?post=8495"},{"taxonomy":"product_cat","embeddable":true,"href":"https:\/\/www.makitamarket.com.tr\/site\/wp-json\/wp\/v2\/product_cat?post=8495"},{"taxonomy":"product_tag","embeddable":true,"href":"https:\/\/www.makitamarket.com.tr\/site\/wp-json\/wp\/v2\/product_tag?post=8495"}],"curies":[{"name":"wp","href":"https:\/\/api.w.org\/{rel}","templated":true}]}}