{"id":8503,"date":"2024-11-27T19:46:04","date_gmt":"2024-11-27T16:46:04","guid":{"rendered":"https:\/\/www.makitamarket.com.tr\/site\/urun\/clipper-norton-clipper-tt250g-kesme-tezgahi\/"},"modified":"2025-11-16T04:30:23","modified_gmt":"2025-11-16T01:30:23","slug":"clipper-norton-clipper-tt250g-kesme-tezgahi","status":"publish","type":"product","link":"https:\/\/www.makitamarket.com.tr\/site\/urun\/clipper-norton-clipper-tt250g-kesme-tezgahi\/","title":{"rendered":"Clipper TT250 G NORTON CLIPPER TT250G KESME TEZGAHI"},"content":{"rendered":"<div>\n\t\u2022 Sulu kesim<\/div>\n<div>\n\t\u2022 1 adet elmas testere<\/div>\n<table>\n<tr>\n<td>Voltaj<\/td>\n<td>230 V<\/td>\n<\/tr>\n<tr>\n<td>G\u00fc\u00e7<\/td>\n<td>1000W<\/td>\n<\/tr>\n<tr>\n<td>Maksimum Kesme Derinli\u011fi 45\u00b0<\/td>\n<td>35mm<\/td>\n<\/tr>\n<tr>\n<td>G\u00f6bek \u00e7ap\u0131<\/td>\n<td>25.4mm<\/td>\n<\/tr>\n<tr>\n<td>A\u011f\u0131rl\u0131k<\/td>\n<td>26kg<\/td>\n<\/tr>\n<tr>\n<td>Maksimum Kesme Derinli\u011fi 90\u00b0<\/td>\n<td>55mm<\/td>\n<\/tr>\n<tr>\n<td>Maksimum B\u0131\u00e7ak \u00e7ap\u0131<\/td>\n<td>250mm<\/td>\n<\/tr>\n<tr>\n<td>Bo\u015fta Devir<\/td>\n<td>2.950 dv\/dk<\/td>\n<\/tr>\n<tr>\n<td>Tabla boyutlar\u0131<\/td>\n<td>560&#215;500 mm<\/td>\n<\/tr>\n<tr>\n<td>\u00d6l\u00e7\u00fcler<\/td>\n<td>620x600x355 mm<\/td>\n<\/tr>\n<\/table>\n","protected":false},"excerpt":{"rendered":"<div>\n\t\u2022 Sulu kesim<\/div>\n<div>\n\t\u2022 1 adet elmas testere<\/div>\n","protected":false},"featured_media":8502,"comment_status":"open","ping_status":"closed","template":"","meta":{"_acf_changed":false},"product_brand":[1497],"product_cat":[1565],"product_tag":[],"class_list":{"0":"post-8503","1":"product","2":"type-product","3":"status-publish","4":"has-post-thumbnail","6":"product_brand-clipper","7":"product_cat-yok-yok","9":"first","10":"outofstock","11":"taxable","12":"shipping-taxable","13":"purchasable","14":"product-type-simple","15":"add-to-wishlist-after_add_to_cart"},"acf":[],"_links":{"self":[{"href":"https:\/\/www.makitamarket.com.tr\/site\/wp-json\/wp\/v2\/product\/8503","targetHints":{"allow":["GET"]}}],"collection":[{"href":"https:\/\/www.makitamarket.com.tr\/site\/wp-json\/wp\/v2\/product"}],"about":[{"href":"https:\/\/www.makitamarket.com.tr\/site\/wp-json\/wp\/v2\/types\/product"}],"replies":[{"embeddable":true,"href":"https:\/\/www.makitamarket.com.tr\/site\/wp-json\/wp\/v2\/comments?post=8503"}],"wp:featuredmedia":[{"embeddable":true,"href":"https:\/\/www.makitamarket.com.tr\/site\/wp-json\/wp\/v2\/media\/8502"}],"wp:attachment":[{"href":"https:\/\/www.makitamarket.com.tr\/site\/wp-json\/wp\/v2\/media?parent=8503"}],"wp:term":[{"taxonomy":"product_brand","embeddable":true,"href":"https:\/\/www.makitamarket.com.tr\/site\/wp-json\/wp\/v2\/product_brand?post=8503"},{"taxonomy":"product_cat","embeddable":true,"href":"https:\/\/www.makitamarket.com.tr\/site\/wp-json\/wp\/v2\/product_cat?post=8503"},{"taxonomy":"product_tag","embeddable":true,"href":"https:\/\/www.makitamarket.com.tr\/site\/wp-json\/wp\/v2\/product_tag?post=8503"}],"curies":[{"name":"wp","href":"https:\/\/api.w.org\/{rel}","templated":true}]}}