{"id":8508,"date":"2024-11-27T19:46:05","date_gmt":"2024-11-27T16:46:05","guid":{"rendered":"https:\/\/www.makitamarket.com.tr\/site\/urun\/honeywell-titan-parasutcu-emniyet-kemeri\/"},"modified":"2026-04-06T12:19:57","modified_gmt":"2026-04-06T09:19:57","slug":"honeywell-titan-parasutcu-emniyet-kemeri","status":"publish","type":"product","link":"https:\/\/www.makitamarket.com.tr\/site\/urun\/honeywell-titan-parasutcu-emniyet-kemeri\/","title":{"rendered":"Honeywell 1011890 TITAN PARA\u015e\u00dcT\u00c7\u00dc EMN\u0130YET KEMER\u0130"},"content":{"rendered":"<p>Titan 1 Para\u015f\u00fct\u00e7\u00fc tipi emniyet kemeri arkadan ankoraj<\/p>\n<table>\n<tr>\n<td>Standard\u0131<\/td>\n<td>CE EN 361<\/td>\n<\/tr>\n<tr>\n<td>Paket Adedi<\/td>\n<td>1<\/td>\n<\/tr>\n<\/table>\n","protected":false},"excerpt":{"rendered":"<p>Titan 1 Para\u015f\u00fct\u00e7\u00fc tipi emniyet kemeri arkadan ankoraj<\/p>\n","protected":false},"featured_media":8507,"comment_status":"open","ping_status":"closed","template":"","meta":{"_acf_changed":false},"product_brand":[1516],"product_cat":[1565],"product_tag":[],"class_list":{"0":"post-8508","1":"product","2":"type-product","3":"status-publish","4":"has-post-thumbnail","6":"product_brand-honeywell","7":"product_cat-yok-yok","9":"first","10":"instock","11":"taxable","12":"shipping-taxable","13":"purchasable","14":"product-type-simple","15":"add-to-wishlist-after_add_to_cart"},"acf":[],"_links":{"self":[{"href":"https:\/\/www.makitamarket.com.tr\/site\/wp-json\/wp\/v2\/product\/8508","targetHints":{"allow":["GET"]}}],"collection":[{"href":"https:\/\/www.makitamarket.com.tr\/site\/wp-json\/wp\/v2\/product"}],"about":[{"href":"https:\/\/www.makitamarket.com.tr\/site\/wp-json\/wp\/v2\/types\/product"}],"replies":[{"embeddable":true,"href":"https:\/\/www.makitamarket.com.tr\/site\/wp-json\/wp\/v2\/comments?post=8508"}],"wp:featuredmedia":[{"embeddable":true,"href":"https:\/\/www.makitamarket.com.tr\/site\/wp-json\/wp\/v2\/media\/8507"}],"wp:attachment":[{"href":"https:\/\/www.makitamarket.com.tr\/site\/wp-json\/wp\/v2\/media?parent=8508"}],"wp:term":[{"taxonomy":"product_brand","embeddable":true,"href":"https:\/\/www.makitamarket.com.tr\/site\/wp-json\/wp\/v2\/product_brand?post=8508"},{"taxonomy":"product_cat","embeddable":true,"href":"https:\/\/www.makitamarket.com.tr\/site\/wp-json\/wp\/v2\/product_cat?post=8508"},{"taxonomy":"product_tag","embeddable":true,"href":"https:\/\/www.makitamarket.com.tr\/site\/wp-json\/wp\/v2\/product_tag?post=8508"}],"curies":[{"name":"wp","href":"https:\/\/api.w.org\/{rel}","templated":true}]}}