{"id":8519,"date":"2024-11-27T19:46:08","date_gmt":"2024-11-27T16:46:08","guid":{"rendered":"https:\/\/www.makitamarket.com.tr\/site\/urun\/rapid-u-tipi-zimba-teli-r-606-25-3-6m\/"},"modified":"2026-04-06T12:20:06","modified_gmt":"2026-04-06T09:20:06","slug":"rapid-u-tipi-zimba-teli-r-606-25-3-6m","status":"publish","type":"product","link":"https:\/\/www.makitamarket.com.tr\/site\/urun\/rapid-u-tipi-zimba-teli-r-606-25-3-6m\/","title":{"rendered":"Rapid R 606\/25-4 M U T\u0130P\u0130 ZIMBA TEL\u0130 R 606\/25 &#8211; 3.6M"},"content":{"rendered":"<table>\n<tr>\n<td>Z\u0131mba Teli Tipi<\/td>\n<td>606 serisi U tipi<\/td>\n<\/tr>\n<tr>\n<td>A\u00e7\u0131klama<\/td>\n<td>R 606\/25-3,6M 25mm<\/td>\n<\/tr>\n<tr>\n<td>Kutu \u0130\u00e7i Adedi<\/td>\n<td>3600<\/td>\n<\/tr>\n<\/table>\n","protected":false},"excerpt":{"rendered":"<p>Z\u0131mba Teli Tipi 606 serisi U tipi A\u00e7\u0131klama R 606\/25-3,6M 25mm Kutu \u0130\u00e7i Adedi 3600<\/p>\n","protected":false},"featured_media":8518,"comment_status":"open","ping_status":"closed","template":"","meta":{"_acf_changed":false},"product_brand":[1491],"product_cat":[712],"product_tag":[],"class_list":{"0":"post-8519","1":"product","2":"type-product","3":"status-publish","4":"has-post-thumbnail","6":"product_brand-rapid","7":"product_cat-zimba-tabancalari","9":"first","10":"instock","11":"taxable","12":"shipping-taxable","13":"purchasable","14":"product-type-simple","15":"add-to-wishlist-after_add_to_cart"},"acf":[],"_links":{"self":[{"href":"https:\/\/www.makitamarket.com.tr\/site\/wp-json\/wp\/v2\/product\/8519","targetHints":{"allow":["GET"]}}],"collection":[{"href":"https:\/\/www.makitamarket.com.tr\/site\/wp-json\/wp\/v2\/product"}],"about":[{"href":"https:\/\/www.makitamarket.com.tr\/site\/wp-json\/wp\/v2\/types\/product"}],"replies":[{"embeddable":true,"href":"https:\/\/www.makitamarket.com.tr\/site\/wp-json\/wp\/v2\/comments?post=8519"}],"wp:featuredmedia":[{"embeddable":true,"href":"https:\/\/www.makitamarket.com.tr\/site\/wp-json\/wp\/v2\/media\/8518"}],"wp:attachment":[{"href":"https:\/\/www.makitamarket.com.tr\/site\/wp-json\/wp\/v2\/media?parent=8519"}],"wp:term":[{"taxonomy":"product_brand","embeddable":true,"href":"https:\/\/www.makitamarket.com.tr\/site\/wp-json\/wp\/v2\/product_brand?post=8519"},{"taxonomy":"product_cat","embeddable":true,"href":"https:\/\/www.makitamarket.com.tr\/site\/wp-json\/wp\/v2\/product_cat?post=8519"},{"taxonomy":"product_tag","embeddable":true,"href":"https:\/\/www.makitamarket.com.tr\/site\/wp-json\/wp\/v2\/product_tag?post=8519"}],"curies":[{"name":"wp","href":"https:\/\/api.w.org\/{rel}","templated":true}]}}